{"id":26077,"date":"2025-04-03T15:58:05","date_gmt":"2025-04-03T15:58:05","guid":{"rendered":"https:\/\/darkskyalqueva.com\/events-and-news\/"},"modified":"2026-03-13T12:10:56","modified_gmt":"2026-03-13T12:10:56","slug":"events","status":"publish","type":"page","link":"https:\/\/darkskyalqueva.com\/en\/events\/","title":{"rendered":"Events"},"content":{"rendered":"\t\t<div data-elementor-type=\"wp-page\" data-elementor-id=\"26077\" class=\"elementor elementor-26077 elementor-22659\">\n\t\t\t\t<div class=\"elementor-element elementor-element-715cc38 e-con-full e-flex e-con e-parent\" data-id=\"715cc38\" data-element_type=\"container\" data-e-type=\"container\" data-settings=\"{&quot;background_background&quot;:&quot;classic&quot;,&quot;grandtour_ext_is_background_parallax&quot;:&quot;false&quot;,&quot;grandtour_ext_is_background_backdrop&quot;:&quot;false&quot;,&quot;grandtour_ext_is_background_on_scroll&quot;:&quot;false&quot;,&quot;grandtour_ext_link_sidemenu&quot;:&quot;false&quot;,&quot;grandtour_ext_link_fullmenu&quot;:&quot;false&quot;,&quot;grandtour_ext_link_closed_fullmenu&quot;:&quot;false&quot;,&quot;grandtour_ext_is_sticky&quot;:&quot;false&quot;,&quot;grandtour_ext_is_scrollme&quot;:&quot;false&quot;,&quot;grandtour_ext_is_smoove&quot;:&quot;false&quot;,&quot;grandtour_ext_is_parallax_mouse&quot;:&quot;false&quot;,&quot;grandtour_ext_is_infinite&quot;:&quot;false&quot;,&quot;grandtour_ext_is_fadeout_animation&quot;:&quot;false&quot;,&quot;grandtour_ext_mobile_static&quot;:&quot;false&quot;}\">\n\t\t<div class=\"elementor-element elementor-element-e4a96a1 e-con-full e-flex e-con e-child\" data-id=\"e4a96a1\" data-element_type=\"container\" data-e-type=\"container\" data-settings=\"{&quot;background_background&quot;:&quot;classic&quot;,&quot;grandtour_ext_is_background_parallax&quot;:&quot;false&quot;,&quot;grandtour_ext_is_background_backdrop&quot;:&quot;false&quot;,&quot;grandtour_ext_is_background_on_scroll&quot;:&quot;false&quot;,&quot;grandtour_ext_link_sidemenu&quot;:&quot;false&quot;,&quot;grandtour_ext_link_fullmenu&quot;:&quot;false&quot;,&quot;grandtour_ext_link_closed_fullmenu&quot;:&quot;false&quot;,&quot;grandtour_ext_is_sticky&quot;:&quot;false&quot;,&quot;grandtour_ext_is_scrollme&quot;:&quot;false&quot;,&quot;grandtour_ext_is_smoove&quot;:&quot;false&quot;,&quot;grandtour_ext_is_parallax_mouse&quot;:&quot;false&quot;,&quot;grandtour_ext_is_infinite&quot;:&quot;false&quot;,&quot;grandtour_ext_is_fadeout_animation&quot;:&quot;false&quot;,&quot;grandtour_ext_mobile_static&quot;:&quot;false&quot;}\">\n\t\t\t\t<div class=\"elementor-element elementor-element-b932ba4 elementor-widget elementor-widget-heading\" data-id=\"b932ba4\" data-element_type=\"widget\" data-e-type=\"widget\" data-settings=\"{&quot;grandtour_ext_link_sidemenu&quot;:&quot;false&quot;,&quot;grandtour_ext_link_fullmenu&quot;:&quot;false&quot;,&quot;grandtour_ext_link_closed_fullmenu&quot;:&quot;false&quot;,&quot;grandtour_ext_is_sticky&quot;:&quot;false&quot;,&quot;grandtour_ext_is_scrollme&quot;:&quot;false&quot;,&quot;grandtour_ext_is_smoove&quot;:&quot;false&quot;,&quot;grandtour_ext_is_parallax_mouse&quot;:&quot;false&quot;,&quot;grandtour_ext_is_infinite&quot;:&quot;false&quot;,&quot;grandtour_ext_is_fadeout_animation&quot;:&quot;false&quot;,&quot;grandtour_ext_mobile_static&quot;:&quot;false&quot;}\" data-widget_type=\"heading.default\">\n\t\t\t\t<div class=\"elementor-widget-container\">\n\t\t\t\t\t<h1 class=\"elementor-heading-title elementor-size-default\">Events<\/h1>\t\t\t\t<\/div>\n\t\t\t\t<\/div>\n\t\t\t\t<\/div>\n\t\t<div class=\"elementor-element elementor-element-73f6920 e-flex e-con-boxed e-con e-child\" data-id=\"73f6920\" data-element_type=\"container\" data-e-type=\"container\" data-settings=\"{&quot;grandtour_ext_is_background_parallax&quot;:&quot;false&quot;,&quot;grandtour_ext_is_background_backdrop&quot;:&quot;false&quot;,&quot;grandtour_ext_is_background_on_scroll&quot;:&quot;false&quot;,&quot;grandtour_ext_link_sidemenu&quot;:&quot;false&quot;,&quot;grandtour_ext_link_fullmenu&quot;:&quot;false&quot;,&quot;grandtour_ext_link_closed_fullmenu&quot;:&quot;false&quot;,&quot;grandtour_ext_is_sticky&quot;:&quot;false&quot;,&quot;grandtour_ext_is_scrollme&quot;:&quot;false&quot;,&quot;grandtour_ext_is_smoove&quot;:&quot;false&quot;,&quot;grandtour_ext_is_parallax_mouse&quot;:&quot;false&quot;,&quot;grandtour_ext_is_infinite&quot;:&quot;false&quot;,&quot;grandtour_ext_is_fadeout_animation&quot;:&quot;false&quot;,&quot;grandtour_ext_mobile_static&quot;:&quot;false&quot;}\">\n\t\t\t\t\t<div class=\"e-con-inner\">\n\t\t\t\t<div class=\"elementor-element elementor-element-1183eeb elementor-widget elementor-widget-heading\" data-id=\"1183eeb\" data-element_type=\"widget\" data-e-type=\"widget\" data-settings=\"{&quot;grandtour_ext_link_sidemenu&quot;:&quot;false&quot;,&quot;grandtour_ext_link_fullmenu&quot;:&quot;false&quot;,&quot;grandtour_ext_link_closed_fullmenu&quot;:&quot;false&quot;,&quot;grandtour_ext_is_sticky&quot;:&quot;false&quot;,&quot;grandtour_ext_is_scrollme&quot;:&quot;false&quot;,&quot;grandtour_ext_is_smoove&quot;:&quot;false&quot;,&quot;grandtour_ext_is_parallax_mouse&quot;:&quot;false&quot;,&quot;grandtour_ext_is_infinite&quot;:&quot;false&quot;,&quot;grandtour_ext_is_fadeout_animation&quot;:&quot;false&quot;,&quot;grandtour_ext_mobile_static&quot;:&quot;false&quot;}\" data-widget_type=\"heading.default\">\n\t\t\t\t<div class=\"elementor-widget-container\">\n\t\t\t\t\t<h2 class=\"elementor-heading-title elementor-size-default\">Upcoming<\/h2>\t\t\t\t<\/div>\n\t\t\t\t<\/div>\n\t\t\t\t<div class=\"elementor-element elementor-element-4424463 elementor-widget elementor-widget-grandtour-blog-posts\" data-id=\"4424463\" data-element_type=\"widget\" data-e-type=\"widget\" data-settings=\"{&quot;grandtour_ext_link_sidemenu&quot;:&quot;false&quot;,&quot;grandtour_ext_link_fullmenu&quot;:&quot;false&quot;,&quot;grandtour_ext_link_closed_fullmenu&quot;:&quot;false&quot;,&quot;grandtour_ext_is_sticky&quot;:&quot;false&quot;,&quot;grandtour_ext_is_scrollme&quot;:&quot;false&quot;,&quot;grandtour_ext_is_smoove&quot;:&quot;false&quot;,&quot;grandtour_ext_is_parallax_mouse&quot;:&quot;false&quot;,&quot;grandtour_ext_is_infinite&quot;:&quot;false&quot;,&quot;grandtour_ext_is_fadeout_animation&quot;:&quot;false&quot;,&quot;grandtour_ext_mobile_static&quot;:&quot;false&quot;}\" data-widget_type=\"grandtour-blog-posts.default\">\n\t\t\t\t<div class=\"elementor-widget-container\">\n\t\t\t\t\t<div class=\"blog-post-content-wrapper layout-grid\">\n<!-- Begin each blog post -->\n<div class=\"blog-posts-grid post-26792 post type-post status-publish format-standard has-post-thumbnail hentry category-events\">\n\t\n\t\t<div class=\"post-wrapper smoove \">\n\t\t\n\t\t\t\t    <div class=\"post-featured-image static\">\n\t\t\t    \t\t\t    <div class=\"post-featured-image-hover \">\n\t\t\t\t    <div class=\"post-featured-image-overlay\"><\/div>\n\t\t\t\t    \t\t\t\t    \n\t\t\t     \t\t\t\t\t     <img decoding=\"async\"  src=\"https:\/\/darkskyalqueva.com\/wp-content\/uploads\/2022\/06\/capaFace_Preseidas_2026.jpg\" class=\" \" alt=\"\"\/>\n\t\t\t\t     \t\t\t     \t\t\t\t     \t<a href=\"https:\/\/darkskyalqueva.com\/en\/eclipse-on-the-horizon-meteors-at-the-zenith-two-unforgettable-nights-beneath-the-skies-of-dark-sky-alqueva-11-and-12-august-2026\/\"><\/a>\n\t\t\t    <\/div>\n\t\t    <\/div>\n\t\t\t    \n\t    <div class=\"post-content-wrapper text-\">\n\t\t    \n\t\t    <div class=\"post-header\">\n\t\t\t    <div class=\"post-header-title\">\n\t\t\t\t    <h5><a href=\"https:\/\/darkskyalqueva.com\/en\/eclipse-on-the-horizon-meteors-at-the-zenith-two-unforgettable-nights-beneath-the-skies-of-dark-sky-alqueva-11-and-12-august-2026\/\" title=\"Eclipse on the Horizon, Meteors at the Zenith &#8211; Two Unforgettable Nights beneath the Skies of Dark Sky\u00ae Alqueva | 11 and 12 August 2026\">Eclipse on the Horizon, Meteors at the Zenith &#8211; Two Unforgettable Nights beneath the Skies of Dark Sky\u00ae Alqueva | 11 and 12 August 2026<\/a><\/h5>\n\t\t\t\t<\/div>\n\t\t\t    \n\t\t\t    \t\t\t<\/div>\n\t    \n\t\t\t<div class=\"post-header-wrapper\">\n\t\t\t\t\t\t\t\t\t\t\t    <br class=\"clear\"\/>\n\t\t\t<\/div>\n\t    <\/div>\n\t    \n\t<\/div>\n\n<\/div>\n<!-- End each blog post --><\/div>\n<br class=\"clear\"\/>\t\t\t\t<\/div>\n\t\t\t\t<\/div>\n\t\t\t\t<div class=\"elementor-element elementor-element-9115858 elementor-widget-divider--separator-type-pattern elementor-widget-divider--no-spacing elementor-widget-divider--view-line elementor-widget elementor-widget-divider\" data-id=\"9115858\" data-element_type=\"widget\" data-e-type=\"widget\" data-settings=\"{&quot;grandtour_ext_link_sidemenu&quot;:&quot;false&quot;,&quot;grandtour_ext_link_fullmenu&quot;:&quot;false&quot;,&quot;grandtour_ext_link_closed_fullmenu&quot;:&quot;false&quot;,&quot;grandtour_ext_is_sticky&quot;:&quot;false&quot;,&quot;grandtour_ext_is_scrollme&quot;:&quot;false&quot;,&quot;grandtour_ext_is_smoove&quot;:&quot;false&quot;,&quot;grandtour_ext_is_parallax_mouse&quot;:&quot;false&quot;,&quot;grandtour_ext_is_infinite&quot;:&quot;false&quot;,&quot;grandtour_ext_is_fadeout_animation&quot;:&quot;false&quot;,&quot;grandtour_ext_mobile_static&quot;:&quot;false&quot;}\" data-widget_type=\"divider.default\">\n\t\t\t\t<div class=\"elementor-widget-container\">\n\t\t\t\t\t\t\t<div class=\"elementor-divider\" style=\"--divider-pattern-url: url(&quot;data:image\/svg+xml,%3Csvg xmlns=&#039;http:\/\/www.w3.org\/2000\/svg&#039; preserveAspectRatio=&#039;xMidYMid meet&#039; overflow=&#039;visible&#039; height=&#039;100%&#039; viewBox=&#039;0 0 126 26&#039; fill=&#039;black&#039; stroke=&#039;none&#039;%3E%3Cpath d=&#039;M3,10.2c2.6,0,2.6,2,2.6,3.2S4.4,16.5,3,16.5s-3-1.4-3-3.2S0.4,10.2,3,10.2z M18.8,10.2c1.7,0,3.2,1.4,3.2,3.2s-1.4,3.2-3.2,3.2c-1.7,0-3.2-1.4-3.2-3.2S17,10.2,18.8,10.2z M34.6,10.2c1.5,0,2.6,1.4,2.6,3.2s-0.5,3.2-1.9,3.2c-1.5,0-3.4-1.4-3.4-3.2S33.1,10.2,34.6,10.2z M50.5,10.2c1.7,0,3.2,1.4,3.2,3.2s-1.4,3.2-3.2,3.2c-1.7,0-3.3-0.9-3.3-2.6S48.7,10.2,50.5,10.2z M66.2,10.2c1.5,0,3.4,1.4,3.4,3.2s-1.9,3.2-3.4,3.2c-1.5,0-2.6-0.4-2.6-2.1S64.8,10.2,66.2,10.2z M82.2,10.2c1.7,0.8,2.6,1.4,2.6,3.2s-0.1,3.2-1.6,3.2c-1.5,0-3.7-1.4-3.7-3.2S80.5,9.4,82.2,10.2zM98.6,10.2c1.5,0,2.6,0.4,2.6,2.1s-1.2,4.2-2.6,4.2c-1.5,0-3.7-0.4-3.7-2.1S97.1,10.2,98.6,10.2z M113.4,10.2c1.2,0,2.2,0.9,2.2,3.2s-0.1,3.2-1.3,3.2s-3.1-1.4-3.1-3.2S112.2,10.2,113.4,10.2z&#039;\/%3E%3C\/svg%3E&quot;);\">\n\t\t\t<span class=\"elementor-divider-separator\">\n\t\t\t\t\t\t<\/span>\n\t\t<\/div>\n\t\t\t\t\t\t<\/div>\n\t\t\t\t<\/div>\n\t\t\t\t<div class=\"elementor-element elementor-element-1f67f59 elementor-widget elementor-widget-heading\" data-id=\"1f67f59\" data-element_type=\"widget\" data-e-type=\"widget\" data-settings=\"{&quot;grandtour_ext_link_sidemenu&quot;:&quot;false&quot;,&quot;grandtour_ext_link_fullmenu&quot;:&quot;false&quot;,&quot;grandtour_ext_link_closed_fullmenu&quot;:&quot;false&quot;,&quot;grandtour_ext_is_sticky&quot;:&quot;false&quot;,&quot;grandtour_ext_is_scrollme&quot;:&quot;false&quot;,&quot;grandtour_ext_is_smoove&quot;:&quot;false&quot;,&quot;grandtour_ext_is_parallax_mouse&quot;:&quot;false&quot;,&quot;grandtour_ext_is_infinite&quot;:&quot;false&quot;,&quot;grandtour_ext_is_fadeout_animation&quot;:&quot;false&quot;,&quot;grandtour_ext_mobile_static&quot;:&quot;false&quot;}\" data-widget_type=\"heading.default\">\n\t\t\t\t<div class=\"elementor-widget-container\">\n\t\t\t\t\t<h2 class=\"elementor-heading-title elementor-size-default\">Past<\/h2>\t\t\t\t<\/div>\n\t\t\t\t<\/div>\n\t\t\t\t<div class=\"elementor-element elementor-element-5fd642d elementor-widget elementor-widget-grandtour-blog-posts\" data-id=\"5fd642d\" data-element_type=\"widget\" data-e-type=\"widget\" data-settings=\"{&quot;grandtour_ext_link_sidemenu&quot;:&quot;false&quot;,&quot;grandtour_ext_link_fullmenu&quot;:&quot;false&quot;,&quot;grandtour_ext_link_closed_fullmenu&quot;:&quot;false&quot;,&quot;grandtour_ext_is_sticky&quot;:&quot;false&quot;,&quot;grandtour_ext_is_scrollme&quot;:&quot;false&quot;,&quot;grandtour_ext_is_smoove&quot;:&quot;false&quot;,&quot;grandtour_ext_is_parallax_mouse&quot;:&quot;false&quot;,&quot;grandtour_ext_is_infinite&quot;:&quot;false&quot;,&quot;grandtour_ext_is_fadeout_animation&quot;:&quot;false&quot;,&quot;grandtour_ext_mobile_static&quot;:&quot;false&quot;}\" data-widget_type=\"grandtour-blog-posts.default\">\n\t\t\t\t<div class=\"elementor-widget-container\">\n\t\t\t\t\t<div class=\"blog-post-content-wrapper layout-grid\">\n<!-- Begin each blog post -->\n<div class=\"blog-posts-grid post-22363 post type-post status-publish format-standard has-post-thumbnail hentry category-events-past\">\n\t\n\t\t<div class=\"post-wrapper smoove \">\n\t\t\n\t\t\t\t    <div class=\"post-featured-image static\">\n\t\t\t    \t\t\t    <div class=\"post-featured-image-hover \">\n\t\t\t\t    <div class=\"post-featured-image-overlay\"><\/div>\n\t\t\t\t    \t\t\t\t    \n\t\t\t     \t\t\t\t\t     <img decoding=\"async\"  src=\"https:\/\/darkskyalqueva.com\/wp-content\/uploads\/2023\/08\/perseidas2024-1.jpg\" class=\" \" alt=\"\"\/>\n\t\t\t\t     \t\t\t     \t\t\t\t     \t<a href=\"https:\/\/darkskyalqueva.com\/en\/perseids-in-dark-sky-alqueva\/\"><\/a>\n\t\t\t    <\/div>\n\t\t    <\/div>\n\t\t\t    \n\t    <div class=\"post-content-wrapper text-\">\n\t\t    \n\t\t    <div class=\"post-header\">\n\t\t\t    <div class=\"post-header-title\">\n\t\t\t\t    <h5><a href=\"https:\/\/darkskyalqueva.com\/en\/perseids-in-dark-sky-alqueva\/\" title=\"SOLD OUT | Perseids Event at Dark Sky\u00ae Alqueva\">SOLD OUT | Perseids Event at Dark Sky\u00ae Alqueva<\/a><\/h5>\n\t\t\t\t<\/div>\n\t\t\t    \n\t\t\t    \t\t\t<\/div>\n\t    \n\t\t\t<div class=\"post-header-wrapper\">\n\t\t\t\t\t\t\t\t\t\t\t    <br class=\"clear\"\/>\n\t\t\t<\/div>\n\t    <\/div>\n\t    \n\t<\/div>\n\n<\/div>\n<!-- End each blog post --><!-- Begin each blog post -->\n<div class=\"blog-posts-grid post-26856 post type-post status-publish format-standard has-post-thumbnail hentry category-events-past\">\n\t\n\t\t<div class=\"post-wrapper smoove \">\n\t\t\n\t\t\t\t    <div class=\"post-featured-image static\">\n\t\t\t    \t\t\t    <div class=\"post-featured-image-hover \">\n\t\t\t\t    <div class=\"post-featured-image-overlay\"><\/div>\n\t\t\t\t    \t\t\t\t    \n\t\t\t     \t\t\t\t\t     <img decoding=\"async\"  src=\"https:\/\/darkskyalqueva.com\/wp-content\/uploads\/2022\/06\/Save_Date_web-1920x584_PartyAlqueva-960x584.jpg\" class=\" \" alt=\"\"\/>\n\t\t\t\t     \t\t\t     \t\t\t\t     \t<a href=\"https:\/\/darkskyalqueva.com\/en\/dark-sky-party-alqueva-2022\/\"><\/a>\n\t\t\t    <\/div>\n\t\t    <\/div>\n\t\t\t    \n\t    <div class=\"post-content-wrapper text-\">\n\t\t    \n\t\t    <div class=\"post-header\">\n\t\t\t    <div class=\"post-header-title\">\n\t\t\t\t    <h5><a href=\"https:\/\/darkskyalqueva.com\/en\/dark-sky-party-alqueva-2022\/\" title=\"Dark Sky\u00ae Party Alqueva 2022\">Dark Sky\u00ae Party Alqueva 2022<\/a><\/h5>\n\t\t\t\t<\/div>\n\t\t\t    \n\t\t\t    \t\t\t<\/div>\n\t    \n\t\t\t<div class=\"post-header-wrapper\">\n\t\t\t\t\t\t\t\t\t\t\t    <br class=\"clear\"\/>\n\t\t\t<\/div>\n\t    <\/div>\n\t    \n\t<\/div>\n\n<\/div>\n<!-- End each blog post --><!-- Begin each blog post -->\n<div class=\"blog-posts-grid post-19398 post type-post status-publish format-standard has-post-thumbnail hentry category-events-past\">\n\t\n\t\t<div class=\"post-wrapper smoove \">\n\t\t\n\t\t\t\t    <div class=\"post-featured-image static\">\n\t\t\t    \t\t\t    <div class=\"post-featured-image-hover \">\n\t\t\t\t    <div class=\"post-featured-image-overlay\"><\/div>\n\t\t\t\t    \t\t\t\t    \n\t\t\t     \t\t\t\t\t     <img decoding=\"async\"  src=\"https:\/\/darkskyalqueva.com\/wp-content\/uploads\/2017\/07\/bannerParty2017JaDisponivel.jpg\" class=\" \" alt=\"\"\/>\n\t\t\t\t     \t\t\t     \t\t\t\t     \t<a href=\"https:\/\/darkskyalqueva.com\/en\/dark-sky-party-alqueva-2017-complete-program-for-21-and-22-july-in-campinho-contact-us-free-entrance\/\"><\/a>\n\t\t\t    <\/div>\n\t\t    <\/div>\n\t\t\t    \n\t    <div class=\"post-content-wrapper text-\">\n\t\t    \n\t\t    <div class=\"post-header\">\n\t\t\t    <div class=\"post-header-title\">\n\t\t\t\t    <h5><a href=\"https:\/\/darkskyalqueva.com\/en\/dark-sky-party-alqueva-2017-complete-program-for-21-and-22-july-in-campinho-contact-us-free-entrance\/\" title=\"Dark Sky\u00ae Party Alqueva 2017 &#8211; Complete program for 21 and 22 July in Campinho. Contact Us | Free entrance\">Dark Sky\u00ae Party Alqueva 2017 &#8211; Complete program for 21 and 22 July in Campinho. Contact Us | Free entrance<\/a><\/h5>\n\t\t\t\t<\/div>\n\t\t\t    \n\t\t\t    \t\t\t<\/div>\n\t    \n\t\t\t<div class=\"post-header-wrapper\">\n\t\t\t\t\t\t\t\t\t\t\t    <br class=\"clear\"\/>\n\t\t\t<\/div>\n\t    <\/div>\n\t    \n\t<\/div>\n\n<\/div>\n<!-- End each blog post --><!-- Begin each blog post -->\n<div class=\"blog-posts-grid post-19397 post type-post status-publish format-standard has-post-thumbnail hentry category-events-past category-news\">\n\t\n\t\t<div class=\"post-wrapper smoove \">\n\t\t\n\t\t\t\t    <div class=\"post-featured-image static\">\n\t\t\t    \t\t\t    <div class=\"post-featured-image-hover \">\n\t\t\t\t    <div class=\"post-featured-image-overlay\"><\/div>\n\t\t\t\t    \t\t\t\t    \n\t\t\t     \t\t\t\t\t     <img decoding=\"async\"  src=\"https:\/\/darkskyalqueva.com\/wp-content\/uploads\/2017\/06\/astronauta_blog-1.jpg\" class=\" \" alt=\"\"\/>\n\t\t\t\t     \t\t\t     \t\t\t\t     \t<a href=\"https:\/\/darkskyalqueva.com\/en\/nasa-astronaut-daniel-tani-visits-the-dark-sky-alqueva-next-july\/\"><\/a>\n\t\t\t    <\/div>\n\t\t    <\/div>\n\t\t\t    \n\t    <div class=\"post-content-wrapper text-\">\n\t\t    \n\t\t    <div class=\"post-header\">\n\t\t\t    <div class=\"post-header-title\">\n\t\t\t\t    <h5><a href=\"https:\/\/darkskyalqueva.com\/en\/nasa-astronaut-daniel-tani-visits-the-dark-sky-alqueva-next-july\/\" title=\"NASA astronaut Daniel Tani visits the Dark Sky\u00ae Alqueva next July.\">NASA astronaut Daniel Tani visits the Dark Sky\u00ae Alqueva next July.<\/a><\/h5>\n\t\t\t\t<\/div>\n\t\t\t    \n\t\t\t    \t\t\t<\/div>\n\t    \n\t\t\t<div class=\"post-header-wrapper\">\n\t\t\t\t\t\t\t\t\t\t\t    <br class=\"clear\"\/>\n\t\t\t<\/div>\n\t    <\/div>\n\t    \n\t<\/div>\n\n<\/div>\n<!-- End each blog post --><!-- Begin each blog post -->\n<div class=\"blog-posts-grid post-19176 post type-post status-publish format-standard has-post-thumbnail hentry category-events-past\">\n\t\n\t\t<div class=\"post-wrapper smoove \">\n\t\t\n\t\t\t\t    <div class=\"post-featured-image static\">\n\t\t\t    \t\t\t    <div class=\"post-featured-image-hover \">\n\t\t\t\t    <div class=\"post-featured-image-overlay\"><\/div>\n\t\t\t\t    \t\t\t\t    \n\t\t\t     \t\t\t\t\t     <img decoding=\"async\"  src=\"https:\/\/darkskyalqueva.com\/wp-content\/uploads\/2015\/07\/CanoagemArdila_BREAK_MF.jpg\" class=\" \" alt=\"\"\/>\n\t\t\t\t     \t\t\t     \t\t\t\t     \t<a href=\"https:\/\/darkskyalqueva.com\/en\/night-canoeing-river-ardila-special-edition-supermoon-29th-august-2015\/\"><\/a>\n\t\t\t    <\/div>\n\t\t    <\/div>\n\t\t\t    \n\t    <div class=\"post-content-wrapper text-\">\n\t\t    \n\t\t    <div class=\"post-header\">\n\t\t\t    <div class=\"post-header-title\">\n\t\t\t\t    <h5><a href=\"https:\/\/darkskyalqueva.com\/en\/night-canoeing-river-ardila-special-edition-supermoon-29th-august-2015\/\" title=\"Night canoeing \u2013 river Ardila! Special edition \u2013 Supermoon | 29th august 2015\">Night canoeing \u2013 river Ardila! Special edition \u2013 Supermoon | 29th august 2015<\/a><\/h5>\n\t\t\t\t<\/div>\n\t\t\t    \n\t\t\t    \t\t\t<\/div>\n\t    \n\t\t\t<div class=\"post-header-wrapper\">\n\t\t\t\t\t\t\t\t\t\t\t    <br class=\"clear\"\/>\n\t\t\t<\/div>\n\t    <\/div>\n\t    \n\t<\/div>\n\n<\/div>\n<!-- End each blog post --><!-- Begin each blog post -->\n<div class=\"blog-posts-grid post-17822 post type-post status-publish format-standard has-post-thumbnail hentry category-events-past\">\n\t\n\t\t<div class=\"post-wrapper smoove \">\n\t\t\n\t\t\t\t    <div class=\"post-featured-image static\">\n\t\t\t    \t\t\t    <div class=\"post-featured-image-hover \">\n\t\t\t\t    <div class=\"post-featured-image-overlay\"><\/div>\n\t\t\t\t    \t\t\t\t    \n\t\t\t     \t\t\t\t\t     <img decoding=\"async\"  src=\"https:\/\/darkskyalqueva.com\/wp-content\/uploads\/2015\/06\/Banner-DSA1-NEWS-DarkSkyParty-ALQUEVA2015-WP.jpg\" class=\" \" alt=\"\"\/>\n\t\t\t\t     \t\t\t     \t\t\t\t     \t<a href=\"https:\/\/darkskyalqueva.com\/en\/iv-dark-sky-party-alqueva-2\/\"><\/a>\n\t\t\t    <\/div>\n\t\t    <\/div>\n\t\t\t    \n\t    <div class=\"post-content-wrapper text-\">\n\t\t    \n\t\t    <div class=\"post-header\">\n\t\t\t    <div class=\"post-header-title\">\n\t\t\t\t    <h5><a href=\"https:\/\/darkskyalqueva.com\/en\/iv-dark-sky-party-alqueva-2\/\" title=\"IV Dark Sky Party Alqueva\">IV Dark Sky Party Alqueva<\/a><\/h5>\n\t\t\t\t<\/div>\n\t\t\t    \n\t\t\t    \t\t\t<\/div>\n\t    \n\t\t\t<div class=\"post-header-wrapper\">\n\t\t\t\t\t\t\t\t\t\t\t    <br class=\"clear\"\/>\n\t\t\t<\/div>\n\t    <\/div>\n\t    \n\t<\/div>\n\n<\/div>\n<!-- End each blog post --><\/div>\n<br class=\"clear\"\/>\t\t\t\t<\/div>\n\t\t\t\t<\/div>\n\t\t\t\t\t<\/div>\n\t\t\t\t<\/div>\n\t\t\t\t<\/div>\n\t\t\t\t<\/div>\n\t\t","protected":false},"excerpt":{"rendered":"<p>Events Upcoming Eclipse no Horizonte, Meteoros no Z\u00e9nite &#8211; Dois Dias Inesquec\u00edveis nos c\u00e9us do Dark Sky\u00ae Alqueva | 11 e 12 de Agosto de 2026 Past ESGOTADO | Evento Perseidas no Dark Sky\u00ae Alqueva Noite especial \u00e0 Luz das [&hellip;]<\/p>\n","protected":false},"author":1,"featured_media":0,"parent":0,"menu_order":0,"comment_status":"closed","ping_status":"closed","template":"elementor_header_footer","meta":{"footnotes":""},"class_list":["post-26077","page","type-page","status-publish","hentry"],"_links":{"self":[{"href":"https:\/\/darkskyalqueva.com\/en\/wp-json\/wp\/v2\/pages\/26077","targetHints":{"allow":["GET"]}}],"collection":[{"href":"https:\/\/darkskyalqueva.com\/en\/wp-json\/wp\/v2\/pages"}],"about":[{"href":"https:\/\/darkskyalqueva.com\/en\/wp-json\/wp\/v2\/types\/page"}],"author":[{"embeddable":true,"href":"https:\/\/darkskyalqueva.com\/en\/wp-json\/wp\/v2\/users\/1"}],"replies":[{"embeddable":true,"href":"https:\/\/darkskyalqueva.com\/en\/wp-json\/wp\/v2\/comments?post=26077"}],"version-history":[{"count":7,"href":"https:\/\/darkskyalqueva.com\/en\/wp-json\/wp\/v2\/pages\/26077\/revisions"}],"predecessor-version":[{"id":26857,"href":"https:\/\/darkskyalqueva.com\/en\/wp-json\/wp\/v2\/pages\/26077\/revisions\/26857"}],"wp:attachment":[{"href":"https:\/\/darkskyalqueva.com\/en\/wp-json\/wp\/v2\/media?parent=26077"}],"curies":[{"name":"wp","href":"https:\/\/api.w.org\/{rel}","templated":true}]}}