{"id":26910,"date":"2025-04-04T12:14:48","date_gmt":"2025-04-04T12:14:48","guid":{"rendered":"https:\/\/darkskyalqueva.com\/casa-da-tia-amalia\/"},"modified":"2026-03-16T20:40:10","modified_gmt":"2026-03-16T20:40:10","slug":"casa-da-tia-amalia","status":"publish","type":"page","link":"https:\/\/darkskyalqueva.com\/es\/alojamiento\/casa-da-tia-amalia\/","title":{"rendered":"Casa da Tia Am\u00e1lia"},"content":{"rendered":"\t\t<div data-elementor-type=\"wp-page\" data-elementor-id=\"26910\" class=\"elementor elementor-26910 elementor-22970\">\n\t\t\t\t<div class=\"elementor-element elementor-element-237b723 e-flex e-con-boxed e-con e-parent\" data-id=\"237b723\" data-element_type=\"container\" data-e-type=\"container\" data-settings=\"{&quot;grandtour_ext_is_background_parallax&quot;:&quot;false&quot;,&quot;grandtour_ext_is_background_backdrop&quot;:&quot;false&quot;,&quot;grandtour_ext_is_background_on_scroll&quot;:&quot;false&quot;,&quot;grandtour_ext_link_sidemenu&quot;:&quot;false&quot;,&quot;grandtour_ext_link_fullmenu&quot;:&quot;false&quot;,&quot;grandtour_ext_link_closed_fullmenu&quot;:&quot;false&quot;,&quot;grandtour_ext_is_sticky&quot;:&quot;false&quot;,&quot;grandtour_ext_is_scrollme&quot;:&quot;false&quot;,&quot;grandtour_ext_is_smoove&quot;:&quot;false&quot;,&quot;grandtour_ext_is_parallax_mouse&quot;:&quot;false&quot;,&quot;grandtour_ext_is_infinite&quot;:&quot;false&quot;,&quot;grandtour_ext_is_fadeout_animation&quot;:&quot;false&quot;,&quot;grandtour_ext_mobile_static&quot;:&quot;false&quot;}\">\n\t\t\t\t\t<div class=\"e-con-inner\">\n\t\t<div class=\"elementor-element elementor-element-75a51ff e-con-full e-flex e-con e-child\" data-id=\"75a51ff\" data-element_type=\"container\" data-e-type=\"container\" data-settings=\"{&quot;grandtour_ext_is_background_parallax&quot;:&quot;false&quot;,&quot;grandtour_ext_is_background_backdrop&quot;:&quot;false&quot;,&quot;grandtour_ext_is_background_on_scroll&quot;:&quot;false&quot;,&quot;grandtour_ext_link_sidemenu&quot;:&quot;false&quot;,&quot;grandtour_ext_link_fullmenu&quot;:&quot;false&quot;,&quot;grandtour_ext_link_closed_fullmenu&quot;:&quot;false&quot;,&quot;grandtour_ext_is_sticky&quot;:&quot;false&quot;,&quot;grandtour_ext_is_scrollme&quot;:&quot;false&quot;,&quot;grandtour_ext_is_smoove&quot;:&quot;false&quot;,&quot;grandtour_ext_is_parallax_mouse&quot;:&quot;false&quot;,&quot;grandtour_ext_is_infinite&quot;:&quot;false&quot;,&quot;grandtour_ext_is_fadeout_animation&quot;:&quot;false&quot;,&quot;grandtour_ext_mobile_static&quot;:&quot;false&quot;}\">\n\t\t\t\t<div class=\"elementor-element elementor-element-a2229f5 elementor-widget elementor-widget-text-editor\" data-id=\"a2229f5\" data-element_type=\"widget\" data-e-type=\"widget\" data-settings=\"{&quot;grandtour_ext_link_sidemenu&quot;:&quot;false&quot;,&quot;grandtour_ext_link_fullmenu&quot;:&quot;false&quot;,&quot;grandtour_ext_link_closed_fullmenu&quot;:&quot;false&quot;,&quot;grandtour_ext_is_sticky&quot;:&quot;false&quot;,&quot;grandtour_ext_is_scrollme&quot;:&quot;false&quot;,&quot;grandtour_ext_is_smoove&quot;:&quot;false&quot;,&quot;grandtour_ext_is_parallax_mouse&quot;:&quot;false&quot;,&quot;grandtour_ext_is_infinite&quot;:&quot;false&quot;,&quot;grandtour_ext_is_fadeout_animation&quot;:&quot;false&quot;,&quot;grandtour_ext_mobile_static&quot;:&quot;false&quot;}\" data-widget_type=\"text-editor.default\">\n\t\t\t\t<div class=\"elementor-widget-container\">\n\t\t\t\t\t\t\t\t\t<h3 class=\"p1\">Hospitalidad familiar con vistas a la hist\u00f3rica villa de M\u00e9rtola<\/h3>\n<p class=\"p1\">Con una vista privilegiada sobre la hist\u00f3rica villa de M\u00e9rtola, Casa da Tia Am\u00e1lia se presenta como un espacio de acogida familiar donde la hospitalidad y la autenticidad del Alentejo se encuentran.<\/p>\n<p class=\"p1\">La casa, que se encontraba en estado casi ruinoso, ha sido recientemente restaurada con gran cuidado por una joven pareja de propietarios. Los espacios interiores, acogedores y llenos de detalles decorativos, reflejan la dedicaci\u00f3n puesta en su recuperaci\u00f3n y crean un ambiente confortable e \u00edntimo para quienes visitan esta regi\u00f3n del Bajo Alentejo. <\/p>\n<p class=\"p1\">Situada en una zona de paisajes preservados y amplios horizontes, pr\u00f3xima al territorio Dark Sky\u00ae Alqueva, Casa da Tia Am\u00e1lia es tambi\u00e9n un excelente punto de partida para descubrir el patrimonio hist\u00f3rico de M\u00e9rtola, explorar el entorno natural y, al caer la noche, disfrutar de la tranquilidad y de la calidad del cielo estrellado del Alentejo.<\/p>\n<p class=\"p1\">La casa ofrece diferentes tipos de alojamiento adaptados a distintos viajeros: habitaciones dobles y una suite con ba\u00f1o privado, as\u00ed como opciones m\u00e1s econ\u00f3micas como habitaciones dobles con ba\u00f1o compartido o camas en dormitorio compartido.<\/p>\n<p class=\"p1\">Sea cual sea la opci\u00f3n elegida, la calidad del alojamiento y la amabilidad de la acogida hacen de Casa da Tia Am\u00e1lia una invitaci\u00f3n natural a quedarse y disfrutar de la atm\u00f3sfera \u00fanica de M\u00e9rtola y de su territorio.<\/p>\n<h4><strong>COMODIDADES<\/strong><\/h4>\n<p><strong>Habitaciones<\/strong><br>6 habitaciones:<\/p>\n<ul>\n<li>4 habitaciones dobles con ba\u00f1o privado<\/li>\n<li>1 dormitorio con 4 literas<\/li>\n<li>1 habitaci\u00f3n doble tipo twin con ba\u00f1o compartido<\/li>\n<\/ul>\n<p>Todas las habitaciones cuentan con aire acondicionado.<\/p>\n<p><strong>Otras comodidades<\/strong><br>Sala de estar con chimenea, zona de lectura, internet y televisi\u00f3n.<br>Wi-Fi gratuito disponible en las habitaciones.<\/p>\n<h4><strong>SERVICIOS<\/strong><\/h4>\n<p class=\"p1\">Servicio de habitaciones, servicio de transporte gratuito, servicio de venta de entradas, consigna de equipaje, sal\u00f3n \/ zona de televisi\u00f3n compartidos, lavander\u00eda, servicio de planchado, instalaciones para reuniones \/ banquetes, tienda de recuerdos, bar.<br>Aparcamiento p\u00fablico gratuito.<\/p>\n<h4><strong>INFORMACI\u00d3N ADICIONAL<\/strong><\/h4>\n<p>No se admiten animales de compa\u00f1\u00eda.<br>No dispone de acceso para personas con movilidad reducida. <\/p>\n<h4><strong>IDIOMAS HABLADOS<\/strong><\/h4>\n<p>Portugu\u00e9s, Espa\u00f1ol, Ingl\u00e9s, Alem\u00e1n.<\/p>\t\t\t\t\t\t\t\t<\/div>\n\t\t\t\t<\/div>\n\t\t\t\t<\/div>\n\t\t<div class=\"elementor-element elementor-element-f352724 e-con-full e-flex e-con e-child\" data-id=\"f352724\" data-element_type=\"container\" data-e-type=\"container\" data-settings=\"{&quot;grandtour_ext_is_background_parallax&quot;:&quot;false&quot;,&quot;grandtour_ext_is_background_backdrop&quot;:&quot;false&quot;,&quot;grandtour_ext_is_background_on_scroll&quot;:&quot;false&quot;,&quot;grandtour_ext_link_sidemenu&quot;:&quot;false&quot;,&quot;grandtour_ext_link_fullmenu&quot;:&quot;false&quot;,&quot;grandtour_ext_link_closed_fullmenu&quot;:&quot;false&quot;,&quot;grandtour_ext_is_sticky&quot;:&quot;false&quot;,&quot;grandtour_ext_is_scrollme&quot;:&quot;false&quot;,&quot;grandtour_ext_is_smoove&quot;:&quot;false&quot;,&quot;grandtour_ext_is_parallax_mouse&quot;:&quot;false&quot;,&quot;grandtour_ext_is_infinite&quot;:&quot;false&quot;,&quot;grandtour_ext_is_fadeout_animation&quot;:&quot;false&quot;,&quot;grandtour_ext_mobile_static&quot;:&quot;false&quot;}\">\n\t\t\t\t<div class=\"elementor-element elementor-element-52e7696 elementor-widget elementor-widget-heading\" data-id=\"52e7696\" data-element_type=\"widget\" data-e-type=\"widget\" data-settings=\"{&quot;grandtour_ext_link_sidemenu&quot;:&quot;false&quot;,&quot;grandtour_ext_link_fullmenu&quot;:&quot;false&quot;,&quot;grandtour_ext_link_closed_fullmenu&quot;:&quot;false&quot;,&quot;grandtour_ext_is_sticky&quot;:&quot;false&quot;,&quot;grandtour_ext_is_scrollme&quot;:&quot;false&quot;,&quot;grandtour_ext_is_smoove&quot;:&quot;false&quot;,&quot;grandtour_ext_is_parallax_mouse&quot;:&quot;false&quot;,&quot;grandtour_ext_is_infinite&quot;:&quot;false&quot;,&quot;grandtour_ext_is_fadeout_animation&quot;:&quot;false&quot;,&quot;grandtour_ext_mobile_static&quot;:&quot;false&quot;}\" data-widget_type=\"heading.default\">\n\t\t\t\t<div class=\"elementor-widget-container\">\n\t\t\t\t\t<h3 class=\"elementor-heading-title elementor-size-default\">Alojamiento<\/h3>\t\t\t\t<\/div>\n\t\t\t\t<\/div>\n\t\t\t\t<div class=\"elementor-element elementor-element-49dd796 elementor-icon-list--layout-traditional elementor-list-item-link-full_width elementor-widget elementor-widget-icon-list\" data-id=\"49dd796\" data-element_type=\"widget\" data-e-type=\"widget\" data-settings=\"{&quot;grandtour_ext_link_sidemenu&quot;:&quot;false&quot;,&quot;grandtour_ext_link_fullmenu&quot;:&quot;false&quot;,&quot;grandtour_ext_link_closed_fullmenu&quot;:&quot;false&quot;,&quot;grandtour_ext_is_sticky&quot;:&quot;false&quot;,&quot;grandtour_ext_is_scrollme&quot;:&quot;false&quot;,&quot;grandtour_ext_is_smoove&quot;:&quot;false&quot;,&quot;grandtour_ext_is_parallax_mouse&quot;:&quot;false&quot;,&quot;grandtour_ext_is_infinite&quot;:&quot;false&quot;,&quot;grandtour_ext_is_fadeout_animation&quot;:&quot;false&quot;,&quot;grandtour_ext_mobile_static&quot;:&quot;false&quot;}\" data-widget_type=\"icon-list.default\">\n\t\t\t\t<div class=\"elementor-widget-container\">\n\t\t\t\t\t\t\t<ul class=\"elementor-icon-list-items\">\n\t\t\t\t\t\t\t<li class=\"elementor-icon-list-item\">\n\t\t\t\t\t\t\t\t\t\t\t<span class=\"elementor-icon-list-icon\">\n\t\t\t\t\t\t\t<svg aria-hidden=\"true\" class=\"e-font-icon-svg e-fas-city\" viewBox=\"0 0 640 512\" xmlns=\"http:\/\/www.w3.org\/2000\/svg\"><path d=\"M616 192H480V24c0-13.26-10.74-24-24-24H312c-13.26 0-24 10.74-24 24v72h-64V16c0-8.84-7.16-16-16-16h-16c-8.84 0-16 7.16-16 16v80h-64V16c0-8.84-7.16-16-16-16H80c-8.84 0-16 7.16-16 16v80H24c-13.26 0-24 10.74-24 24v360c0 17.67 14.33 32 32 32h576c17.67 0 32-14.33 32-32V216c0-13.26-10.75-24-24-24zM128 404c0 6.63-5.37 12-12 12H76c-6.63 0-12-5.37-12-12v-40c0-6.63 5.37-12 12-12h40c6.63 0 12 5.37 12 12v40zm0-96c0 6.63-5.37 12-12 12H76c-6.63 0-12-5.37-12-12v-40c0-6.63 5.37-12 12-12h40c6.63 0 12 5.37 12 12v40zm0-96c0 6.63-5.37 12-12 12H76c-6.63 0-12-5.37-12-12v-40c0-6.63 5.37-12 12-12h40c6.63 0 12 5.37 12 12v40zm128 192c0 6.63-5.37 12-12 12h-40c-6.63 0-12-5.37-12-12v-40c0-6.63 5.37-12 12-12h40c6.63 0 12 5.37 12 12v40zm0-96c0 6.63-5.37 12-12 12h-40c-6.63 0-12-5.37-12-12v-40c0-6.63 5.37-12 12-12h40c6.63 0 12 5.37 12 12v40zm0-96c0 6.63-5.37 12-12 12h-40c-6.63 0-12-5.37-12-12v-40c0-6.63 5.37-12 12-12h40c6.63 0 12 5.37 12 12v40zm160 96c0 6.63-5.37 12-12 12h-40c-6.63 0-12-5.37-12-12v-40c0-6.63 5.37-12 12-12h40c6.63 0 12 5.37 12 12v40zm0-96c0 6.63-5.37 12-12 12h-40c-6.63 0-12-5.37-12-12v-40c0-6.63 5.37-12 12-12h40c6.63 0 12 5.37 12 12v40zm0-96c0 6.63-5.37 12-12 12h-40c-6.63 0-12-5.37-12-12V76c0-6.63 5.37-12 12-12h40c6.63 0 12 5.37 12 12v40zm160 288c0 6.63-5.37 12-12 12h-40c-6.63 0-12-5.37-12-12v-40c0-6.63 5.37-12 12-12h40c6.63 0 12 5.37 12 12v40zm0-96c0 6.63-5.37 12-12 12h-40c-6.63 0-12-5.37-12-12v-40c0-6.63 5.37-12 12-12h40c6.63 0 12 5.37 12 12v40z\"><\/path><\/svg>\t\t\t\t\t\t<\/span>\n\t\t\t\t\t\t\t\t\t\t<span class=\"elementor-icon-list-text\">Al\u00e9m Rio, M\u00e9rtola<\/span>\n\t\t\t\t\t\t\t\t\t<\/li>\n\t\t\t\t\t\t\t\t<li class=\"elementor-icon-list-item\">\n\t\t\t\t\t\t\t\t\t\t\t<span class=\"elementor-icon-list-icon\">\n\t\t\t\t\t\t\t<svg aria-hidden=\"true\" class=\"e-font-icon-svg e-far-address-card\" viewBox=\"0 0 576 512\" xmlns=\"http:\/\/www.w3.org\/2000\/svg\"><path d=\"M528 32H48C21.5 32 0 53.5 0 80v352c0 26.5 21.5 48 48 48h480c26.5 0 48-21.5 48-48V80c0-26.5-21.5-48-48-48zm0 400H48V80h480v352zM208 256c35.3 0 64-28.7 64-64s-28.7-64-64-64-64 28.7-64 64 28.7 64 64 64zm-89.6 128h179.2c12.4 0 22.4-8.6 22.4-19.2v-19.2c0-31.8-30.1-57.6-67.2-57.6-10.8 0-18.7 8-44.8 8-26.9 0-33.4-8-44.8-8-37.1 0-67.2 25.8-67.2 57.6v19.2c0 10.6 10 19.2 22.4 19.2zM360 320h112c4.4 0 8-3.6 8-8v-16c0-4.4-3.6-8-8-8H360c-4.4 0-8 3.6-8 8v16c0 4.4 3.6 8 8 8zm0-64h112c4.4 0 8-3.6 8-8v-16c0-4.4-3.6-8-8-8H360c-4.4 0-8 3.6-8 8v16c0 4.4 3.6 8 8 8zm0-64h112c4.4 0 8-3.6 8-8v-16c0-4.4-3.6-8-8-8H360c-4.4 0-8 3.6-8 8v16c0 4.4 3.6 8 8 8z\"><\/path><\/svg>\t\t\t\t\t\t<\/span>\n\t\t\t\t\t\t\t\t\t\t<span class=\"elementor-icon-list-text\">Estrada dos Celeiros, 16<\/span>\n\t\t\t\t\t\t\t\t\t<\/li>\n\t\t\t\t\t\t\t\t<li class=\"elementor-icon-list-item\">\n\t\t\t\t\t\t\t\t\t\t\t<span class=\"elementor-icon-list-icon\">\n\t\t\t\t\t\t\t<svg aria-hidden=\"true\" class=\"e-font-icon-svg e-fas-phone-alt\" viewBox=\"0 0 512 512\" xmlns=\"http:\/\/www.w3.org\/2000\/svg\"><path d=\"M497.39 361.8l-112-48a24 24 0 0 0-28 6.9l-49.6 60.6A370.66 370.66 0 0 1 130.6 204.11l60.6-49.6a23.94 23.94 0 0 0 6.9-28l-48-112A24.16 24.16 0 0 0 122.6.61l-104 24A24 24 0 0 0 0 48c0 256.5 207.9 464 464 464a24 24 0 0 0 23.4-18.6l24-104a24.29 24.29 0 0 0-14.01-27.6z\"><\/path><\/svg>\t\t\t\t\t\t<\/span>\n\t\t\t\t\t\t\t\t\t\t<span class=\"elementor-icon-list-text\">965 052 379 \/ 918 918 777<\/span>\n\t\t\t\t\t\t\t\t\t<\/li>\n\t\t\t\t\t\t\t\t<li class=\"elementor-icon-list-item\">\n\t\t\t\t\t\t\t\t\t\t\t<span class=\"elementor-icon-list-icon\">\n\t\t\t\t\t\t\t<svg aria-hidden=\"true\" class=\"e-font-icon-svg e-far-envelope\" viewBox=\"0 0 512 512\" xmlns=\"http:\/\/www.w3.org\/2000\/svg\"><path d=\"M464 64H48C21.49 64 0 85.49 0 112v288c0 26.51 21.49 48 48 48h416c26.51 0 48-21.49 48-48V112c0-26.51-21.49-48-48-48zm0 48v40.805c-22.422 18.259-58.168 46.651-134.587 106.49-16.841 13.247-50.201 45.072-73.413 44.701-23.208.375-56.579-31.459-73.413-44.701C106.18 199.465 70.425 171.067 48 152.805V112h416zM48 400V214.398c22.914 18.251 55.409 43.862 104.938 82.646 21.857 17.205 60.134 55.186 103.062 54.955 42.717.231 80.509-37.199 103.053-54.947 49.528-38.783 82.032-64.401 104.947-82.653V400H48z\"><\/path><\/svg>\t\t\t\t\t\t<\/span>\n\t\t\t\t\t\t\t\t\t\t<span class=\"elementor-icon-list-text\">casadatiaamalia.mertola@gmail.com<\/span>\n\t\t\t\t\t\t\t\t\t<\/li>\n\t\t\t\t\t\t<\/ul>\n\t\t\t\t\t\t<\/div>\n\t\t\t\t<\/div>\n\t\t\t\t<div class=\"elementor-element elementor-element-493b48e elementor-icon-list--layout-traditional elementor-list-item-link-full_width elementor-widget elementor-widget-icon-list\" data-id=\"493b48e\" data-element_type=\"widget\" data-e-type=\"widget\" data-settings=\"{&quot;grandtour_ext_link_sidemenu&quot;:&quot;false&quot;,&quot;grandtour_ext_link_fullmenu&quot;:&quot;false&quot;,&quot;grandtour_ext_link_closed_fullmenu&quot;:&quot;false&quot;,&quot;grandtour_ext_is_sticky&quot;:&quot;false&quot;,&quot;grandtour_ext_is_scrollme&quot;:&quot;false&quot;,&quot;grandtour_ext_is_smoove&quot;:&quot;false&quot;,&quot;grandtour_ext_is_parallax_mouse&quot;:&quot;false&quot;,&quot;grandtour_ext_is_infinite&quot;:&quot;false&quot;,&quot;grandtour_ext_is_fadeout_animation&quot;:&quot;false&quot;,&quot;grandtour_ext_mobile_static&quot;:&quot;false&quot;}\" data-widget_type=\"icon-list.default\">\n\t\t\t\t<div class=\"elementor-widget-container\">\n\t\t\t\t\t\t\t<ul class=\"elementor-icon-list-items\">\n\t\t\t\t\t\t\t<li class=\"elementor-icon-list-item\">\n\t\t\t\t\t\t\t\t\t\t\t<a href=\"https:\/\/maps.app.goo.gl\/2YpMtdTaDWDntY6x7\" target=\"_blank\" rel=\"nofollow\">\n\n\t\t\t\t\t\t\t\t\t\t\t\t<span class=\"elementor-icon-list-icon\">\n\t\t\t\t\t\t\t<svg aria-hidden=\"true\" class=\"e-font-icon-svg e-fas-map-pin\" viewBox=\"0 0 288 512\" xmlns=\"http:\/\/www.w3.org\/2000\/svg\"><path d=\"M112 316.94v156.69l22.02 33.02c4.75 7.12 15.22 7.12 19.97 0L176 473.63V316.94c-10.39 1.92-21.06 3.06-32 3.06s-21.61-1.14-32-3.06zM144 0C64.47 0 0 64.47 0 144s64.47 144 144 144 144-64.47 144-144S223.53 0 144 0zm0 76c-37.5 0-68 30.5-68 68 0 6.62-5.38 12-12 12s-12-5.38-12-12c0-50.73 41.28-92 92-92 6.62 0 12 5.38 12 12s-5.38 12-12 12z\"><\/path><\/svg>\t\t\t\t\t\t<\/span>\n\t\t\t\t\t\t\t\t\t\t<span class=\"elementor-icon-list-text\">Ver mapa<\/span>\n\t\t\t\t\t\t\t\t\t\t\t<\/a>\n\t\t\t\t\t\t\t\t\t<\/li>\n\t\t\t\t\t\t<\/ul>\n\t\t\t\t\t\t<\/div>\n\t\t\t\t<\/div>\n\t\t\t\t<\/div>\n\t\t\t\t\t<\/div>\n\t\t\t\t<\/div>\n\t\t<div class=\"elementor-element elementor-element-0d1f16f e-flex e-con-boxed e-con e-parent\" data-id=\"0d1f16f\" data-element_type=\"container\" data-e-type=\"container\" data-settings=\"{&quot;grandtour_ext_is_background_parallax&quot;:&quot;false&quot;,&quot;grandtour_ext_is_background_backdrop&quot;:&quot;false&quot;,&quot;grandtour_ext_is_background_on_scroll&quot;:&quot;false&quot;,&quot;grandtour_ext_link_sidemenu&quot;:&quot;false&quot;,&quot;grandtour_ext_link_fullmenu&quot;:&quot;false&quot;,&quot;grandtour_ext_link_closed_fullmenu&quot;:&quot;false&quot;,&quot;grandtour_ext_is_sticky&quot;:&quot;false&quot;,&quot;grandtour_ext_is_scrollme&quot;:&quot;false&quot;,&quot;grandtour_ext_is_smoove&quot;:&quot;false&quot;,&quot;grandtour_ext_is_parallax_mouse&quot;:&quot;false&quot;,&quot;grandtour_ext_is_infinite&quot;:&quot;false&quot;,&quot;grandtour_ext_is_fadeout_animation&quot;:&quot;false&quot;,&quot;grandtour_ext_mobile_static&quot;:&quot;false&quot;}\">\n\t\t\t\t\t<div class=\"e-con-inner\">\n\t\t\t\t<div class=\"elementor-element elementor-element-17c9c52 elementor-widget elementor-widget-grandtour-gallery-horizontal\" data-id=\"17c9c52\" data-element_type=\"widget\" data-e-type=\"widget\" data-settings=\"{&quot;grandtour_ext_link_sidemenu&quot;:&quot;false&quot;,&quot;grandtour_ext_link_fullmenu&quot;:&quot;false&quot;,&quot;grandtour_ext_link_closed_fullmenu&quot;:&quot;false&quot;,&quot;grandtour_ext_is_sticky&quot;:&quot;false&quot;,&quot;grandtour_ext_is_scrollme&quot;:&quot;false&quot;,&quot;grandtour_ext_is_smoove&quot;:&quot;false&quot;,&quot;grandtour_ext_is_parallax_mouse&quot;:&quot;false&quot;,&quot;grandtour_ext_is_infinite&quot;:&quot;false&quot;,&quot;grandtour_ext_is_fadeout_animation&quot;:&quot;false&quot;,&quot;grandtour_ext_mobile_static&quot;:&quot;false&quot;}\" data-widget_type=\"grandtour-gallery-horizontal.default\">\n\t\t\t\t<div class=\"elementor-widget-container\">\n\t\t\t\t\t<div id=\"horizontal-gallery-17c9c52\" class=\"horizontal-gallery-wrapper\" data-autoplay=\"0\" data-loop=\"0\" data-navigation=\"1\" data-pagination=\"1\" data-parallax=\"1\" data-fullscreen=\"0\">\n\t\t<div class=\"horizontal-gallery-cell\" style=\"margin-right:40px\">\n\t\t\t\t\t\t<img class=\"horizontal-gallery-cell-img\" data-flickity-lazyload=\"https:\/\/darkskyalqueva.com\/wp-content\/uploads\/2025\/04\/CasaTiaAmalia-1024x578.jpg\" alt=\"\" style=\"height:500px;\" \/>\n\t\t\t\t\t<\/div>\n\t\t<div class=\"horizontal-gallery-cell\" style=\"margin-right:40px\">\n\t\t\t\t\t\t<img class=\"horizontal-gallery-cell-img\" data-flickity-lazyload=\"https:\/\/darkskyalqueva.com\/wp-content\/uploads\/2025\/04\/casa_cumeada_Q2-limoeiro-1024x768.jpg\" alt=\"\" style=\"height:500px;\" \/>\n\t\t\t\t\t<\/div>\n\t\t<div class=\"horizontal-gallery-cell\" style=\"margin-right:40px\">\n\t\t\t\t\t\t<img class=\"horizontal-gallery-cell-img\" data-flickity-lazyload=\"https:\/\/darkskyalqueva.com\/wp-content\/uploads\/2025\/04\/casa_cumeada_oliveira-alpendre-1024x768.jpg\" alt=\"\" style=\"height:500px;\" \/>\n\t\t\t\t\t<\/div>\n\t\t<div class=\"horizontal-gallery-cell\" style=\"margin-right:40px\">\n\t\t\t\t\t\t<img class=\"horizontal-gallery-cell-img\" data-flickity-lazyload=\"https:\/\/darkskyalqueva.com\/wp-content\/uploads\/2025\/04\/casa_cumeada_mesa-entrada-1024x774.jpg\" alt=\"\" style=\"height:500px;\" \/>\n\t\t\t\t\t<\/div>\n\t\t<div class=\"horizontal-gallery-cell\" style=\"margin-right:40px\">\n\t\t\t\t\t\t<img class=\"horizontal-gallery-cell-img\" data-flickity-lazyload=\"https:\/\/darkskyalqueva.com\/wp-content\/uploads\/2025\/04\/CasaTiaAmalia5.jpg\" alt=\"\" style=\"height:500px;\" \/>\n\t\t\t\t\t<\/div>\n\t\t<div class=\"horizontal-gallery-cell\" style=\"margin-right:40px\">\n\t\t\t\t\t\t<img class=\"horizontal-gallery-cell-img\" data-flickity-lazyload=\"https:\/\/darkskyalqueva.com\/wp-content\/uploads\/2025\/04\/CasaTiaAmalia_capa-1024x693.jpg\" alt=\"\" style=\"height:500px;\" \/>\n\t\t\t\t\t<\/div>\n\t\t<div class=\"horizontal-gallery-cell\" style=\"margin-right:40px\">\n\t\t\t\t\t\t<img class=\"horizontal-gallery-cell-img\" data-flickity-lazyload=\"https:\/\/darkskyalqueva.com\/wp-content\/uploads\/2025\/04\/CasaTiaAmalia1-1024x505.jpg\" alt=\"\" style=\"height:500px;\" \/>\n\t\t\t\t\t<\/div>\n\t\t<div class=\"horizontal-gallery-cell\" style=\"margin-right:40px\">\n\t\t\t\t\t\t<img class=\"horizontal-gallery-cell-img\" data-flickity-lazyload=\"https:\/\/darkskyalqueva.com\/wp-content\/uploads\/2025\/04\/CasaTiaAmalia2-1024x693.jpg\" alt=\"\" style=\"height:500px;\" \/>\n\t\t\t\t\t<\/div>\n\t\t<div class=\"horizontal-gallery-cell\" style=\"margin-right:40px\">\n\t\t\t\t\t\t<img class=\"horizontal-gallery-cell-img\" data-flickity-lazyload=\"https:\/\/darkskyalqueva.com\/wp-content\/uploads\/2025\/04\/CasaTiaAmalia6.jpg\" alt=\"\" style=\"height:500px;\" \/>\n\t\t\t\t\t<\/div>\n\t\t<div class=\"horizontal-gallery-cell\" style=\"margin-right:40px\">\n\t\t\t\t\t\t<img class=\"horizontal-gallery-cell-img\" data-flickity-lazyload=\"https:\/\/darkskyalqueva.com\/wp-content\/uploads\/2025\/04\/CasaTiaAmalia-4-1024x576.jpg\" alt=\"\" style=\"height:500px;\" \/>\n\t\t\t\t\t<\/div>\n\t\t<div class=\"horizontal-gallery-cell\" style=\"margin-right:40px\">\n\t\t\t\t\t\t<img class=\"horizontal-gallery-cell-img\" data-flickity-lazyload=\"https:\/\/darkskyalqueva.com\/wp-content\/uploads\/2025\/04\/CasaTiaAmalia-6.jpg\" alt=\"\" style=\"height:500px;\" \/>\n\t\t\t\t\t<\/div>\n<\/div>\n\t\t\t\t<\/div>\n\t\t\t\t<\/div>\n\t\t\t\t<div class=\"elementor-element elementor-element-68f9305 elementor-align-center elementor-mobile-align-center elementor-widget elementor-widget-button\" data-id=\"68f9305\" data-element_type=\"widget\" data-e-type=\"widget\" data-settings=\"{&quot;grandtour_ext_link_sidemenu&quot;:&quot;false&quot;,&quot;grandtour_ext_link_fullmenu&quot;:&quot;false&quot;,&quot;grandtour_ext_link_closed_fullmenu&quot;:&quot;false&quot;,&quot;grandtour_ext_is_sticky&quot;:&quot;false&quot;,&quot;grandtour_ext_is_scrollme&quot;:&quot;false&quot;,&quot;grandtour_ext_is_smoove&quot;:&quot;false&quot;,&quot;grandtour_ext_is_parallax_mouse&quot;:&quot;false&quot;,&quot;grandtour_ext_is_infinite&quot;:&quot;false&quot;,&quot;grandtour_ext_is_fadeout_animation&quot;:&quot;false&quot;,&quot;grandtour_ext_mobile_static&quot;:&quot;false&quot;}\" data-widget_type=\"button.default\">\n\t\t\t\t<div class=\"elementor-widget-container\">\n\t\t\t\t\t\t\t\t\t<div class=\"elementor-button-wrapper\">\n\t\t\t\t\t<a class=\"elementor-button elementor-button-link elementor-size-sm\" href=\"https:\/\/darkskyalqueva.com\/es\/alojamiento\/\">\n\t\t\t\t\t\t<span class=\"elementor-button-content-wrapper\">\n\t\t\t\t\t\t\t\t\t<span class=\"elementor-button-text\">Ver todos los alojamientos<\/span>\n\t\t\t\t\t<\/span>\n\t\t\t\t\t<\/a>\n\t\t\t\t<\/div>\n\t\t\t\t\t\t\t\t<\/div>\n\t\t\t\t<\/div>\n\t\t\t\t\t<\/div>\n\t\t\t\t<\/div>\n\t\t\t\t<\/div>\n\t\t","protected":false},"excerpt":{"rendered":"<p>Hospitalidad familiar con vistas a la hist\u00f3rica villa de M\u00e9rtola Con una vista privilegiada sobre la hist\u00f3rica villa de M\u00e9rtola, Casa da Tia Am\u00e1lia se presenta como un espacio de acogida familiar donde la hospitalidad y la autenticidad del Alentejo [&hellip;]<\/p>\n","protected":false},"author":1,"featured_media":26907,"parent":27043,"menu_order":0,"comment_status":"closed","ping_status":"closed","template":"","meta":{"footnotes":""},"class_list":["post-26910","page","type-page","status-publish","has-post-thumbnail","hentry"],"_links":{"self":[{"href":"https:\/\/darkskyalqueva.com\/es\/wp-json\/wp\/v2\/pages\/26910","targetHints":{"allow":["GET"]}}],"collection":[{"href":"https:\/\/darkskyalqueva.com\/es\/wp-json\/wp\/v2\/pages"}],"about":[{"href":"https:\/\/darkskyalqueva.com\/es\/wp-json\/wp\/v2\/types\/page"}],"author":[{"embeddable":true,"href":"https:\/\/darkskyalqueva.com\/es\/wp-json\/wp\/v2\/users\/1"}],"replies":[{"embeddable":true,"href":"https:\/\/darkskyalqueva.com\/es\/wp-json\/wp\/v2\/comments?post=26910"}],"version-history":[{"count":2,"href":"https:\/\/darkskyalqueva.com\/es\/wp-json\/wp\/v2\/pages\/26910\/revisions"}],"predecessor-version":[{"id":27100,"href":"https:\/\/darkskyalqueva.com\/es\/wp-json\/wp\/v2\/pages\/26910\/revisions\/27100"}],"up":[{"embeddable":true,"href":"https:\/\/darkskyalqueva.com\/es\/wp-json\/wp\/v2\/pages\/27043"}],"wp:featuredmedia":[{"embeddable":true,"href":"https:\/\/darkskyalqueva.com\/es\/wp-json\/wp\/v2\/media\/26907"}],"wp:attachment":[{"href":"https:\/\/darkskyalqueva.com\/es\/wp-json\/wp\/v2\/media?parent=26910"}],"curies":[{"name":"wp","href":"https:\/\/api.w.org\/{rel}","templated":true}]}}