{"id":26993,"date":"2025-04-04T15:11:10","date_gmt":"2025-04-04T15:11:10","guid":{"rendered":"https:\/\/darkskyalqueva.com\/monte-da-estrela\/"},"modified":"2026-03-16T20:40:16","modified_gmt":"2026-03-16T20:40:16","slug":"monte-da-estrela","status":"publish","type":"page","link":"https:\/\/darkskyalqueva.com\/es\/alojamiento\/monte-da-estrela\/","title":{"rendered":"Monte da Estrela"},"content":{"rendered":"\t\t<div data-elementor-type=\"wp-page\" data-elementor-id=\"26993\" class=\"elementor elementor-26993 elementor-23134\">\n\t\t\t\t<div class=\"elementor-element elementor-element-237b723 e-flex e-con-boxed e-con e-parent\" data-id=\"237b723\" data-element_type=\"container\" data-e-type=\"container\" data-settings=\"{&quot;grandtour_ext_is_background_parallax&quot;:&quot;false&quot;,&quot;grandtour_ext_is_background_backdrop&quot;:&quot;false&quot;,&quot;grandtour_ext_is_background_on_scroll&quot;:&quot;false&quot;,&quot;grandtour_ext_link_sidemenu&quot;:&quot;false&quot;,&quot;grandtour_ext_link_fullmenu&quot;:&quot;false&quot;,&quot;grandtour_ext_link_closed_fullmenu&quot;:&quot;false&quot;,&quot;grandtour_ext_is_sticky&quot;:&quot;false&quot;,&quot;grandtour_ext_is_scrollme&quot;:&quot;false&quot;,&quot;grandtour_ext_is_smoove&quot;:&quot;false&quot;,&quot;grandtour_ext_is_parallax_mouse&quot;:&quot;false&quot;,&quot;grandtour_ext_is_infinite&quot;:&quot;false&quot;,&quot;grandtour_ext_is_fadeout_animation&quot;:&quot;false&quot;,&quot;grandtour_ext_mobile_static&quot;:&quot;false&quot;}\">\n\t\t\t\t\t<div class=\"e-con-inner\">\n\t\t<div class=\"elementor-element elementor-element-75a51ff e-con-full e-flex e-con e-child\" data-id=\"75a51ff\" data-element_type=\"container\" data-e-type=\"container\" data-settings=\"{&quot;grandtour_ext_is_background_parallax&quot;:&quot;false&quot;,&quot;grandtour_ext_is_background_backdrop&quot;:&quot;false&quot;,&quot;grandtour_ext_is_background_on_scroll&quot;:&quot;false&quot;,&quot;grandtour_ext_link_sidemenu&quot;:&quot;false&quot;,&quot;grandtour_ext_link_fullmenu&quot;:&quot;false&quot;,&quot;grandtour_ext_link_closed_fullmenu&quot;:&quot;false&quot;,&quot;grandtour_ext_is_sticky&quot;:&quot;false&quot;,&quot;grandtour_ext_is_scrollme&quot;:&quot;false&quot;,&quot;grandtour_ext_is_smoove&quot;:&quot;false&quot;,&quot;grandtour_ext_is_parallax_mouse&quot;:&quot;false&quot;,&quot;grandtour_ext_is_infinite&quot;:&quot;false&quot;,&quot;grandtour_ext_is_fadeout_animation&quot;:&quot;false&quot;,&quot;grandtour_ext_mobile_static&quot;:&quot;false&quot;}\">\n\t\t\t\t<div class=\"elementor-element elementor-element-a2229f5 elementor-widget elementor-widget-text-editor\" data-id=\"a2229f5\" data-element_type=\"widget\" data-e-type=\"widget\" data-settings=\"{&quot;grandtour_ext_link_sidemenu&quot;:&quot;false&quot;,&quot;grandtour_ext_link_fullmenu&quot;:&quot;false&quot;,&quot;grandtour_ext_link_closed_fullmenu&quot;:&quot;false&quot;,&quot;grandtour_ext_is_sticky&quot;:&quot;false&quot;,&quot;grandtour_ext_is_scrollme&quot;:&quot;false&quot;,&quot;grandtour_ext_is_smoove&quot;:&quot;false&quot;,&quot;grandtour_ext_is_parallax_mouse&quot;:&quot;false&quot;,&quot;grandtour_ext_is_infinite&quot;:&quot;false&quot;,&quot;grandtour_ext_is_fadeout_animation&quot;:&quot;false&quot;,&quot;grandtour_ext_mobile_static&quot;:&quot;false&quot;}\" data-widget_type=\"text-editor.default\">\n\t\t\t\t<div class=\"elementor-widget-container\">\n\t\t\t\t\t\t\t\t\t<h3 class=\"p1\">Bienestar, naturaleza y el cielo del Dark Sky\u00ae Alqueva en el coraz\u00f3n del Alentejo<\/h3><p class=\"p2\">Monte da Estrela Country House &amp; SPA es un refugio de tranquilidad en el coraz\u00f3n del Alentejo, ideal para quienes buscan unos d\u00edas de descanso en familia o con amigos, en un entorno donde naturaleza, bienestar y hospitalidad se encuentran en perfecta armon\u00eda.<\/p><p class=\"p2\">Situado en un paisaje rural de gran serenidad, Monte da Estrela disfruta de una ubicaci\u00f3n privilegiada en plena comuni\u00f3n con la naturaleza, donde el silencio, los amplios horizontes y el ritmo pausado del campo crean el escenario perfecto para relajarse y redescubrir el tiempo.<\/p><p class=\"p2\">Este hotel con encanto y agroturismo est\u00e1 rodeado por algunas de las m\u00e1s bellas aldeas y villas hist\u00f3ricas del Alentejo, y se encuentra a corta distancia del Gran Lago Alqueva, uno de los mayores lagos artificiales de Europa. Sus orillas ofrecen diversas playas fluviales, actividades n\u00e1uticas y experiencias de ocio, permitiendo a los visitantes explorar un paisaje \u00fanico donde agua, tierra y cielo se encuentran. <\/p><p class=\"p2\">Integrado en el territorio Dark Sky\u00ae Alqueva, una de las regiones de Europa con mejor preservaci\u00f3n del cielo nocturno, Monte da Estrela ofrece tambi\u00e9n una experiencia \u00fanica de contacto con la noche alentejana. La reducida contaminaci\u00f3n lum\u00ednica y la amplitud del paisaje permiten observar la V\u00eda L\u00e1ctea y miles de estrellas a simple vista, convirtiendo el cielo en uno de los elementos m\u00e1s memorables de la estancia. <\/p><p class=\"p2\">Al caer la noche, el silencio del campo y la pureza del cielo crean el ambiente ideal para contemplar el universo, transformando cada noche en una experiencia \u00fanica bajo uno de los cielos m\u00e1s extraordinarios de Europa.<\/p><p class=\"p2\">La experiencia en Monte da Estrela tambi\u00e9n se extiende a la gastronom\u00eda, donde se valora el concepto \u201cde la huerta a la mesa\u201d. La cocina prioriza ingredientes frescos y productos locales, permitiendo a los hu\u00e9spedes descubrir los sabores aut\u00e9nticos de la gastronom\u00eda alentejana. <\/p><p class=\"p2\">Por la ma\u00f1ana, el desayuno casero invita a comenzar el d\u00eda de forma tranquila, con productos preparados en la casa e ingredientes de la regi\u00f3n, celebrando la sencillez y la riqueza de la tradici\u00f3n culinaria del Alentejo.<\/p><p class=\"p2\">Entre naturaleza, bienestar y hospitalidad, Monte da Estrela Country House &amp; SPA es una invitaci\u00f3n a vivir el Alentejo con calma, explorando durante el d\u00eda los paisajes, el lago y el patrimonio de la regi\u00f3n y, por la noche, contemplando el profundo cielo estrellado del Dark Sky\u00ae Alqueva.<\/p><h4 class=\"p4\"><b>COMODIDADES<\/b><\/h4><p class=\"p5\"><b>Alojamiento<\/b><br>Habitaciones y suites confortables con un ambiente acogedor y vistas al paisaje rural del Alentejo.<\/p><p class=\"p2\">Todos los alojamientos incluyen:<\/p><ul class=\"ul1\"><li class=\"li2\">ba\u00f1o privado<\/li><li class=\"li2\">aire acondicionado<\/li><li class=\"li2\">acceso Wi-Fi<\/li><li class=\"li2\">televisi\u00f3n<\/li><li class=\"li2\">decoraci\u00f3n inspirada en la tradici\u00f3n regional<\/li><\/ul><p class=\"p5\"><b>Gastronom\u00eda<\/b><br>Desayuno casero incluido en la estancia<br>Cocina basada en el concepto \u201cde la huerta a la mesa\u201d, con productos locales e ingredientes frescos de la regi\u00f3n<\/p><p class=\"p5\"><b>Bienestar y Ocio<\/b><br>SPA<br>Piscina exterior<br>Jardines y zonas de descanso<br>Espacios de relajaci\u00f3n en contacto con la naturaleza<\/p><h4 class=\"p5\"><b>EXPERIENCIAS E ACTIVIDADES<\/b><\/h4><p class=\"p2\">Paseos por la naturaleza<br>Descubrimiento de las aldeas y villas hist\u00f3ricas de la regi\u00f3n<br>Actividades en el Gran Lago Alqueva<br>Observaci\u00f3n del cielo estrellado en el territorio Dark Sky\u00ae Alqueva<\/p><h4 class=\"p5\"><b>ENTORNO<\/b><\/h4><p class=\"p5\">Proximidad al Gran Lago Alqueva<br>Playas fluviales<br>Paisaje rural t\u00edpico del Alentejo<br>Aldeas y villas hist\u00f3ricas en las proximidades<\/p>\t\t\t\t\t\t\t\t<\/div>\n\t\t\t\t<\/div>\n\t\t\t\t<\/div>\n\t\t<div class=\"elementor-element elementor-element-f352724 e-con-full e-flex e-con e-child\" data-id=\"f352724\" data-element_type=\"container\" data-e-type=\"container\" data-settings=\"{&quot;grandtour_ext_is_background_parallax&quot;:&quot;false&quot;,&quot;grandtour_ext_is_background_backdrop&quot;:&quot;false&quot;,&quot;grandtour_ext_is_background_on_scroll&quot;:&quot;false&quot;,&quot;grandtour_ext_link_sidemenu&quot;:&quot;false&quot;,&quot;grandtour_ext_link_fullmenu&quot;:&quot;false&quot;,&quot;grandtour_ext_link_closed_fullmenu&quot;:&quot;false&quot;,&quot;grandtour_ext_is_sticky&quot;:&quot;false&quot;,&quot;grandtour_ext_is_scrollme&quot;:&quot;false&quot;,&quot;grandtour_ext_is_smoove&quot;:&quot;false&quot;,&quot;grandtour_ext_is_parallax_mouse&quot;:&quot;false&quot;,&quot;grandtour_ext_is_infinite&quot;:&quot;false&quot;,&quot;grandtour_ext_is_fadeout_animation&quot;:&quot;false&quot;,&quot;grandtour_ext_mobile_static&quot;:&quot;false&quot;}\">\n\t\t\t\t<div class=\"elementor-element elementor-element-52e7696 elementor-widget elementor-widget-heading\" data-id=\"52e7696\" data-element_type=\"widget\" data-e-type=\"widget\" data-settings=\"{&quot;grandtour_ext_link_sidemenu&quot;:&quot;false&quot;,&quot;grandtour_ext_link_fullmenu&quot;:&quot;false&quot;,&quot;grandtour_ext_link_closed_fullmenu&quot;:&quot;false&quot;,&quot;grandtour_ext_is_sticky&quot;:&quot;false&quot;,&quot;grandtour_ext_is_scrollme&quot;:&quot;false&quot;,&quot;grandtour_ext_is_smoove&quot;:&quot;false&quot;,&quot;grandtour_ext_is_parallax_mouse&quot;:&quot;false&quot;,&quot;grandtour_ext_is_infinite&quot;:&quot;false&quot;,&quot;grandtour_ext_is_fadeout_animation&quot;:&quot;false&quot;,&quot;grandtour_ext_mobile_static&quot;:&quot;false&quot;}\" data-widget_type=\"heading.default\">\n\t\t\t\t<div class=\"elementor-widget-container\">\n\t\t\t\t\t<h3 class=\"elementor-heading-title elementor-size-default\">Hotel rural &amp; SPA<\/h3>\t\t\t\t<\/div>\n\t\t\t\t<\/div>\n\t\t\t\t<div class=\"elementor-element elementor-element-49dd796 elementor-icon-list--layout-traditional elementor-list-item-link-full_width elementor-widget elementor-widget-icon-list\" data-id=\"49dd796\" data-element_type=\"widget\" data-e-type=\"widget\" data-settings=\"{&quot;grandtour_ext_link_sidemenu&quot;:&quot;false&quot;,&quot;grandtour_ext_link_fullmenu&quot;:&quot;false&quot;,&quot;grandtour_ext_link_closed_fullmenu&quot;:&quot;false&quot;,&quot;grandtour_ext_is_sticky&quot;:&quot;false&quot;,&quot;grandtour_ext_is_scrollme&quot;:&quot;false&quot;,&quot;grandtour_ext_is_smoove&quot;:&quot;false&quot;,&quot;grandtour_ext_is_parallax_mouse&quot;:&quot;false&quot;,&quot;grandtour_ext_is_infinite&quot;:&quot;false&quot;,&quot;grandtour_ext_is_fadeout_animation&quot;:&quot;false&quot;,&quot;grandtour_ext_mobile_static&quot;:&quot;false&quot;}\" data-widget_type=\"icon-list.default\">\n\t\t\t\t<div class=\"elementor-widget-container\">\n\t\t\t\t\t\t\t<ul class=\"elementor-icon-list-items\">\n\t\t\t\t\t\t\t<li class=\"elementor-icon-list-item\">\n\t\t\t\t\t\t\t\t\t\t\t<span class=\"elementor-icon-list-icon\">\n\t\t\t\t\t\t\t<svg aria-hidden=\"true\" class=\"e-font-icon-svg e-fas-city\" viewBox=\"0 0 640 512\" xmlns=\"http:\/\/www.w3.org\/2000\/svg\"><path d=\"M616 192H480V24c0-13.26-10.74-24-24-24H312c-13.26 0-24 10.74-24 24v72h-64V16c0-8.84-7.16-16-16-16h-16c-8.84 0-16 7.16-16 16v80h-64V16c0-8.84-7.16-16-16-16H80c-8.84 0-16 7.16-16 16v80H24c-13.26 0-24 10.74-24 24v360c0 17.67 14.33 32 32 32h576c17.67 0 32-14.33 32-32V216c0-13.26-10.75-24-24-24zM128 404c0 6.63-5.37 12-12 12H76c-6.63 0-12-5.37-12-12v-40c0-6.63 5.37-12 12-12h40c6.63 0 12 5.37 12 12v40zm0-96c0 6.63-5.37 12-12 12H76c-6.63 0-12-5.37-12-12v-40c0-6.63 5.37-12 12-12h40c6.63 0 12 5.37 12 12v40zm0-96c0 6.63-5.37 12-12 12H76c-6.63 0-12-5.37-12-12v-40c0-6.63 5.37-12 12-12h40c6.63 0 12 5.37 12 12v40zm128 192c0 6.63-5.37 12-12 12h-40c-6.63 0-12-5.37-12-12v-40c0-6.63 5.37-12 12-12h40c6.63 0 12 5.37 12 12v40zm0-96c0 6.63-5.37 12-12 12h-40c-6.63 0-12-5.37-12-12v-40c0-6.63 5.37-12 12-12h40c6.63 0 12 5.37 12 12v40zm0-96c0 6.63-5.37 12-12 12h-40c-6.63 0-12-5.37-12-12v-40c0-6.63 5.37-12 12-12h40c6.63 0 12 5.37 12 12v40zm160 96c0 6.63-5.37 12-12 12h-40c-6.63 0-12-5.37-12-12v-40c0-6.63 5.37-12 12-12h40c6.63 0 12 5.37 12 12v40zm0-96c0 6.63-5.37 12-12 12h-40c-6.63 0-12-5.37-12-12v-40c0-6.63 5.37-12 12-12h40c6.63 0 12 5.37 12 12v40zm0-96c0 6.63-5.37 12-12 12h-40c-6.63 0-12-5.37-12-12V76c0-6.63 5.37-12 12-12h40c6.63 0 12 5.37 12 12v40zm160 288c0 6.63-5.37 12-12 12h-40c-6.63 0-12-5.37-12-12v-40c0-6.63 5.37-12 12-12h40c6.63 0 12 5.37 12 12v40zm0-96c0 6.63-5.37 12-12 12h-40c-6.63 0-12-5.37-12-12v-40c0-6.63 5.37-12 12-12h40c6.63 0 12 5.37 12 12v40z\"><\/path><\/svg>\t\t\t\t\t\t<\/span>\n\t\t\t\t\t\t\t\t\t\t<span class=\"elementor-icon-list-text\">Estrela<\/span>\n\t\t\t\t\t\t\t\t\t<\/li>\n\t\t\t\t\t\t\t\t<li class=\"elementor-icon-list-item\">\n\t\t\t\t\t\t\t\t\t\t\t<span class=\"elementor-icon-list-icon\">\n\t\t\t\t\t\t\t<svg aria-hidden=\"true\" class=\"e-font-icon-svg e-far-address-card\" viewBox=\"0 0 576 512\" xmlns=\"http:\/\/www.w3.org\/2000\/svg\"><path d=\"M528 32H48C21.5 32 0 53.5 0 80v352c0 26.5 21.5 48 48 48h480c26.5 0 48-21.5 48-48V80c0-26.5-21.5-48-48-48zm0 400H48V80h480v352zM208 256c35.3 0 64-28.7 64-64s-28.7-64-64-64-64 28.7-64 64 28.7 64 64 64zm-89.6 128h179.2c12.4 0 22.4-8.6 22.4-19.2v-19.2c0-31.8-30.1-57.6-67.2-57.6-10.8 0-18.7 8-44.8 8-26.9 0-33.4-8-44.8-8-37.1 0-67.2 25.8-67.2 57.6v19.2c0 10.6 10 19.2 22.4 19.2zM360 320h112c4.4 0 8-3.6 8-8v-16c0-4.4-3.6-8-8-8H360c-4.4 0-8 3.6-8 8v16c0 4.4 3.6 8 8 8zm0-64h112c4.4 0 8-3.6 8-8v-16c0-4.4-3.6-8-8-8H360c-4.4 0-8 3.6-8 8v16c0 4.4 3.6 8 8 8zm0-64h112c4.4 0 8-3.6 8-8v-16c0-4.4-3.6-8-8-8H360c-4.4 0-8 3.6-8 8v16c0 4.4 3.6 8 8 8z\"><\/path><\/svg>\t\t\t\t\t\t<\/span>\n\t\t\t\t\t\t\t\t\t\t<span class=\"elementor-icon-list-text\">Courela das Antas<\/span>\n\t\t\t\t\t\t\t\t\t<\/li>\n\t\t\t\t\t\t\t\t<li class=\"elementor-icon-list-item\">\n\t\t\t\t\t\t\t\t\t\t\t<span class=\"elementor-icon-list-icon\">\n\t\t\t\t\t\t\t<svg aria-hidden=\"true\" class=\"e-font-icon-svg e-fas-phone-alt\" viewBox=\"0 0 512 512\" xmlns=\"http:\/\/www.w3.org\/2000\/svg\"><path d=\"M497.39 361.8l-112-48a24 24 0 0 0-28 6.9l-49.6 60.6A370.66 370.66 0 0 1 130.6 204.11l60.6-49.6a23.94 23.94 0 0 0 6.9-28l-48-112A24.16 24.16 0 0 0 122.6.61l-104 24A24 24 0 0 0 0 48c0 256.5 207.9 464 464 464a24 24 0 0 0 23.4-18.6l24-104a24.29 24.29 0 0 0-14.01-27.6z\"><\/path><\/svg>\t\t\t\t\t\t<\/span>\n\t\t\t\t\t\t\t\t\t\t<span class=\"elementor-icon-list-text\">919 373 733<\/span>\n\t\t\t\t\t\t\t\t\t<\/li>\n\t\t\t\t\t\t\t\t<li class=\"elementor-icon-list-item\">\n\t\t\t\t\t\t\t\t\t\t\t<a href=\"mailto:geral@montedaestrela.pt\">\n\n\t\t\t\t\t\t\t\t\t\t\t\t<span class=\"elementor-icon-list-icon\">\n\t\t\t\t\t\t\t<svg aria-hidden=\"true\" class=\"e-font-icon-svg e-far-envelope\" viewBox=\"0 0 512 512\" xmlns=\"http:\/\/www.w3.org\/2000\/svg\"><path d=\"M464 64H48C21.49 64 0 85.49 0 112v288c0 26.51 21.49 48 48 48h416c26.51 0 48-21.49 48-48V112c0-26.51-21.49-48-48-48zm0 48v40.805c-22.422 18.259-58.168 46.651-134.587 106.49-16.841 13.247-50.201 45.072-73.413 44.701-23.208.375-56.579-31.459-73.413-44.701C106.18 199.465 70.425 171.067 48 152.805V112h416zM48 400V214.398c22.914 18.251 55.409 43.862 104.938 82.646 21.857 17.205 60.134 55.186 103.062 54.955 42.717.231 80.509-37.199 103.053-54.947 49.528-38.783 82.032-64.401 104.947-82.653V400H48z\"><\/path><\/svg>\t\t\t\t\t\t<\/span>\n\t\t\t\t\t\t\t\t\t\t<span class=\"elementor-icon-list-text\">geral@montedaestrela.pt<\/span>\n\t\t\t\t\t\t\t\t\t\t\t<\/a>\n\t\t\t\t\t\t\t\t\t<\/li>\n\t\t\t\t\t\t\t\t<li class=\"elementor-icon-list-item\">\n\t\t\t\t\t\t\t\t\t\t\t<a href=\"https:\/\/www.montedaestrela.pt\/\">\n\n\t\t\t\t\t\t\t\t\t\t\t\t<span class=\"elementor-icon-list-icon\">\n\t\t\t\t\t\t\t<svg aria-hidden=\"true\" class=\"e-font-icon-svg e-fas-external-link-alt\" viewBox=\"0 0 512 512\" xmlns=\"http:\/\/www.w3.org\/2000\/svg\"><path d=\"M432,320H400a16,16,0,0,0-16,16V448H64V128H208a16,16,0,0,0,16-16V80a16,16,0,0,0-16-16H48A48,48,0,0,0,0,112V464a48,48,0,0,0,48,48H400a48,48,0,0,0,48-48V336A16,16,0,0,0,432,320ZM488,0h-128c-21.37,0-32.05,25.91-17,41l35.73,35.73L135,320.37a24,24,0,0,0,0,34L157.67,377a24,24,0,0,0,34,0L435.28,133.32,471,169c15,15,41,4.5,41-17V24A24,24,0,0,0,488,0Z\"><\/path><\/svg>\t\t\t\t\t\t<\/span>\n\t\t\t\t\t\t\t\t\t\t<span class=\"elementor-icon-list-text\">montedaestrela.pt<\/span>\n\t\t\t\t\t\t\t\t\t\t\t<\/a>\n\t\t\t\t\t\t\t\t\t<\/li>\n\t\t\t\t\t\t<\/ul>\n\t\t\t\t\t\t<\/div>\n\t\t\t\t<\/div>\n\t\t\t\t<div class=\"elementor-element elementor-element-493b48e elementor-icon-list--layout-traditional elementor-list-item-link-full_width elementor-widget elementor-widget-icon-list\" data-id=\"493b48e\" data-element_type=\"widget\" data-e-type=\"widget\" data-settings=\"{&quot;grandtour_ext_link_sidemenu&quot;:&quot;false&quot;,&quot;grandtour_ext_link_fullmenu&quot;:&quot;false&quot;,&quot;grandtour_ext_link_closed_fullmenu&quot;:&quot;false&quot;,&quot;grandtour_ext_is_sticky&quot;:&quot;false&quot;,&quot;grandtour_ext_is_scrollme&quot;:&quot;false&quot;,&quot;grandtour_ext_is_smoove&quot;:&quot;false&quot;,&quot;grandtour_ext_is_parallax_mouse&quot;:&quot;false&quot;,&quot;grandtour_ext_is_infinite&quot;:&quot;false&quot;,&quot;grandtour_ext_is_fadeout_animation&quot;:&quot;false&quot;,&quot;grandtour_ext_mobile_static&quot;:&quot;false&quot;}\" data-widget_type=\"icon-list.default\">\n\t\t\t\t<div class=\"elementor-widget-container\">\n\t\t\t\t\t\t\t<ul class=\"elementor-icon-list-items\">\n\t\t\t\t\t\t\t<li class=\"elementor-icon-list-item\">\n\t\t\t\t\t\t\t\t\t\t\t<a href=\"https:\/\/maps.app.goo.gl\/Be4PVRV1JLYy3Nvy6\" target=\"_blank\" rel=\"nofollow\">\n\n\t\t\t\t\t\t\t\t\t\t\t\t<span class=\"elementor-icon-list-icon\">\n\t\t\t\t\t\t\t<svg aria-hidden=\"true\" class=\"e-font-icon-svg e-fas-map-pin\" viewBox=\"0 0 288 512\" xmlns=\"http:\/\/www.w3.org\/2000\/svg\"><path d=\"M112 316.94v156.69l22.02 33.02c4.75 7.12 15.22 7.12 19.97 0L176 473.63V316.94c-10.39 1.92-21.06 3.06-32 3.06s-21.61-1.14-32-3.06zM144 0C64.47 0 0 64.47 0 144s64.47 144 144 144 144-64.47 144-144S223.53 0 144 0zm0 76c-37.5 0-68 30.5-68 68 0 6.62-5.38 12-12 12s-12-5.38-12-12c0-50.73 41.28-92 92-92 6.62 0 12 5.38 12 12s-5.38 12-12 12z\"><\/path><\/svg>\t\t\t\t\t\t<\/span>\n\t\t\t\t\t\t\t\t\t\t<span class=\"elementor-icon-list-text\">Ver mapa<\/span>\n\t\t\t\t\t\t\t\t\t\t\t<\/a>\n\t\t\t\t\t\t\t\t\t<\/li>\n\t\t\t\t\t\t<\/ul>\n\t\t\t\t\t\t<\/div>\n\t\t\t\t<\/div>\n\t\t\t\t<\/div>\n\t\t\t\t\t<\/div>\n\t\t\t\t<\/div>\n\t\t<div class=\"elementor-element elementor-element-0d1f16f e-flex e-con-boxed e-con e-parent\" data-id=\"0d1f16f\" data-element_type=\"container\" data-e-type=\"container\" data-settings=\"{&quot;grandtour_ext_is_background_parallax&quot;:&quot;false&quot;,&quot;grandtour_ext_is_background_backdrop&quot;:&quot;false&quot;,&quot;grandtour_ext_is_background_on_scroll&quot;:&quot;false&quot;,&quot;grandtour_ext_link_sidemenu&quot;:&quot;false&quot;,&quot;grandtour_ext_link_fullmenu&quot;:&quot;false&quot;,&quot;grandtour_ext_link_closed_fullmenu&quot;:&quot;false&quot;,&quot;grandtour_ext_is_sticky&quot;:&quot;false&quot;,&quot;grandtour_ext_is_scrollme&quot;:&quot;false&quot;,&quot;grandtour_ext_is_smoove&quot;:&quot;false&quot;,&quot;grandtour_ext_is_parallax_mouse&quot;:&quot;false&quot;,&quot;grandtour_ext_is_infinite&quot;:&quot;false&quot;,&quot;grandtour_ext_is_fadeout_animation&quot;:&quot;false&quot;,&quot;grandtour_ext_mobile_static&quot;:&quot;false&quot;}\">\n\t\t\t\t\t<div class=\"e-con-inner\">\n\t\t\t\t<div class=\"elementor-element elementor-element-17c9c52 elementor-widget elementor-widget-grandtour-gallery-horizontal\" data-id=\"17c9c52\" data-element_type=\"widget\" data-e-type=\"widget\" data-settings=\"{&quot;grandtour_ext_link_sidemenu&quot;:&quot;false&quot;,&quot;grandtour_ext_link_fullmenu&quot;:&quot;false&quot;,&quot;grandtour_ext_link_closed_fullmenu&quot;:&quot;false&quot;,&quot;grandtour_ext_is_sticky&quot;:&quot;false&quot;,&quot;grandtour_ext_is_scrollme&quot;:&quot;false&quot;,&quot;grandtour_ext_is_smoove&quot;:&quot;false&quot;,&quot;grandtour_ext_is_parallax_mouse&quot;:&quot;false&quot;,&quot;grandtour_ext_is_infinite&quot;:&quot;false&quot;,&quot;grandtour_ext_is_fadeout_animation&quot;:&quot;false&quot;,&quot;grandtour_ext_mobile_static&quot;:&quot;false&quot;}\" data-widget_type=\"grandtour-gallery-horizontal.default\">\n\t\t\t\t<div class=\"elementor-widget-container\">\n\t\t\t\t\t<div id=\"horizontal-gallery-17c9c52\" class=\"horizontal-gallery-wrapper\" data-autoplay=\"0\" data-loop=\"0\" data-navigation=\"1\" data-pagination=\"1\" data-parallax=\"1\" data-fullscreen=\"0\">\n\t\t<div class=\"horizontal-gallery-cell\" style=\"margin-right:40px\">\n\t\t\t\t\t\t<img class=\"horizontal-gallery-cell-img\" data-flickity-lazyload=\"https:\/\/darkskyalqueva.com\/wp-content\/uploads\/2025\/04\/monte_da_estrela_Copia-de-DSC_0105-1024x678.jpg\" alt=\"\" style=\"height:500px;\" \/>\n\t\t\t\t\t<\/div>\n\t\t<div class=\"horizontal-gallery-cell\" style=\"margin-right:40px\">\n\t\t\t\t\t\t<img class=\"horizontal-gallery-cell-img\" data-flickity-lazyload=\"https:\/\/darkskyalqueva.com\/wp-content\/uploads\/2025\/04\/monte_da_estrela_Copia-de-DSC_0122-1024x678.jpg\" alt=\"\" style=\"height:500px;\" \/>\n\t\t\t\t\t<\/div>\n\t\t<div class=\"horizontal-gallery-cell\" style=\"margin-right:40px\">\n\t\t\t\t\t\t<img class=\"horizontal-gallery-cell-img\" data-flickity-lazyload=\"https:\/\/darkskyalqueva.com\/wp-content\/uploads\/2025\/04\/monte_da_estrela_Copia-de-DSC_0371-1024x678.jpg\" alt=\"\" style=\"height:500px;\" \/>\n\t\t\t\t\t<\/div>\n\t\t<div class=\"horizontal-gallery-cell\" style=\"margin-right:40px\">\n\t\t\t\t\t\t<img class=\"horizontal-gallery-cell-img\" data-flickity-lazyload=\"https:\/\/darkskyalqueva.com\/wp-content\/uploads\/2025\/04\/monte_da_estrela_Copia-de-DSC_0516-1024x678.jpg\" alt=\"\" style=\"height:500px;\" \/>\n\t\t\t\t\t<\/div>\n\t\t<div class=\"horizontal-gallery-cell\" style=\"margin-right:40px\">\n\t\t\t\t\t\t<img class=\"horizontal-gallery-cell-img\" data-flickity-lazyload=\"https:\/\/darkskyalqueva.com\/wp-content\/uploads\/2025\/04\/monte_da_estrela_Copia-de-DSC_0664-1024x678.jpg\" alt=\"\" style=\"height:500px;\" \/>\n\t\t\t\t\t<\/div>\n\t\t<div class=\"horizontal-gallery-cell\" style=\"margin-right:40px\">\n\t\t\t\t\t\t<img class=\"horizontal-gallery-cell-img\" data-flickity-lazyload=\"https:\/\/darkskyalqueva.com\/wp-content\/uploads\/2025\/04\/monte_da_estrela_Copia-de-DSC_0666-1024x678.jpg\" alt=\"\" style=\"height:500px;\" \/>\n\t\t\t\t\t<\/div>\n\t\t<div class=\"horizontal-gallery-cell\" style=\"margin-right:40px\">\n\t\t\t\t\t\t<img class=\"horizontal-gallery-cell-img\" data-flickity-lazyload=\"https:\/\/darkskyalqueva.com\/wp-content\/uploads\/2025\/04\/monte_da_estrela_Copia-de-DSC_0674-1024x678.jpg\" alt=\"\" style=\"height:500px;\" \/>\n\t\t\t\t\t<\/div>\n\t\t<div class=\"horizontal-gallery-cell\" style=\"margin-right:40px\">\n\t\t\t\t\t\t<img class=\"horizontal-gallery-cell-img\" data-flickity-lazyload=\"https:\/\/darkskyalqueva.com\/wp-content\/uploads\/2025\/04\/monte_da_estrela_Copia-de-DSC_0683-1024x678.jpg\" alt=\"\" style=\"height:500px;\" \/>\n\t\t\t\t\t<\/div>\n\t\t<div class=\"horizontal-gallery-cell\" style=\"margin-right:40px\">\n\t\t\t\t\t\t<img class=\"horizontal-gallery-cell-img\" data-flickity-lazyload=\"https:\/\/darkskyalqueva.com\/wp-content\/uploads\/2025\/04\/monte_da_estrela_DSC_0193-1024x678.jpg\" alt=\"\" style=\"height:500px;\" \/>\n\t\t\t\t\t<\/div>\n\t\t<div class=\"horizontal-gallery-cell\" style=\"margin-right:40px\">\n\t\t\t\t\t\t<img class=\"horizontal-gallery-cell-img\" data-flickity-lazyload=\"https:\/\/darkskyalqueva.com\/wp-content\/uploads\/2025\/04\/monte_da_estrela_DSC_0598-1024x678.jpg\" alt=\"\" style=\"height:500px;\" \/>\n\t\t\t\t\t<\/div>\n\t\t<div class=\"horizontal-gallery-cell\" style=\"margin-right:40px\">\n\t\t\t\t\t\t<img class=\"horizontal-gallery-cell-img\" data-flickity-lazyload=\"https:\/\/darkskyalqueva.com\/wp-content\/uploads\/2025\/04\/monte_da_estrela_DSC00084-1024x768.jpg\" alt=\"\" style=\"height:500px;\" \/>\n\t\t\t\t\t<\/div>\n\t\t<div class=\"horizontal-gallery-cell\" style=\"margin-right:40px\">\n\t\t\t\t\t\t<img class=\"horizontal-gallery-cell-img\" data-flickity-lazyload=\"https:\/\/darkskyalqueva.com\/wp-content\/uploads\/2025\/04\/monte_da_estrela_IMG_1398-1024x682.jpg\" alt=\"\" style=\"height:500px;\" \/>\n\t\t\t\t\t<\/div>\n\t\t<div class=\"horizontal-gallery-cell\" style=\"margin-right:40px\">\n\t\t\t\t\t\t<img class=\"horizontal-gallery-cell-img\" data-flickity-lazyload=\"https:\/\/darkskyalqueva.com\/wp-content\/uploads\/2025\/04\/monte_da_estrela_IMG_1403-1024x682.jpg\" alt=\"\" style=\"height:500px;\" \/>\n\t\t\t\t\t<\/div>\n<\/div>\n\t\t\t\t<\/div>\n\t\t\t\t<\/div>\n\t\t\t\t<div class=\"elementor-element elementor-element-68f9305 elementor-align-center elementor-mobile-align-center elementor-widget elementor-widget-button\" data-id=\"68f9305\" data-element_type=\"widget\" data-e-type=\"widget\" data-settings=\"{&quot;grandtour_ext_link_sidemenu&quot;:&quot;false&quot;,&quot;grandtour_ext_link_fullmenu&quot;:&quot;false&quot;,&quot;grandtour_ext_link_closed_fullmenu&quot;:&quot;false&quot;,&quot;grandtour_ext_is_sticky&quot;:&quot;false&quot;,&quot;grandtour_ext_is_scrollme&quot;:&quot;false&quot;,&quot;grandtour_ext_is_smoove&quot;:&quot;false&quot;,&quot;grandtour_ext_is_parallax_mouse&quot;:&quot;false&quot;,&quot;grandtour_ext_is_infinite&quot;:&quot;false&quot;,&quot;grandtour_ext_is_fadeout_animation&quot;:&quot;false&quot;,&quot;grandtour_ext_mobile_static&quot;:&quot;false&quot;}\" data-widget_type=\"button.default\">\n\t\t\t\t<div class=\"elementor-widget-container\">\n\t\t\t\t\t\t\t\t\t<div class=\"elementor-button-wrapper\">\n\t\t\t\t\t<a class=\"elementor-button elementor-button-link elementor-size-sm\" href=\"https:\/\/darkskyalqueva.com\/es\/alojamiento\/\">\n\t\t\t\t\t\t<span class=\"elementor-button-content-wrapper\">\n\t\t\t\t\t\t\t\t\t<span class=\"elementor-button-text\">Ver todos los alojamientos<\/span>\n\t\t\t\t\t<\/span>\n\t\t\t\t\t<\/a>\n\t\t\t\t<\/div>\n\t\t\t\t\t\t\t\t<\/div>\n\t\t\t\t<\/div>\n\t\t\t\t\t<\/div>\n\t\t\t\t<\/div>\n\t\t\t\t<\/div>\n\t\t","protected":false},"excerpt":{"rendered":"<p>Bienestar, naturaleza y el cielo del Dark Sky\u00ae Alqueva en el coraz\u00f3n del Alentejo Monte da Estrela Country House &amp; SPA es un refugio de tranquilidad en el coraz\u00f3n del Alentejo, ideal para quienes buscan unos d\u00edas de descanso en [&hellip;]<\/p>\n","protected":false},"author":1,"featured_media":26907,"parent":27043,"menu_order":0,"comment_status":"closed","ping_status":"closed","template":"","meta":{"footnotes":""},"class_list":["post-26993","page","type-page","status-publish","has-post-thumbnail","hentry"],"_links":{"self":[{"href":"https:\/\/darkskyalqueva.com\/es\/wp-json\/wp\/v2\/pages\/26993","targetHints":{"allow":["GET"]}}],"collection":[{"href":"https:\/\/darkskyalqueva.com\/es\/wp-json\/wp\/v2\/pages"}],"about":[{"href":"https:\/\/darkskyalqueva.com\/es\/wp-json\/wp\/v2\/types\/page"}],"author":[{"embeddable":true,"href":"https:\/\/darkskyalqueva.com\/es\/wp-json\/wp\/v2\/users\/1"}],"replies":[{"embeddable":true,"href":"https:\/\/darkskyalqueva.com\/es\/wp-json\/wp\/v2\/comments?post=26993"}],"version-history":[{"count":4,"href":"https:\/\/darkskyalqueva.com\/es\/wp-json\/wp\/v2\/pages\/26993\/revisions"}],"predecessor-version":[{"id":27110,"href":"https:\/\/darkskyalqueva.com\/es\/wp-json\/wp\/v2\/pages\/26993\/revisions\/27110"}],"up":[{"embeddable":true,"href":"https:\/\/darkskyalqueva.com\/es\/wp-json\/wp\/v2\/pages\/27043"}],"wp:featuredmedia":[{"embeddable":true,"href":"https:\/\/darkskyalqueva.com\/es\/wp-json\/wp\/v2\/media\/26907"}],"wp:attachment":[{"href":"https:\/\/darkskyalqueva.com\/es\/wp-json\/wp\/v2\/media?parent=26993"}],"curies":[{"name":"wp","href":"https:\/\/api.w.org\/{rel}","templated":true}]}}