{"id":27124,"date":"2026-03-09T12:20:26","date_gmt":"2026-03-09T12:20:26","guid":{"rendered":"https:\/\/darkskyalqueva.com\/celeiro-comun\/"},"modified":"2026-03-16T21:06:36","modified_gmt":"2026-03-16T21:06:36","slug":"celeiro-comun","status":"publish","type":"page","link":"https:\/\/darkskyalqueva.com\/es\/actividades\/tiendas-y-artesanias\/celeiro-comun\/","title":{"rendered":"Celeiro Com\u00fan"},"content":{"rendered":"\t\t<div data-elementor-type=\"wp-page\" data-elementor-id=\"27124\" class=\"elementor elementor-27124 elementor-25760\">\n\t\t\t\t<div class=\"elementor-element elementor-element-237b723 e-flex e-con-boxed e-con e-parent\" data-id=\"237b723\" data-element_type=\"container\" data-e-type=\"container\" data-settings=\"{&quot;grandtour_ext_is_background_parallax&quot;:&quot;false&quot;,&quot;grandtour_ext_is_background_backdrop&quot;:&quot;false&quot;,&quot;grandtour_ext_is_background_on_scroll&quot;:&quot;false&quot;,&quot;grandtour_ext_link_sidemenu&quot;:&quot;false&quot;,&quot;grandtour_ext_link_fullmenu&quot;:&quot;false&quot;,&quot;grandtour_ext_link_closed_fullmenu&quot;:&quot;false&quot;,&quot;grandtour_ext_is_sticky&quot;:&quot;false&quot;,&quot;grandtour_ext_is_scrollme&quot;:&quot;false&quot;,&quot;grandtour_ext_is_smoove&quot;:&quot;false&quot;,&quot;grandtour_ext_is_parallax_mouse&quot;:&quot;false&quot;,&quot;grandtour_ext_is_infinite&quot;:&quot;false&quot;,&quot;grandtour_ext_is_fadeout_animation&quot;:&quot;false&quot;,&quot;grandtour_ext_mobile_static&quot;:&quot;false&quot;}\">\n\t\t\t\t\t<div class=\"e-con-inner\">\n\t\t<div class=\"elementor-element elementor-element-75a51ff e-con-full e-flex e-con e-child\" data-id=\"75a51ff\" data-element_type=\"container\" data-e-type=\"container\" data-settings=\"{&quot;grandtour_ext_is_background_parallax&quot;:&quot;false&quot;,&quot;grandtour_ext_is_background_backdrop&quot;:&quot;false&quot;,&quot;grandtour_ext_is_background_on_scroll&quot;:&quot;false&quot;,&quot;grandtour_ext_link_sidemenu&quot;:&quot;false&quot;,&quot;grandtour_ext_link_fullmenu&quot;:&quot;false&quot;,&quot;grandtour_ext_link_closed_fullmenu&quot;:&quot;false&quot;,&quot;grandtour_ext_is_sticky&quot;:&quot;false&quot;,&quot;grandtour_ext_is_scrollme&quot;:&quot;false&quot;,&quot;grandtour_ext_is_smoove&quot;:&quot;false&quot;,&quot;grandtour_ext_is_parallax_mouse&quot;:&quot;false&quot;,&quot;grandtour_ext_is_infinite&quot;:&quot;false&quot;,&quot;grandtour_ext_is_fadeout_animation&quot;:&quot;false&quot;,&quot;grandtour_ext_mobile_static&quot;:&quot;false&quot;}\">\n\t\t\t\t<div class=\"elementor-element elementor-element-a2229f5 elementor-widget elementor-widget-text-editor\" data-id=\"a2229f5\" data-element_type=\"widget\" data-e-type=\"widget\" data-settings=\"{&quot;grandtour_ext_link_sidemenu&quot;:&quot;false&quot;,&quot;grandtour_ext_link_fullmenu&quot;:&quot;false&quot;,&quot;grandtour_ext_link_closed_fullmenu&quot;:&quot;false&quot;,&quot;grandtour_ext_is_sticky&quot;:&quot;false&quot;,&quot;grandtour_ext_is_scrollme&quot;:&quot;false&quot;,&quot;grandtour_ext_is_smoove&quot;:&quot;false&quot;,&quot;grandtour_ext_is_parallax_mouse&quot;:&quot;false&quot;,&quot;grandtour_ext_is_infinite&quot;:&quot;false&quot;,&quot;grandtour_ext_is_fadeout_animation&quot;:&quot;false&quot;,&quot;grandtour_ext_mobile_static&quot;:&quot;false&quot;}\" data-widget_type=\"text-editor.default\">\n\t\t\t\t<div class=\"elementor-widget-container\">\n\t\t\t\t\t\t\t\t\t<h3>Artesan\u00eda del Alentejo y la Tradici\u00f3n de los Mu\u00f1ecos de Estremoz<\/h3><p>En el coraz\u00f3n de la hist\u00f3rica villa de Evoramonte, a pocos pasos del castillo y de las calles que conservan siglos de memoria alentejana, se encuentra el Celeiro Com\u00fan, una tienda de artesan\u00eda que es tambi\u00e9n un espacio de preservaci\u00f3n cultural y creaci\u00f3n art\u00edstica.<\/p><p>Con m\u00e1s de dos d\u00e9cadas de existencia, el Celeiro Com\u00fan se ha convertido en una referencia en la divulgaci\u00f3n y valorizaci\u00f3n de la artesan\u00eda regional. Integrado en la Red Oficial de Socios Dark Sky\u00ae Alqueva, este espacio representa un v\u00ednculo natural entre patrimonio cultural, identidad local y la experiencia m\u00e1s amplia del territorio. <\/p><p>Gestionado por la familia Lopes, el Celeiro Com\u00fan se afirma como un lugar donde la artesan\u00eda tradicional cobra vida a trav\u00e9s de las manos de sus creadores. Aqu\u00ed trabajan Jos\u00e9 Lopes (padre e hijo) e Inoc\u00eancia Lopes, artesana certificada en la producci\u00f3n de los emblem\u00e1ticos Mu\u00f1ecos de Estremoz, una de las tradiciones m\u00e1s importantes de la artesan\u00eda portuguesa. <\/p><p>M\u00e1s que una tienda, el Celeiro Com\u00fan funciona como un peque\u00f1o taller abierto al visitante, donde es posible observar el proceso creativo y descubrir piezas que cuentan historias de la cultura y de la vida cotidiana del Alentejo.<\/p><h3>Los Mu\u00f1ecos de Estremoz<\/h3><p><b>Un Patrimonio Cultural de la Humanidad<\/b><\/p><p>El Figurado de Barro de Estremoz posee una tradici\u00f3n con m\u00e1s de tres siglos de historia, que se remonta al menos al siglo XVII. Estas peque\u00f1as esculturas de barro representan santos, figuras populares, escenas de la vida cotidiana y elementos del mundo rural alentejano, combinando modelado manual, colores vivos y una gran expresividad. <\/p><p>En 2017, este arte fue reconocido por la UNESCO como Patrimonio Cultural Inmaterial de la Humanidad, distinguiendo no solo los objetos en s\u00ed mismos, sino tambi\u00e9n el saber hacer transmitido de generaci\u00f3n en generaci\u00f3n entre los artesanos del barro de la regi\u00f3n.<\/p><p>Cada figura se moldea manualmente mediante t\u00e9cnicas tradicionales basadas en la bola, el rollo y la placa de barro; posteriormente se cuece, se pinta y se finaliza con barniz, dando lugar a piezas \u00fanicas que reflejan la identidad cultural del Alentejo.<\/p><h3>Inoc\u00eancia Lopes<\/h3><p><b>Artesana Certificada de los Mu\u00f1ecos de Estremoz<\/b><\/p><p>En el Celeiro Com\u00fan, el trabajo de Inoc\u00eancia Lopes ocupa un papel central en la preservaci\u00f3n de esta tradici\u00f3n. Natural de Evoramonte, la artesana forma parte del reducido grupo de productores certificados de los Mu\u00f1ecos de Estremoz, reconocimiento otorgado por el Ayuntamiento de Estremoz a los creadores que respetan los c\u00e1nones t\u00e9cnicos y est\u00e9ticos de este arte. <\/p><p>Su formaci\u00f3n incluy\u00f3 un curso especializado dedicado a las t\u00e9cnicas tradicionales de producci\u00f3n, realizado en el Centro Interpretativo del Mu\u00f1eco de Estremoz, donde profundiz\u00f3 en los conocimientos sobre modelado, pintura e iconograf\u00eda del figurado.<\/p><p>En sus piezas, Inoc\u00eancia Lopes recrea las figuras cl\u00e1sicas de esta tradici\u00f3n, como im\u00e1genes devocionales, belenes o personajes de la vida rural, al tiempo que introduce composiciones inspiradas en la cultura y las tradiciones del Alentejo, contribuyendo a la continuidad y renovaci\u00f3n de esta herencia art\u00edstica.<\/p><p>Entre sus creaciones destaca tambi\u00e9n el Darkonauta, una pieza singular desarrollada para el Dark Sky\u00ae Alqueva. Este mu\u00f1eco de barro representa una r\u00e9plica del traje de astronauta presente en el Observatorio Oficial Dark Sky\u00ae Alqueva, estableciendo un puente simb\u00f3lico entre la artesan\u00eda tradicional del Alentejo y la dimensi\u00f3n contempor\u00e1nea del territorio vinculada a la astronom\u00eda y al astroturismo. <\/p><h3>Artesan\u00eda, Territorio y Tradici\u00f3n<\/h3><p>Adem\u00e1s del figurado de barro, el Celeiro Com\u00fan presenta una cuidada selecci\u00f3n de artesan\u00eda regional, que incluye piezas de corcho, cer\u00e1mica tradicional, objetos utilitarios y productos vinculados a la identidad del Alentejo.<\/p><p>Cada objeto refleja una profunda relaci\u00f3n con el territorio, con los materiales y con las tradiciones locales, transformando la visita a la tienda en un verdadero descubrimiento de la cultura alentejana.<\/p><p>En un ambiente acogedor y aut\u00e9ntico, los visitantes son invitados a entrar, conversar con los artesanos y conocer de cerca el proceso de creaci\u00f3n de las piezas, convirtiendo cada visita en una experiencia cultural y humana.<\/p><h3>Una Parada Aut\u00e9ntica en el Territorio Dark Sky\u00ae Alqueva<\/h3><p>Integrada en el territorio Dark Sky\u00ae Alqueva, la hist\u00f3rica villa de Evoramonte ofrece un escenario donde patrimonio, paisaje y cultura se encuentran. En este contexto, el Celeiro Com\u00fan representa una parada aut\u00e9ntica para quienes desean descubrir el lado m\u00e1s genuino del Alentejo. <\/p><p>Entre el silencio de las calles hist\u00f3ricas de la villa, el paisaje abierto de la llanura y el profundo cielo del territorio Dark Sky\u00ae Alqueva, el barro moldeado a mano revela historias, memorias y personajes que forman parte de la identidad de esta tierra.<\/p><p>En el Celeiro Com\u00fan, cada pieza es m\u00e1s que un objeto: es un fragmento de la cultura del Alentejo transformado en arte, donde tradici\u00f3n e imaginaci\u00f3n dialogan con el mismo horizonte infinito que inspira el cielo estrellado del Dark Sky\u00ae Alqueva.<\/p>\t\t\t\t\t\t\t\t<\/div>\n\t\t\t\t<\/div>\n\t\t\t\t<\/div>\n\t\t<div class=\"elementor-element elementor-element-f352724 e-con-full e-flex e-con e-child\" data-id=\"f352724\" data-element_type=\"container\" data-e-type=\"container\" data-settings=\"{&quot;grandtour_ext_is_background_parallax&quot;:&quot;false&quot;,&quot;grandtour_ext_is_background_backdrop&quot;:&quot;false&quot;,&quot;grandtour_ext_is_background_on_scroll&quot;:&quot;false&quot;,&quot;grandtour_ext_link_sidemenu&quot;:&quot;false&quot;,&quot;grandtour_ext_link_fullmenu&quot;:&quot;false&quot;,&quot;grandtour_ext_link_closed_fullmenu&quot;:&quot;false&quot;,&quot;grandtour_ext_is_sticky&quot;:&quot;false&quot;,&quot;grandtour_ext_is_scrollme&quot;:&quot;false&quot;,&quot;grandtour_ext_is_smoove&quot;:&quot;false&quot;,&quot;grandtour_ext_is_parallax_mouse&quot;:&quot;false&quot;,&quot;grandtour_ext_is_infinite&quot;:&quot;false&quot;,&quot;grandtour_ext_is_fadeout_animation&quot;:&quot;false&quot;,&quot;grandtour_ext_mobile_static&quot;:&quot;false&quot;}\">\n\t\t\t\t<div class=\"elementor-element elementor-element-52e7696 elementor-widget elementor-widget-heading\" data-id=\"52e7696\" data-element_type=\"widget\" data-e-type=\"widget\" data-settings=\"{&quot;grandtour_ext_link_sidemenu&quot;:&quot;false&quot;,&quot;grandtour_ext_link_fullmenu&quot;:&quot;false&quot;,&quot;grandtour_ext_link_closed_fullmenu&quot;:&quot;false&quot;,&quot;grandtour_ext_is_sticky&quot;:&quot;false&quot;,&quot;grandtour_ext_is_scrollme&quot;:&quot;false&quot;,&quot;grandtour_ext_is_smoove&quot;:&quot;false&quot;,&quot;grandtour_ext_is_parallax_mouse&quot;:&quot;false&quot;,&quot;grandtour_ext_is_infinite&quot;:&quot;false&quot;,&quot;grandtour_ext_is_fadeout_animation&quot;:&quot;false&quot;,&quot;grandtour_ext_mobile_static&quot;:&quot;false&quot;}\" data-widget_type=\"heading.default\">\n\t\t\t\t<div class=\"elementor-widget-container\">\n\t\t\t\t\t<h3 class=\"elementor-heading-title elementor-size-default\">Direcci\u00f3n<\/h3>\t\t\t\t<\/div>\n\t\t\t\t<\/div>\n\t\t\t\t<div class=\"elementor-element elementor-element-49dd796 elementor-icon-list--layout-traditional elementor-list-item-link-full_width elementor-widget elementor-widget-icon-list\" data-id=\"49dd796\" data-element_type=\"widget\" data-e-type=\"widget\" data-settings=\"{&quot;grandtour_ext_link_sidemenu&quot;:&quot;false&quot;,&quot;grandtour_ext_link_fullmenu&quot;:&quot;false&quot;,&quot;grandtour_ext_link_closed_fullmenu&quot;:&quot;false&quot;,&quot;grandtour_ext_is_sticky&quot;:&quot;false&quot;,&quot;grandtour_ext_is_scrollme&quot;:&quot;false&quot;,&quot;grandtour_ext_is_smoove&quot;:&quot;false&quot;,&quot;grandtour_ext_is_parallax_mouse&quot;:&quot;false&quot;,&quot;grandtour_ext_is_infinite&quot;:&quot;false&quot;,&quot;grandtour_ext_is_fadeout_animation&quot;:&quot;false&quot;,&quot;grandtour_ext_mobile_static&quot;:&quot;false&quot;}\" data-widget_type=\"icon-list.default\">\n\t\t\t\t<div class=\"elementor-widget-container\">\n\t\t\t\t\t\t\t<ul class=\"elementor-icon-list-items\">\n\t\t\t\t\t\t\t<li class=\"elementor-icon-list-item\">\n\t\t\t\t\t\t\t\t\t\t\t<span class=\"elementor-icon-list-icon\">\n\t\t\t\t\t\t\t<svg aria-hidden=\"true\" class=\"e-font-icon-svg e-far-address-card\" viewBox=\"0 0 576 512\" xmlns=\"http:\/\/www.w3.org\/2000\/svg\"><path d=\"M528 32H48C21.5 32 0 53.5 0 80v352c0 26.5 21.5 48 48 48h480c26.5 0 48-21.5 48-48V80c0-26.5-21.5-48-48-48zm0 400H48V80h480v352zM208 256c35.3 0 64-28.7 64-64s-28.7-64-64-64-64 28.7-64 64 28.7 64 64 64zm-89.6 128h179.2c12.4 0 22.4-8.6 22.4-19.2v-19.2c0-31.8-30.1-57.6-67.2-57.6-10.8 0-18.7 8-44.8 8-26.9 0-33.4-8-44.8-8-37.1 0-67.2 25.8-67.2 57.6v19.2c0 10.6 10 19.2 22.4 19.2zM360 320h112c4.4 0 8-3.6 8-8v-16c0-4.4-3.6-8-8-8H360c-4.4 0-8 3.6-8 8v16c0 4.4 3.6 8 8 8zm0-64h112c4.4 0 8-3.6 8-8v-16c0-4.4-3.6-8-8-8H360c-4.4 0-8 3.6-8 8v16c0 4.4 3.6 8 8 8zm0-64h112c4.4 0 8-3.6 8-8v-16c0-4.4-3.6-8-8-8H360c-4.4 0-8 3.6-8 8v16c0 4.4 3.6 8 8 8z\"><\/path><\/svg>\t\t\t\t\t\t<\/span>\n\t\t\t\t\t\t\t\t\t\t<span class=\"elementor-icon-list-text\">Rua de Santa Maria, n.\u00ba 11<\/span>\n\t\t\t\t\t\t\t\t\t<\/li>\n\t\t\t\t\t\t\t\t<li class=\"elementor-icon-list-item\">\n\t\t\t\t\t\t\t\t\t\t\t<span class=\"elementor-icon-list-icon\">\n\t\t\t\t\t\t\t<svg aria-hidden=\"true\" class=\"e-font-icon-svg e-fas-city\" viewBox=\"0 0 640 512\" xmlns=\"http:\/\/www.w3.org\/2000\/svg\"><path d=\"M616 192H480V24c0-13.26-10.74-24-24-24H312c-13.26 0-24 10.74-24 24v72h-64V16c0-8.84-7.16-16-16-16h-16c-8.84 0-16 7.16-16 16v80h-64V16c0-8.84-7.16-16-16-16H80c-8.84 0-16 7.16-16 16v80H24c-13.26 0-24 10.74-24 24v360c0 17.67 14.33 32 32 32h576c17.67 0 32-14.33 32-32V216c0-13.26-10.75-24-24-24zM128 404c0 6.63-5.37 12-12 12H76c-6.63 0-12-5.37-12-12v-40c0-6.63 5.37-12 12-12h40c6.63 0 12 5.37 12 12v40zm0-96c0 6.63-5.37 12-12 12H76c-6.63 0-12-5.37-12-12v-40c0-6.63 5.37-12 12-12h40c6.63 0 12 5.37 12 12v40zm0-96c0 6.63-5.37 12-12 12H76c-6.63 0-12-5.37-12-12v-40c0-6.63 5.37-12 12-12h40c6.63 0 12 5.37 12 12v40zm128 192c0 6.63-5.37 12-12 12h-40c-6.63 0-12-5.37-12-12v-40c0-6.63 5.37-12 12-12h40c6.63 0 12 5.37 12 12v40zm0-96c0 6.63-5.37 12-12 12h-40c-6.63 0-12-5.37-12-12v-40c0-6.63 5.37-12 12-12h40c6.63 0 12 5.37 12 12v40zm0-96c0 6.63-5.37 12-12 12h-40c-6.63 0-12-5.37-12-12v-40c0-6.63 5.37-12 12-12h40c6.63 0 12 5.37 12 12v40zm160 96c0 6.63-5.37 12-12 12h-40c-6.63 0-12-5.37-12-12v-40c0-6.63 5.37-12 12-12h40c6.63 0 12 5.37 12 12v40zm0-96c0 6.63-5.37 12-12 12h-40c-6.63 0-12-5.37-12-12v-40c0-6.63 5.37-12 12-12h40c6.63 0 12 5.37 12 12v40zm0-96c0 6.63-5.37 12-12 12h-40c-6.63 0-12-5.37-12-12V76c0-6.63 5.37-12 12-12h40c6.63 0 12 5.37 12 12v40zm160 288c0 6.63-5.37 12-12 12h-40c-6.63 0-12-5.37-12-12v-40c0-6.63 5.37-12 12-12h40c6.63 0 12 5.37 12 12v40zm0-96c0 6.63-5.37 12-12 12h-40c-6.63 0-12-5.37-12-12v-40c0-6.63 5.37-12 12-12h40c6.63 0 12 5.37 12 12v40z\"><\/path><\/svg>\t\t\t\t\t\t<\/span>\n\t\t\t\t\t\t\t\t\t\t<span class=\"elementor-icon-list-text\">7100-314 \u00c9vora Monte<\/span>\n\t\t\t\t\t\t\t\t\t<\/li>\n\t\t\t\t\t\t\t\t<li class=\"elementor-icon-list-item\">\n\t\t\t\t\t\t\t\t\t\t\t<span class=\"elementor-icon-list-icon\">\n\t\t\t\t\t\t\t<svg aria-hidden=\"true\" class=\"e-font-icon-svg e-fas-phone-volume\" viewBox=\"0 0 384 512\" xmlns=\"http:\/\/www.w3.org\/2000\/svg\"><path d=\"M97.333 506.966c-129.874-129.874-129.681-340.252 0-469.933 5.698-5.698 14.527-6.632 21.263-2.422l64.817 40.513a17.187 17.187 0 0 1 6.849 20.958l-32.408 81.021a17.188 17.188 0 0 1-17.669 10.719l-55.81-5.58c-21.051 58.261-20.612 122.471 0 179.515l55.811-5.581a17.188 17.188 0 0 1 17.669 10.719l32.408 81.022a17.188 17.188 0 0 1-6.849 20.958l-64.817 40.513a17.19 17.19 0 0 1-21.264-2.422zM247.126 95.473c11.832 20.047 11.832 45.008 0 65.055-3.95 6.693-13.108 7.959-18.718 2.581l-5.975-5.726c-3.911-3.748-4.793-9.622-2.261-14.41a32.063 32.063 0 0 0 0-29.945c-2.533-4.788-1.65-10.662 2.261-14.41l5.975-5.726c5.61-5.378 14.768-4.112 18.718 2.581zm91.787-91.187c60.14 71.604 60.092 175.882 0 247.428-4.474 5.327-12.53 5.746-17.552.933l-5.798-5.557c-4.56-4.371-4.977-11.529-.93-16.379 49.687-59.538 49.646-145.933 0-205.422-4.047-4.85-3.631-12.008.93-16.379l5.798-5.557c5.022-4.813 13.078-4.394 17.552.933zm-45.972 44.941c36.05 46.322 36.108 111.149 0 157.546-4.39 5.641-12.697 6.251-17.856 1.304l-5.818-5.579c-4.4-4.219-4.998-11.095-1.285-15.931 26.536-34.564 26.534-82.572 0-117.134-3.713-4.836-3.115-11.711 1.285-15.931l5.818-5.579c5.159-4.947 13.466-4.337 17.856 1.304z\"><\/path><\/svg>\t\t\t\t\t\t<\/span>\n\t\t\t\t\t\t\t\t\t\t<span class=\"elementor-icon-list-text\">966 759 534<\/span>\n\t\t\t\t\t\t\t\t\t<\/li>\n\t\t\t\t\t\t\t\t<li class=\"elementor-icon-list-item\">\n\t\t\t\t\t\t\t\t\t\t\t<a href=\"mailto:celeirodocomum@gmail.com%20\">\n\n\t\t\t\t\t\t\t\t\t\t\t\t<span class=\"elementor-icon-list-icon\">\n\t\t\t\t\t\t\t<svg aria-hidden=\"true\" class=\"e-font-icon-svg e-fas-mail-bulk\" viewBox=\"0 0 576 512\" xmlns=\"http:\/\/www.w3.org\/2000\/svg\"><path d=\"M160 448c-25.6 0-51.2-22.4-64-32-64-44.8-83.2-60.8-96-70.4V480c0 17.67 14.33 32 32 32h256c17.67 0 32-14.33 32-32V345.6c-12.8 9.6-32 25.6-96 70.4-12.8 9.6-38.4 32-64 32zm128-192H32c-17.67 0-32 14.33-32 32v16c25.6 19.2 22.4 19.2 115.2 86.4 9.6 6.4 28.8 25.6 44.8 25.6s35.2-19.2 44.8-22.4c92.8-67.2 89.6-67.2 115.2-86.4V288c0-17.67-14.33-32-32-32zm256-96H224c-17.67 0-32 14.33-32 32v32h96c33.21 0 60.59 25.42 63.71 57.82l.29-.22V416h192c17.67 0 32-14.33 32-32V192c0-17.67-14.33-32-32-32zm-32 128h-64v-64h64v64zm-352-96c0-35.29 28.71-64 64-64h224V32c0-17.67-14.33-32-32-32H96C78.33 0 64 14.33 64 32v192h96v-32z\"><\/path><\/svg>\t\t\t\t\t\t<\/span>\n\t\t\t\t\t\t\t\t\t\t<span class=\"elementor-icon-list-text\">celeirodocomum@gmail.com <\/span>\n\t\t\t\t\t\t\t\t\t\t\t<\/a>\n\t\t\t\t\t\t\t\t\t<\/li>\n\t\t\t\t\t\t<\/ul>\n\t\t\t\t\t\t<\/div>\n\t\t\t\t<\/div>\n\t\t\t\t<div class=\"elementor-element elementor-element-493b48e elementor-icon-list--layout-traditional elementor-list-item-link-full_width elementor-widget elementor-widget-icon-list\" data-id=\"493b48e\" data-element_type=\"widget\" data-e-type=\"widget\" data-settings=\"{&quot;grandtour_ext_link_sidemenu&quot;:&quot;false&quot;,&quot;grandtour_ext_link_fullmenu&quot;:&quot;false&quot;,&quot;grandtour_ext_link_closed_fullmenu&quot;:&quot;false&quot;,&quot;grandtour_ext_is_sticky&quot;:&quot;false&quot;,&quot;grandtour_ext_is_scrollme&quot;:&quot;false&quot;,&quot;grandtour_ext_is_smoove&quot;:&quot;false&quot;,&quot;grandtour_ext_is_parallax_mouse&quot;:&quot;false&quot;,&quot;grandtour_ext_is_infinite&quot;:&quot;false&quot;,&quot;grandtour_ext_is_fadeout_animation&quot;:&quot;false&quot;,&quot;grandtour_ext_mobile_static&quot;:&quot;false&quot;}\" data-widget_type=\"icon-list.default\">\n\t\t\t\t<div class=\"elementor-widget-container\">\n\t\t\t\t\t\t\t<ul class=\"elementor-icon-list-items\">\n\t\t\t\t\t\t\t<li class=\"elementor-icon-list-item\">\n\t\t\t\t\t\t\t\t\t\t\t<a href=\"https:\/\/maps.app.goo.gl\/uHCH1JaBuYgWCbYD7\" target=\"_blank\" rel=\"nofollow\">\n\n\t\t\t\t\t\t\t\t\t\t\t\t<span class=\"elementor-icon-list-icon\">\n\t\t\t\t\t\t\t<svg aria-hidden=\"true\" class=\"e-font-icon-svg e-fas-map-pin\" viewBox=\"0 0 288 512\" xmlns=\"http:\/\/www.w3.org\/2000\/svg\"><path d=\"M112 316.94v156.69l22.02 33.02c4.75 7.12 15.22 7.12 19.97 0L176 473.63V316.94c-10.39 1.92-21.06 3.06-32 3.06s-21.61-1.14-32-3.06zM144 0C64.47 0 0 64.47 0 144s64.47 144 144 144 144-64.47 144-144S223.53 0 144 0zm0 76c-37.5 0-68 30.5-68 68 0 6.62-5.38 12-12 12s-12-5.38-12-12c0-50.73 41.28-92 92-92 6.62 0 12 5.38 12 12s-5.38 12-12 12z\"><\/path><\/svg>\t\t\t\t\t\t<\/span>\n\t\t\t\t\t\t\t\t\t\t<span class=\"elementor-icon-list-text\">Ver mapa<\/span>\n\t\t\t\t\t\t\t\t\t\t\t<\/a>\n\t\t\t\t\t\t\t\t\t<\/li>\n\t\t\t\t\t\t<\/ul>\n\t\t\t\t\t\t<\/div>\n\t\t\t\t<\/div>\n\t\t\t\t<\/div>\n\t\t\t\t\t<\/div>\n\t\t\t\t<\/div>\n\t\t<div class=\"elementor-element elementor-element-0d1f16f e-flex e-con-boxed e-con e-parent\" data-id=\"0d1f16f\" data-element_type=\"container\" data-e-type=\"container\" data-settings=\"{&quot;grandtour_ext_is_background_parallax&quot;:&quot;false&quot;,&quot;grandtour_ext_is_background_backdrop&quot;:&quot;false&quot;,&quot;grandtour_ext_is_background_on_scroll&quot;:&quot;false&quot;,&quot;grandtour_ext_link_sidemenu&quot;:&quot;false&quot;,&quot;grandtour_ext_link_fullmenu&quot;:&quot;false&quot;,&quot;grandtour_ext_link_closed_fullmenu&quot;:&quot;false&quot;,&quot;grandtour_ext_is_sticky&quot;:&quot;false&quot;,&quot;grandtour_ext_is_scrollme&quot;:&quot;false&quot;,&quot;grandtour_ext_is_smoove&quot;:&quot;false&quot;,&quot;grandtour_ext_is_parallax_mouse&quot;:&quot;false&quot;,&quot;grandtour_ext_is_infinite&quot;:&quot;false&quot;,&quot;grandtour_ext_is_fadeout_animation&quot;:&quot;false&quot;,&quot;grandtour_ext_mobile_static&quot;:&quot;false&quot;}\">\n\t\t\t\t\t<div class=\"e-con-inner\">\n\t\t\t\t<div class=\"elementor-element elementor-element-17c9c52 elementor-widget elementor-widget-grandtour-gallery-horizontal\" data-id=\"17c9c52\" data-element_type=\"widget\" data-e-type=\"widget\" data-settings=\"{&quot;grandtour_ext_link_sidemenu&quot;:&quot;false&quot;,&quot;grandtour_ext_link_fullmenu&quot;:&quot;false&quot;,&quot;grandtour_ext_link_closed_fullmenu&quot;:&quot;false&quot;,&quot;grandtour_ext_is_sticky&quot;:&quot;false&quot;,&quot;grandtour_ext_is_scrollme&quot;:&quot;false&quot;,&quot;grandtour_ext_is_smoove&quot;:&quot;false&quot;,&quot;grandtour_ext_is_parallax_mouse&quot;:&quot;false&quot;,&quot;grandtour_ext_is_infinite&quot;:&quot;false&quot;,&quot;grandtour_ext_is_fadeout_animation&quot;:&quot;false&quot;,&quot;grandtour_ext_mobile_static&quot;:&quot;false&quot;}\" data-widget_type=\"grandtour-gallery-horizontal.default\">\n\t\t\t\t<div class=\"elementor-widget-container\">\n\t\t\t\t\t<div id=\"horizontal-gallery-17c9c52\" class=\"horizontal-gallery-wrapper\" data-autoplay=\"0\" data-loop=\"0\" data-navigation=\"1\" data-pagination=\"1\" data-parallax=\"1\" data-fullscreen=\"0\">\n\t\t<div class=\"horizontal-gallery-cell\" style=\"margin-right:40px\">\n\t\t\t\t\t\t<img class=\"horizontal-gallery-cell-img\" data-flickity-lazyload=\"https:\/\/darkskyalqueva.com\/wp-content\/uploads\/2026\/03\/CeleiroComum_05.jpg\" alt=\"\" style=\"height:500px;\" \/>\n\t\t\t\t\t<\/div>\n\t\t<div class=\"horizontal-gallery-cell\" style=\"margin-right:40px\">\n\t\t\t\t\t\t<img class=\"horizontal-gallery-cell-img\" data-flickity-lazyload=\"https:\/\/darkskyalqueva.com\/wp-content\/uploads\/2026\/03\/CeleiroComum_04.jpg\" alt=\"\" style=\"height:500px;\" \/>\n\t\t\t\t\t<\/div>\n\t\t<div class=\"horizontal-gallery-cell\" style=\"margin-right:40px\">\n\t\t\t\t\t\t<img class=\"horizontal-gallery-cell-img\" data-flickity-lazyload=\"https:\/\/darkskyalqueva.com\/wp-content\/uploads\/2026\/03\/CeleiroComum_03.jpg\" alt=\"\" style=\"height:500px;\" \/>\n\t\t\t\t\t<\/div>\n\t\t<div class=\"horizontal-gallery-cell\" style=\"margin-right:40px\">\n\t\t\t\t\t\t<img class=\"horizontal-gallery-cell-img\" data-flickity-lazyload=\"https:\/\/darkskyalqueva.com\/wp-content\/uploads\/2026\/03\/CeleiroComum_02.jpg\" alt=\"\" style=\"height:500px;\" \/>\n\t\t\t\t\t<\/div>\n\t\t<div class=\"horizontal-gallery-cell\" style=\"margin-right:40px\">\n\t\t\t\t\t\t<img class=\"horizontal-gallery-cell-img\" data-flickity-lazyload=\"https:\/\/darkskyalqueva.com\/wp-content\/uploads\/2026\/03\/CeleiroComum_01.jpg\" alt=\"\" style=\"height:500px;\" \/>\n\t\t\t\t\t<\/div>\n<\/div>\n\t\t\t\t<\/div>\n\t\t\t\t<\/div>\n\t\t\t\t<div class=\"elementor-element elementor-element-688f229 elementor-align-center elementor-mobile-align-center elementor-widget elementor-widget-button\" data-id=\"688f229\" data-element_type=\"widget\" data-e-type=\"widget\" data-settings=\"{&quot;grandtour_ext_link_sidemenu&quot;:&quot;false&quot;,&quot;grandtour_ext_link_fullmenu&quot;:&quot;false&quot;,&quot;grandtour_ext_link_closed_fullmenu&quot;:&quot;false&quot;,&quot;grandtour_ext_is_sticky&quot;:&quot;false&quot;,&quot;grandtour_ext_is_scrollme&quot;:&quot;false&quot;,&quot;grandtour_ext_is_smoove&quot;:&quot;false&quot;,&quot;grandtour_ext_is_parallax_mouse&quot;:&quot;false&quot;,&quot;grandtour_ext_is_infinite&quot;:&quot;false&quot;,&quot;grandtour_ext_is_fadeout_animation&quot;:&quot;false&quot;,&quot;grandtour_ext_mobile_static&quot;:&quot;false&quot;}\" data-widget_type=\"button.default\">\n\t\t\t\t<div class=\"elementor-widget-container\">\n\t\t\t\t\t\t\t\t\t<div class=\"elementor-button-wrapper\">\n\t\t\t\t\t<a class=\"elementor-button elementor-button-link elementor-size-sm\" href=\"https:\/\/darkskyalqueva.com\/es\/tiendas-y-artesanias\/\">\n\t\t\t\t\t\t<span class=\"elementor-button-content-wrapper\">\n\t\t\t\t\t\t\t\t\t<span class=\"elementor-button-text\">Ver todas las tiendas y artesan\u00edas<\/span>\n\t\t\t\t\t<\/span>\n\t\t\t\t\t<\/a>\n\t\t\t\t<\/div>\n\t\t\t\t\t\t\t\t<\/div>\n\t\t\t\t<\/div>\n\t\t\t\t\t<\/div>\n\t\t\t\t<\/div>\n\t\t\t\t<\/div>\n\t\t","protected":false},"excerpt":{"rendered":"<p>Artesan\u00eda del Alentejo y la Tradici\u00f3n de los Mu\u00f1ecos de Estremoz En el coraz\u00f3n de la hist\u00f3rica villa de Evoramonte, a pocos pasos del castillo y de las calles que conservan siglos de memoria alentejana, se encuentra el Celeiro Com\u00fan, [&hellip;]<\/p>\n","protected":false},"author":1,"featured_media":26907,"parent":27135,"menu_order":0,"comment_status":"closed","ping_status":"closed","template":"","meta":{"footnotes":""},"class_list":["post-27124","page","type-page","status-publish","has-post-thumbnail","hentry"],"_links":{"self":[{"href":"https:\/\/darkskyalqueva.com\/es\/wp-json\/wp\/v2\/pages\/27124","targetHints":{"allow":["GET"]}}],"collection":[{"href":"https:\/\/darkskyalqueva.com\/es\/wp-json\/wp\/v2\/pages"}],"about":[{"href":"https:\/\/darkskyalqueva.com\/es\/wp-json\/wp\/v2\/types\/page"}],"author":[{"embeddable":true,"href":"https:\/\/darkskyalqueva.com\/es\/wp-json\/wp\/v2\/users\/1"}],"replies":[{"embeddable":true,"href":"https:\/\/darkskyalqueva.com\/es\/wp-json\/wp\/v2\/comments?post=27124"}],"version-history":[{"count":5,"href":"https:\/\/darkskyalqueva.com\/es\/wp-json\/wp\/v2\/pages\/27124\/revisions"}],"predecessor-version":[{"id":27140,"href":"https:\/\/darkskyalqueva.com\/es\/wp-json\/wp\/v2\/pages\/27124\/revisions\/27140"}],"up":[{"embeddable":true,"href":"https:\/\/darkskyalqueva.com\/es\/wp-json\/wp\/v2\/pages\/27135"}],"wp:featuredmedia":[{"embeddable":true,"href":"https:\/\/darkskyalqueva.com\/es\/wp-json\/wp\/v2\/media\/26907"}],"wp:attachment":[{"href":"https:\/\/darkskyalqueva.com\/es\/wp-json\/wp\/v2\/media?parent=27124"}],"curies":[{"name":"wp","href":"https:\/\/api.w.org\/{rel}","templated":true}]}}