{"id":27167,"date":"2026-02-09T15:55:44","date_gmt":"2026-02-09T15:55:44","guid":{"rendered":"https:\/\/darkskyalqueva.com\/fundacion-la-caixa-promove\/"},"modified":"2026-03-16T21:35:05","modified_gmt":"2026-03-16T21:35:05","slug":"fundacion-la-caixa-promove","status":"publish","type":"page","link":"https:\/\/darkskyalqueva.com\/es\/fundacion-la-caixa-promove\/","title":{"rendered":"Fundaci\u00f3n \u201cla Caixa\u201d &#8211; Promove"},"content":{"rendered":"\t\t<div data-elementor-type=\"wp-page\" data-elementor-id=\"27167\" class=\"elementor elementor-27167 elementor-24210\">\n\t\t\t\t<div class=\"elementor-element elementor-element-237b723 e-con-full e-flex e-con e-parent\" data-id=\"237b723\" data-element_type=\"container\" data-e-type=\"container\" data-settings=\"{&quot;background_background&quot;:&quot;classic&quot;,&quot;grandtour_ext_is_background_parallax&quot;:&quot;false&quot;,&quot;grandtour_ext_is_background_backdrop&quot;:&quot;false&quot;,&quot;grandtour_ext_is_background_on_scroll&quot;:&quot;false&quot;,&quot;grandtour_ext_link_sidemenu&quot;:&quot;false&quot;,&quot;grandtour_ext_link_fullmenu&quot;:&quot;false&quot;,&quot;grandtour_ext_link_closed_fullmenu&quot;:&quot;false&quot;,&quot;grandtour_ext_is_sticky&quot;:&quot;false&quot;,&quot;grandtour_ext_is_scrollme&quot;:&quot;false&quot;,&quot;grandtour_ext_is_smoove&quot;:&quot;false&quot;,&quot;grandtour_ext_is_parallax_mouse&quot;:&quot;false&quot;,&quot;grandtour_ext_is_infinite&quot;:&quot;false&quot;,&quot;grandtour_ext_is_fadeout_animation&quot;:&quot;false&quot;,&quot;grandtour_ext_mobile_static&quot;:&quot;false&quot;}\">\n\t\t<div class=\"elementor-element elementor-element-4282dba e-con-full e-flex e-con e-child\" data-id=\"4282dba\" data-element_type=\"container\" data-e-type=\"container\" data-settings=\"{&quot;background_background&quot;:&quot;classic&quot;,&quot;grandtour_ext_is_background_parallax&quot;:&quot;false&quot;,&quot;grandtour_ext_is_background_backdrop&quot;:&quot;false&quot;,&quot;grandtour_ext_is_background_on_scroll&quot;:&quot;false&quot;,&quot;grandtour_ext_link_sidemenu&quot;:&quot;false&quot;,&quot;grandtour_ext_link_fullmenu&quot;:&quot;false&quot;,&quot;grandtour_ext_link_closed_fullmenu&quot;:&quot;false&quot;,&quot;grandtour_ext_is_sticky&quot;:&quot;false&quot;,&quot;grandtour_ext_is_scrollme&quot;:&quot;false&quot;,&quot;grandtour_ext_is_smoove&quot;:&quot;false&quot;,&quot;grandtour_ext_is_parallax_mouse&quot;:&quot;false&quot;,&quot;grandtour_ext_is_infinite&quot;:&quot;false&quot;,&quot;grandtour_ext_is_fadeout_animation&quot;:&quot;false&quot;,&quot;grandtour_ext_mobile_static&quot;:&quot;false&quot;}\">\n\t\t\t\t<div class=\"elementor-element elementor-element-0deffbd elementor-widget elementor-widget-heading\" data-id=\"0deffbd\" data-element_type=\"widget\" data-e-type=\"widget\" data-settings=\"{&quot;grandtour_ext_link_sidemenu&quot;:&quot;false&quot;,&quot;grandtour_ext_link_fullmenu&quot;:&quot;false&quot;,&quot;grandtour_ext_link_closed_fullmenu&quot;:&quot;false&quot;,&quot;grandtour_ext_is_sticky&quot;:&quot;false&quot;,&quot;grandtour_ext_is_scrollme&quot;:&quot;false&quot;,&quot;grandtour_ext_is_smoove&quot;:&quot;false&quot;,&quot;grandtour_ext_is_parallax_mouse&quot;:&quot;false&quot;,&quot;grandtour_ext_is_infinite&quot;:&quot;false&quot;,&quot;grandtour_ext_is_fadeout_animation&quot;:&quot;false&quot;,&quot;grandtour_ext_mobile_static&quot;:&quot;false&quot;}\" data-widget_type=\"heading.default\">\n\t\t\t\t<div class=\"elementor-widget-container\">\n\t\t\t\t\t<h1 class=\"elementor-heading-title elementor-size-default\">Funda\u00e7\u00e3o \"la Caixa\" - PROMOVE<\/h1>\t\t\t\t<\/div>\n\t\t\t\t<\/div>\n\t\t\t\t<\/div>\n\t\t<div class=\"elementor-element elementor-element-663c489 e-flex e-con-boxed e-con e-child\" data-id=\"663c489\" data-element_type=\"container\" data-e-type=\"container\" data-settings=\"{&quot;grandtour_ext_is_background_parallax&quot;:&quot;false&quot;,&quot;grandtour_ext_is_background_backdrop&quot;:&quot;false&quot;,&quot;grandtour_ext_is_background_on_scroll&quot;:&quot;false&quot;,&quot;grandtour_ext_link_sidemenu&quot;:&quot;false&quot;,&quot;grandtour_ext_link_fullmenu&quot;:&quot;false&quot;,&quot;grandtour_ext_link_closed_fullmenu&quot;:&quot;false&quot;,&quot;grandtour_ext_is_sticky&quot;:&quot;false&quot;,&quot;grandtour_ext_is_scrollme&quot;:&quot;false&quot;,&quot;grandtour_ext_is_smoove&quot;:&quot;false&quot;,&quot;grandtour_ext_is_parallax_mouse&quot;:&quot;false&quot;,&quot;grandtour_ext_is_infinite&quot;:&quot;false&quot;,&quot;grandtour_ext_is_fadeout_animation&quot;:&quot;false&quot;,&quot;grandtour_ext_mobile_static&quot;:&quot;false&quot;}\">\n\t\t\t\t\t<div class=\"e-con-inner\">\n\t\t<div class=\"elementor-element elementor-element-f352724 e-con-full e-flex e-con e-child\" data-id=\"f352724\" data-element_type=\"container\" data-e-type=\"container\" data-settings=\"{&quot;grandtour_ext_is_background_parallax&quot;:&quot;false&quot;,&quot;grandtour_ext_is_background_backdrop&quot;:&quot;false&quot;,&quot;grandtour_ext_is_background_on_scroll&quot;:&quot;false&quot;,&quot;grandtour_ext_link_sidemenu&quot;:&quot;false&quot;,&quot;grandtour_ext_link_fullmenu&quot;:&quot;false&quot;,&quot;grandtour_ext_link_closed_fullmenu&quot;:&quot;false&quot;,&quot;grandtour_ext_is_sticky&quot;:&quot;false&quot;,&quot;grandtour_ext_is_scrollme&quot;:&quot;false&quot;,&quot;grandtour_ext_is_smoove&quot;:&quot;false&quot;,&quot;grandtour_ext_is_parallax_mouse&quot;:&quot;false&quot;,&quot;grandtour_ext_is_infinite&quot;:&quot;false&quot;,&quot;grandtour_ext_is_fadeout_animation&quot;:&quot;false&quot;,&quot;grandtour_ext_mobile_static&quot;:&quot;false&quot;}\">\n\t\t\t\t<div class=\"elementor-element elementor-element-22a5a73 elementor-invisible elementor-widget elementor-widget-image\" data-id=\"22a5a73\" data-element_type=\"widget\" data-e-type=\"widget\" data-settings=\"{&quot;_animation&quot;:&quot;fadeIn&quot;,&quot;grandtour_image_is_animation&quot;:&quot;false&quot;,&quot;grandtour_ext_link_sidemenu&quot;:&quot;false&quot;,&quot;grandtour_ext_link_fullmenu&quot;:&quot;false&quot;,&quot;grandtour_ext_link_closed_fullmenu&quot;:&quot;false&quot;,&quot;grandtour_ext_is_sticky&quot;:&quot;false&quot;,&quot;grandtour_ext_is_scrollme&quot;:&quot;false&quot;,&quot;grandtour_ext_is_smoove&quot;:&quot;false&quot;,&quot;grandtour_ext_is_parallax_mouse&quot;:&quot;false&quot;,&quot;grandtour_ext_is_infinite&quot;:&quot;false&quot;,&quot;grandtour_ext_is_fadeout_animation&quot;:&quot;false&quot;,&quot;grandtour_ext_mobile_static&quot;:&quot;false&quot;}\" data-widget_type=\"image.default\">\n\t\t\t\t<div class=\"elementor-widget-container\">\n\t\t\t\t\t\t\t\t\t\t\t\t\t\t\t<img decoding=\"async\" width=\"215\" height=\"180\" src=\"https:\/\/darkskyalqueva.com\/wp-content\/uploads\/2026\/02\/Promove.png\" class=\"attachment-large size-large wp-image-27166\" alt=\"\" \/>\t\t\t\t\t\t\t\t\t\t\t\t\t\t\t<\/div>\n\t\t\t\t<\/div>\n\t\t\t\t<\/div>\n\t\t<div class=\"elementor-element elementor-element-75a51ff e-con-full e-flex e-con e-child\" data-id=\"75a51ff\" data-element_type=\"container\" data-e-type=\"container\" data-settings=\"{&quot;grandtour_ext_is_background_parallax&quot;:&quot;false&quot;,&quot;grandtour_ext_is_background_backdrop&quot;:&quot;false&quot;,&quot;grandtour_ext_is_background_on_scroll&quot;:&quot;false&quot;,&quot;grandtour_ext_link_sidemenu&quot;:&quot;false&quot;,&quot;grandtour_ext_link_fullmenu&quot;:&quot;false&quot;,&quot;grandtour_ext_link_closed_fullmenu&quot;:&quot;false&quot;,&quot;grandtour_ext_is_sticky&quot;:&quot;false&quot;,&quot;grandtour_ext_is_scrollme&quot;:&quot;false&quot;,&quot;grandtour_ext_is_smoove&quot;:&quot;false&quot;,&quot;grandtour_ext_is_parallax_mouse&quot;:&quot;false&quot;,&quot;grandtour_ext_is_infinite&quot;:&quot;false&quot;,&quot;grandtour_ext_is_fadeout_animation&quot;:&quot;false&quot;,&quot;grandtour_ext_mobile_static&quot;:&quot;false&quot;}\">\n\t\t\t\t<div class=\"elementor-element elementor-element-a2229f5 elementor-widget elementor-widget-text-editor\" data-id=\"a2229f5\" data-element_type=\"widget\" data-e-type=\"widget\" data-settings=\"{&quot;grandtour_ext_link_sidemenu&quot;:&quot;false&quot;,&quot;grandtour_ext_link_fullmenu&quot;:&quot;false&quot;,&quot;grandtour_ext_link_closed_fullmenu&quot;:&quot;false&quot;,&quot;grandtour_ext_is_sticky&quot;:&quot;false&quot;,&quot;grandtour_ext_is_scrollme&quot;:&quot;false&quot;,&quot;grandtour_ext_is_smoove&quot;:&quot;false&quot;,&quot;grandtour_ext_is_parallax_mouse&quot;:&quot;false&quot;,&quot;grandtour_ext_is_infinite&quot;:&quot;false&quot;,&quot;grandtour_ext_is_fadeout_animation&quot;:&quot;false&quot;,&quot;grandtour_ext_mobile_static&quot;:&quot;false&quot;}\" data-widget_type=\"text-editor.default\">\n\t\t\t\t<div class=\"elementor-widget-container\">\n\t\t\t\t\t\t\t\t\t<h2 style=\"color: #fff;\">Dark Sky\u00ae Alqueva: A Star Destination<\/h2>\n<h3 style=\"color: #fff;\">Programa PROMOVE &#8211; Fundaci\u00f3n \u201cla Caixa\u201d<\/h3>\n<h4 style=\"color: #fff;\">Un impulso a la innovaci\u00f3n, la sostenibilidad y la cohesi\u00f3n territorial<\/h4>\n<p>&nbsp;<\/p>\n<p>PROMOVE es un programa de la Fundaci\u00f3n \u201cla Caixa\u201d, en colaboraci\u00f3n con BPI, orientado al desarrollo estrat\u00e9gico de territorios de baja densidad o regiones transfronterizas. Su misi\u00f3n es probar y escalar soluciones innovadoras, sostenibles y transformadoras que contribuyan a reforzar la cohesi\u00f3n econ\u00f3mica, social y ambiental, al tiempo que abren nuevas v\u00edas de valorizaci\u00f3n territorial y de generaci\u00f3n de oportunidades. A trav\u00e9s de soluciones de innovaci\u00f3n basadas en la cualificaci\u00f3n de los recursos humanos, la protecci\u00f3n del patrimonio y el fortalecimiento de las econom\u00edas locales, PROMOVE busca reducir asimetr\u00edas territoriales, combatir la despoblaci\u00f3n, valorizar los recursos end\u00f3genos y promover nuevas perspectivas de desarrollo basadas en el conocimiento y la sostenibilidad. Su prop\u00f3sito es poner en valor el papel de las comunidades y c\u00f3mo estas pueden crear territorios m\u00e1s resilientes, altamente competitivos y capaces de competir a escala internacional.   <\/p>\n<p>&nbsp;<\/p>\n<h3 style=\"color: #fff;\">Proyecto Dark Sky\u00ae Alqueva apoyado por PROMOVE<\/h3>\n<h4 style=\"color: #fff;\">Un cielo protegido como motor de ciencia, turismo y desarrollo local<\/h4>\n<p>El proyecto de la Asociaci\u00f3n Dark Sky\u00ae, aprobado en el marco del programa PROMOVE, apoya la misi\u00f3n de consolidar y ampliar la internacionalizaci\u00f3n de un destino \u00fanico cuyo principal recurso es el cielo nocturno.<br>El territorio Dark Sky\u00ae Alqueva est\u00e1 certificado como Starlight Tourism Destination, siendo el primero del mundo y tambi\u00e9n el primer destino transfronterizo, que integra 11 municipios del Alentejo y 13 ayuntamientos espa\u00f1oles.<br>Desde entonces, ha sido considerado un ejemplo mundial de protecci\u00f3n ambiental, generando un elevado valor a\u00f1adido a nivel econ\u00f3mico, social y cultural en su \u00e1rea de implementaci\u00f3n.<br>En este amplio territorio transfronterizo, el cielo que se extiende sobre nosotros posee un potencial extraordinario: es un patrimonio identitario, un recurso cient\u00edfico \u00fanico, un tesoro tur\u00edstico internacional y una oportunidad para atraer y retener talento, crear empleo, captar inversi\u00f3n y aumentar la cultura cient\u00edfica.<br>Este proyecto tiene como objetivo cualificar, desarrollar y aumentar la competitividad de este modelo pionero, con la participaci\u00f3n de actores pol\u00edticos e institucionales para garantizar la sostenibilidad econ\u00f3mica y ambiental del territorio.    <\/p>\n<p>&nbsp;<\/p>\n<h3 style=\"color: #fff;\">Objetivos estrat\u00e9gicos del proyecto<\/h3>\n<p><b>Internacionalizaci\u00f3n y diversificaci\u00f3n de mercados<\/b><\/p>\n<p>Incrementar la notoriedad global del destino, atrayendo mercados con mayor poder adquisitivo y reduciendo la dependencia de segmentos tur\u00edsticos tradicionales.<\/p><p><b style=\"font-family: inherit; font-style: inherit; letter-spacing: 0px;\">Cualificaci\u00f3n y ampliaci\u00f3n de la Red Oficial de Socios Dark Sky\u00ae Alqueva<\/b><\/p>\n<ul>\n<li>Refuerzo del equipo especializado y creaci\u00f3n de nuevos productos tur\u00edsticos tem\u00e1ticos, innovadores y alineados con la identidad del territorio.<\/li>\n<\/ul>\n<p><b>Educaci\u00f3n ambiental y protecci\u00f3n del cielo nocturno<\/b><\/p>\n<ul>\n<li>Realizaci\u00f3n de sesiones de sensibilizaci\u00f3n para combatir la contaminaci\u00f3n lum\u00ednica y atmosf\u00e9rica, promoviendo la creaci\u00f3n de un reglamento regional de protecci\u00f3n del cielo, aplicable tanto al sector p\u00fablico como al privado.<\/li>\n<\/ul>\n<p><b>Adquisici\u00f3n de astrofotograf\u00edas de excelencia<\/b><\/p>\n<ul>\n<li>Producci\u00f3n de una nueva colecci\u00f3n de astrofotograf\u00edas de cielo profundo y de paisaje, esenciales para la comunicaci\u00f3n internacional, la promoci\u00f3n tur\u00edstica, la sensibilizaci\u00f3n ambiental y las acciones educativas.<\/li>\n<\/ul>\n<p><b>Instrumentaci\u00f3n cient\u00edfica para la monitorizaci\u00f3n del cielo<\/b><\/p>\n<p>Instalaci\u00f3n de equipamientos avanzados en el Observatorio Oficial Dark Sky\u00ae Alqueva (Cumeada) destinados a medir:<\/p>\n<ul>\n<li>seeing astron\u00f3mico (estabilidad de la atm\u00f3sfera)<\/li>\n<li>calidad del cielo<\/li>\n<li>variabilidad meteorol\u00f3gica local<br>Estos datos ser\u00e1n fundamentales para la investigaci\u00f3n cient\u00edfica, la certificaci\u00f3n continua y la cualificaci\u00f3n de la oferta de astroturismo cient\u00edfico.<\/li>\n<\/ul>\n<p><b>Inversi\u00f3n e impacto esperado<\/b><\/p>\n<p>Con un valor total de 196.650,00 \u20ac durante 36 meses, el proyecto representa una inversi\u00f3n estructurante cuyo impacto se traducir\u00e1 en:<\/p>\n<ul>\n<li>mayor competitividad internacional<\/li>\n<li>incremento de la investigaci\u00f3n y monitorizaci\u00f3n cient\u00edfica<\/li>\n<li>crecimiento econ\u00f3mico y creaci\u00f3n de empleo cualificado<\/li>\n<li>fuerte refuerzo de la identidad territorial<\/li>\n<li>expansi\u00f3n de la cultura cient\u00edfica y de la sensibilizaci\u00f3n ambiental<\/li>\n<li>protecci\u00f3n efectiva del cielo como patrimonio natural y cultural.<\/li>\n<\/ul>\n<p><b>Promover el futuro a trav\u00e9s de la noche<\/b><\/p>\n<p>Con el apoyo de PROMOVE, Dark Sky\u00ae Alqueva avanza hacia una nueva etapa de consolidaci\u00f3n, afirm\u00e1ndose como modelo internacional de desarrollo sostenible, donde el cielo nocturno se transforma en un recurso estrat\u00e9gico para el conocimiento, el turismo y las comunidades.<\/p>\n<p>Proteger la oscuridad es iluminar el futuro.<\/p>\t\t\t\t\t\t\t\t<\/div>\n\t\t\t\t<\/div>\n\t\t\t\t<\/div>\n\t\t\t\t\t<\/div>\n\t\t\t\t<\/div>\n\t\t\t\t<\/div>\n\t\t\t\t<\/div>\n\t\t","protected":false},"excerpt":{"rendered":"<p>Funda\u00e7\u00e3o \u00abla Caixa\u00bb &#8211; PROMOVE Dark Sky\u00ae Alqueva: A Star Destination Programa PROMOVE &#8211; Fundaci\u00f3n \u201cla Caixa\u201d Un impulso a la innovaci\u00f3n, la sostenibilidad y la cohesi\u00f3n territorial &nbsp; PROMOVE es un programa de la Fundaci\u00f3n \u201cla Caixa\u201d, en colaboraci\u00f3n [&hellip;]<\/p>\n","protected":false},"author":1,"featured_media":0,"parent":0,"menu_order":0,"comment_status":"closed","ping_status":"closed","template":"elementor_header_footer","meta":{"footnotes":""},"class_list":["post-27167","page","type-page","status-publish","hentry"],"_links":{"self":[{"href":"https:\/\/darkskyalqueva.com\/es\/wp-json\/wp\/v2\/pages\/27167","targetHints":{"allow":["GET"]}}],"collection":[{"href":"https:\/\/darkskyalqueva.com\/es\/wp-json\/wp\/v2\/pages"}],"about":[{"href":"https:\/\/darkskyalqueva.com\/es\/wp-json\/wp\/v2\/types\/page"}],"author":[{"embeddable":true,"href":"https:\/\/darkskyalqueva.com\/es\/wp-json\/wp\/v2\/users\/1"}],"replies":[{"embeddable":true,"href":"https:\/\/darkskyalqueva.com\/es\/wp-json\/wp\/v2\/comments?post=27167"}],"version-history":[{"count":1,"href":"https:\/\/darkskyalqueva.com\/es\/wp-json\/wp\/v2\/pages\/27167\/revisions"}],"predecessor-version":[{"id":27168,"href":"https:\/\/darkskyalqueva.com\/es\/wp-json\/wp\/v2\/pages\/27167\/revisions\/27168"}],"wp:attachment":[{"href":"https:\/\/darkskyalqueva.com\/es\/wp-json\/wp\/v2\/media?parent=27167"}],"curies":[{"name":"wp","href":"https:\/\/api.w.org\/{rel}","templated":true}]}}