{"id":27242,"date":"2026-03-05T15:48:24","date_gmt":"2026-03-05T15:48:24","guid":{"rendered":"https:\/\/darkskyalqueva.com\/politica-de-privacidad\/"},"modified":"2026-03-16T22:33:34","modified_gmt":"2026-03-16T22:33:34","slug":"politica-de-privacidad","status":"publish","type":"page","link":"https:\/\/darkskyalqueva.com\/es\/politica-de-privacidad\/","title":{"rendered":"Pol\u00edtica de privacidad"},"content":{"rendered":"\t\t<div data-elementor-type=\"wp-page\" data-elementor-id=\"27242\" class=\"elementor elementor-27242 elementor-25456\">\n\t\t\t\t<div class=\"elementor-element elementor-element-74e6cb2 e-con-full e-flex e-con e-parent\" data-id=\"74e6cb2\" data-element_type=\"container\" data-e-type=\"container\" data-settings=\"{&quot;background_background&quot;:&quot;classic&quot;,&quot;grandtour_ext_is_background_parallax&quot;:&quot;false&quot;,&quot;grandtour_ext_is_background_backdrop&quot;:&quot;false&quot;,&quot;grandtour_ext_is_background_on_scroll&quot;:&quot;false&quot;,&quot;grandtour_ext_link_sidemenu&quot;:&quot;false&quot;,&quot;grandtour_ext_link_fullmenu&quot;:&quot;false&quot;,&quot;grandtour_ext_link_closed_fullmenu&quot;:&quot;false&quot;,&quot;grandtour_ext_is_sticky&quot;:&quot;false&quot;,&quot;grandtour_ext_is_scrollme&quot;:&quot;false&quot;,&quot;grandtour_ext_is_smoove&quot;:&quot;false&quot;,&quot;grandtour_ext_is_parallax_mouse&quot;:&quot;false&quot;,&quot;grandtour_ext_is_infinite&quot;:&quot;false&quot;,&quot;grandtour_ext_is_fadeout_animation&quot;:&quot;false&quot;,&quot;grandtour_ext_mobile_static&quot;:&quot;false&quot;}\">\n\t\t<div class=\"elementor-element elementor-element-fb79f4b e-con-full e-flex e-con e-child\" data-id=\"fb79f4b\" data-element_type=\"container\" data-e-type=\"container\" data-settings=\"{&quot;background_background&quot;:&quot;classic&quot;,&quot;grandtour_ext_is_background_parallax&quot;:&quot;false&quot;,&quot;grandtour_ext_is_background_backdrop&quot;:&quot;false&quot;,&quot;grandtour_ext_is_background_on_scroll&quot;:&quot;false&quot;,&quot;grandtour_ext_link_sidemenu&quot;:&quot;false&quot;,&quot;grandtour_ext_link_fullmenu&quot;:&quot;false&quot;,&quot;grandtour_ext_link_closed_fullmenu&quot;:&quot;false&quot;,&quot;grandtour_ext_is_sticky&quot;:&quot;false&quot;,&quot;grandtour_ext_is_scrollme&quot;:&quot;false&quot;,&quot;grandtour_ext_is_smoove&quot;:&quot;false&quot;,&quot;grandtour_ext_is_parallax_mouse&quot;:&quot;false&quot;,&quot;grandtour_ext_is_infinite&quot;:&quot;false&quot;,&quot;grandtour_ext_is_fadeout_animation&quot;:&quot;false&quot;,&quot;grandtour_ext_mobile_static&quot;:&quot;false&quot;}\">\n\t\t\t\t<div class=\"elementor-element elementor-element-a4fa590 elementor-widget elementor-widget-heading\" data-id=\"a4fa590\" data-element_type=\"widget\" data-e-type=\"widget\" data-settings=\"{&quot;grandtour_ext_link_sidemenu&quot;:&quot;false&quot;,&quot;grandtour_ext_link_fullmenu&quot;:&quot;false&quot;,&quot;grandtour_ext_link_closed_fullmenu&quot;:&quot;false&quot;,&quot;grandtour_ext_is_sticky&quot;:&quot;false&quot;,&quot;grandtour_ext_is_scrollme&quot;:&quot;false&quot;,&quot;grandtour_ext_is_smoove&quot;:&quot;false&quot;,&quot;grandtour_ext_is_parallax_mouse&quot;:&quot;false&quot;,&quot;grandtour_ext_is_infinite&quot;:&quot;false&quot;,&quot;grandtour_ext_is_fadeout_animation&quot;:&quot;false&quot;,&quot;grandtour_ext_mobile_static&quot;:&quot;false&quot;}\" data-widget_type=\"heading.default\">\n\t\t\t\t<div class=\"elementor-widget-container\">\n\t\t\t\t\t<h1 class=\"elementor-heading-title elementor-size-default\">Pol\u00edtica de privacidad<\/h1>\t\t\t\t<\/div>\n\t\t\t\t<\/div>\n\t\t\t\t<\/div>\n\t\t<div class=\"elementor-element elementor-element-ea72f1a e-flex e-con-boxed e-con e-child\" data-id=\"ea72f1a\" data-element_type=\"container\" data-e-type=\"container\" data-settings=\"{&quot;grandtour_ext_is_background_parallax&quot;:&quot;false&quot;,&quot;grandtour_ext_is_background_backdrop&quot;:&quot;false&quot;,&quot;grandtour_ext_is_background_on_scroll&quot;:&quot;false&quot;,&quot;grandtour_ext_link_sidemenu&quot;:&quot;false&quot;,&quot;grandtour_ext_link_fullmenu&quot;:&quot;false&quot;,&quot;grandtour_ext_link_closed_fullmenu&quot;:&quot;false&quot;,&quot;grandtour_ext_is_sticky&quot;:&quot;false&quot;,&quot;grandtour_ext_is_scrollme&quot;:&quot;false&quot;,&quot;grandtour_ext_is_smoove&quot;:&quot;false&quot;,&quot;grandtour_ext_is_parallax_mouse&quot;:&quot;false&quot;,&quot;grandtour_ext_is_infinite&quot;:&quot;false&quot;,&quot;grandtour_ext_is_fadeout_animation&quot;:&quot;false&quot;,&quot;grandtour_ext_mobile_static&quot;:&quot;false&quot;}\">\n\t\t\t\t\t<div class=\"e-con-inner\">\n\t\t\t\t<div class=\"elementor-element elementor-element-9134df1 elementor-widget elementor-widget-text-editor\" data-id=\"9134df1\" data-element_type=\"widget\" data-e-type=\"widget\" data-settings=\"{&quot;grandtour_ext_link_sidemenu&quot;:&quot;false&quot;,&quot;grandtour_ext_link_fullmenu&quot;:&quot;false&quot;,&quot;grandtour_ext_link_closed_fullmenu&quot;:&quot;false&quot;,&quot;grandtour_ext_is_sticky&quot;:&quot;false&quot;,&quot;grandtour_ext_is_scrollme&quot;:&quot;false&quot;,&quot;grandtour_ext_is_smoove&quot;:&quot;false&quot;,&quot;grandtour_ext_is_parallax_mouse&quot;:&quot;false&quot;,&quot;grandtour_ext_is_infinite&quot;:&quot;false&quot;,&quot;grandtour_ext_is_fadeout_animation&quot;:&quot;false&quot;,&quot;grandtour_ext_mobile_static&quot;:&quot;false&quot;}\" data-widget_type=\"text-editor.default\">\n\t\t\t\t<div class=\"elementor-widget-container\">\n\t\t\t\t\t\t\t\t\t<h3 style=\"color: #fff;\">T\u00c9RMINOS DE USO DEL SITIO WEB<\/h3>\n<p>Todo el material contenido en este sitio web est\u00e1 protegido por ley y no puede ser reproducido, distribuido ni transmitido sin el consentimiento por escrito de su(s) autor(es). Cualquier violaci\u00f3n de este principio constituye un delito y es punible conforme a la legislaci\u00f3n de derechos de autor vigente en Portugal y en el extranjero. <\/p>\n<p>Todas las fotograf\u00edas que aparecen en este sitio web son propiedad exclusiva de sus autores y no pueden utilizarse sin su autorizaci\u00f3n por escrito.<\/p>\n&nbsp;\n<h3 style=\"color: #fff;\">POL\u00cdTICA DE PRIVACIDAD<\/h3>\n<p>El uso del sitio web www.darkskyalqueva.com implica la aceptaci\u00f3n de este acuerdo de privacidad. El equipo de Dark Sky Alqueva se reserva el derecho de modificar este acuerdo sin previo aviso. Por lo tanto, le recomendamos consultar nuestra pol\u00edtica de privacidad peri\u00f3dicamente para mantenerse al d\u00eda.  <\/p>\n&nbsp;\n<h3 style=\"color: #fff;\">\u00bfCU\u00c1NDO RECOPILAMOS INFORMACI\u00d3N DE LOS USUARIOS?<\/h3>\n<p>Dark Sky recopila informaci\u00f3n de los usuarios siempre que acceden al sitio web <a class=\"blink\" href=\"http:\/\/www.darkskyalqueva.com\/\">www.darkskyalqueva.com<\/a>. Recopilamos informaci\u00f3n an\u00f3nima con fines estad\u00edsticos y datos personales cuando los usuarios nos contactan, se suscriben a los boletines informativos o se inscriben en una actividad, o cuando reservan un hotel o alojamiento a trav\u00e9s de los formularios de inscripci\u00f3n disponibles en www.darkskyalqueva.com.<\/p>\n&nbsp;\n<h3 style=\"color: #fff;\">\u00bfQU\u00c9 INFORMACI\u00d3N RECOPILAMOS?<\/h3>\n<p>Dark Sky Alqueva recopila informaci\u00f3n an\u00f3nima y personal de los usuarios. La informaci\u00f3n personal que recopilamos puede incluir el nombre, el correo electr\u00f3nico, el tel\u00e9fono de contacto y\/u otros datos que ser\u00e1n facilitados voluntariamente por los usuarios cuando se inscriben en nuestras experiencias o se suscriben a nuestros boletines informativos. Toda la informaci\u00f3n personal de visitantes, suscriptores y clientes que utilizan nuestros sitios web ser\u00e1 tratada de acuerdo con la legislaci\u00f3n nacional y gestionada con garant\u00eda de confidencialidad.  <\/p>\n&nbsp;\n<p>Dark Sky Alqueva tambi\u00e9n puede recopilar informaci\u00f3n no personal sobre el equipo utilizado por el usuario para acceder al sitio web www.darkskyalqueva.com, como la direcci\u00f3n IP, la geolocalizaci\u00f3n, el identificador \u00fanico del dispositivo, el tipo de navegador, el idioma del navegador u otra informaci\u00f3n de esta naturaleza. Utilizamos esta informaci\u00f3n de forma agregada para analizar los accesos al sitio web www.darkskyalqueva.com. Nunca divulgamos datos sobre el uso del sitio web asociados a una direcci\u00f3n IP individual.  <\/p>\n&nbsp;\n<h3 style=\"color: #fff;\">\u00bfC\u00d3MO RECOPILAMOS LA INFORMACI\u00d3N?<\/h3>\n<p>Dark Sky Alqueva utiliza cookies con el objetivo de mejorar el rendimiento y la experiencia de navegaci\u00f3n de los usuarios, quienes pueden rechazar o eliminar estos cookies a trav\u00e9s de la configuraci\u00f3n del navegador. Al desactivar los cookies, algunos servicios de nuestros sitios web pueden dejar de funcionar, lo que puede afectar la navegaci\u00f3n en el sitio. <\/p>\n&nbsp;\n<p><strong>Definici\u00f3n de cookies.<\/strong> Las cookies son peque\u00f1os archivos que los sitios web colocan en el disco duro del ordenador del usuario cuando lo visita por primera vez. Las cookies permiten saber con qu\u00e9 frecuencia el usuario visita las p\u00e1ginas, ayudando a conocer el tipo de informaci\u00f3n que le interesa. Tambi\u00e9n permiten guardar preferencias y nombres de usuario, registrar productos y servicios, as\u00ed como personalizar p\u00e1ginas. Si el usuario nunca se ha registrado, el servidor solo sabr\u00e1 que alguien con la cookie de un determinado usuario ha regresado al sitio, sin conocer ninguna otra informaci\u00f3n. Para ampliar informaci\u00f3n sobre las cookies, consulte el sitio: www.allaboutcookies.org.    <\/p>\n&nbsp;\n<p><strong>Cookies de terceros.<\/strong> Existen cookies que pueden ser responsabilidad de otras organizaciones que no sean Dark Sky Alqueva. Estas cookies pueden provenir, por ejemplo, de sitios como YouTube, Twitter, Facebook, Google Plus u otros servicios de redes sociales para los cuales Dark Sky Alqueva ha implementado plugins. Dado que la pol\u00edtica de cookies de estos sitios puede cambiar con el tiempo, se recomienda que el usuario consulte sus pol\u00edticas de privacidad visitando los sitios correspondientes.  <\/p>\n&nbsp;\n<p>Tambi\u00e9n podemos recopilar datos personales a trav\u00e9s de formularios de contacto o mediante la recepci\u00f3n de correos electr\u00f3nicos de inscripci\u00f3n.<\/p>\n&nbsp;\n<h3 style=\"color: #fff;\">\u00bfPARA QU\u00c9 SIRVE LA INFORMACI\u00d3N QUE RECOPILAMOS?<\/h3>\n<p>Toda la informaci\u00f3n personal recopilada sobre el usuario se utilizar\u00e1 para ayudar a que su visita al sitio web sea m\u00e1s productiva y agradable, as\u00ed como para agilizar el proceso de inscripci\u00f3n en nuestras actividades y en las de nuestros socios.<\/p>\n&nbsp;\n<p>Los datos recopilados tienen como finalidades: la gesti\u00f3n de permisos para el env\u00edo de comunicaciones sobre noticias, actividades, premios y pr\u00f3ximos eventos v\u00eda correo electr\u00f3nico, WhatsApp o SMS; la gesti\u00f3n de registros; la gesti\u00f3n de inscripciones en las Dark Sky Party Alqueva; la gesti\u00f3n de inscripciones en actividades, hoteles y restauraci\u00f3n; y la gesti\u00f3n de preferencias.<\/p>\n&nbsp;\n<p>La direcci\u00f3n de correo electr\u00f3nico que los usuarios proporcionan puede ser utilizada para el env\u00edo de informaci\u00f3n, para responder a consultas realizadas y\/o para enviar otros avisos o solicitudes.<\/p>\n&nbsp;\n<h3 style=\"color: #fff;\">ENLACES A SITIOS DE TERCEROS<\/h3>\n<p>Dark Sky Alqueva dispone de enlaces a otros sitios web que, desde nuestro punto de vista, pueden contener informaci\u00f3n o herramientas \u00fatiles para nuestros usuarios. Nuestra pol\u00edtica de privacidad no se aplica a sitios de terceros, por lo que, si el usuario visita otro sitio desde el nuestro, deber\u00e1 leer la pol\u00edtica de privacidad correspondiente. No nos responsabilizamos de la pol\u00edtica de privacidad ni del contenido presente en dichos sitios.  <\/p>\n&nbsp;\n<h3 style=\"color: #fff;\">SUSCRIPCI\u00d3N AL BOLET\u00cdN Y COMPARTICI\u00d3N DE INFORMACI\u00d3N PERSONAL<\/h3>\n<p>Dark Sky Alqueva permite la suscripci\u00f3n en l\u00ednea a su bolet\u00edn informativo. Si el usuario no desea recibir m\u00e1s el bolet\u00edn, basta con seguir las instrucciones de \u201cdarse de baja\u201d que se encuentran al final de cada correo electr\u00f3nico. Nuestra pol\u00edtica de env\u00edo de correos electr\u00f3nicos no permite compartir, vender, intercambiar ni autorizar que otras entidades utilicen cualquier informaci\u00f3n personal de nuestros usuarios\/participantes con fines comerciales. Se except\u00faan de esta restricci\u00f3n los socios principales que se encuentran en primeiraluz.pt\/projecto.   <\/p>\n&nbsp;\n<p>Dark Sky Alqueva comparte la direcci\u00f3n de correo electr\u00f3nico (y solo esta) de todos los suscriptores de nuestro bolet\u00edn con los socios principales, quienes pueden utilizarla para enviar informaci\u00f3n sobre sus actividades.<\/p>\n<p>Al introducir su nombre y correo electr\u00f3nico en el formulario de suscripci\u00f3n de nuestro bolet\u00edn disponible en este sitio, usted otorga su permiso para que compartamos esa informaci\u00f3n \u00fanicamente con nuestros socios principales.<\/p>\n&nbsp;\n<h3 style=\"color: #fff;\">SUS DERECHOS<\/h3>\n<p>Como titulares de los datos personales, se garantiza a los clientes de Dark Sky Alqueva, en cualquier momento, el derecho de acceso, rectificaci\u00f3n, actualizaci\u00f3n, limitaci\u00f3n y supresi\u00f3n de sus datos personales (salvo aquellos datos que sean indispensables para la prestaci\u00f3n de los servicios por Dark Sky Alqueva, debidamente identificados en el formulario como de suministro obligatorio, o para el cumplimiento de obligaciones legales a las que el responsable del tratamiento est\u00e9 sujeto). Asimismo, tienen derecho a oponerse al uso de sus datos con fines comerciales por parte de Dark Sky Alqueva y a retirar el consentimiento otorgado, sin que ello afecte la legalidad del tratamiento realizado con base en dicho consentimiento, as\u00ed como el derecho a la portabilidad de los datos.<\/p>\n&nbsp;\n<p><strong>Derecho a cancelar comunicaciones de marketing<\/strong><\/p>\n&nbsp;\n<p>Puede ejercer su derecho a cancelar las comunicaciones de marketing de Dark Sky Alqueva de las siguientes formas:<\/p>\n&nbsp;\n<p>(a) siguiendo las instrucciones de cancelaci\u00f3n (opt-out) incluidas en la comunicaci\u00f3n de marketing correspondiente;<\/p>\n\n<p>(b) contact\u00e1ndonos.<\/p>\n&nbsp;\n<p>Cabe se\u00f1alar que, incluso despu\u00e9s de cancelar las comunicaciones de marketing, podr\u00e1 seguir recibiendo comunicaciones administrativas de Dark Sky Alqueva, tales como confirmaciones de inscripci\u00f3n y notificaciones relacionadas con sus actividades con Dark Sky Alqueva.<\/p>\n&nbsp;\n<p><strong>Acceso y rectificaci\u00f3n<\/strong><\/p>\n&nbsp;\n<p>Tiene derecho a solicitar el acceso a sus datos personales, bastando para ello que nos env\u00ede una solicitud con este fin.<\/p>\n&nbsp;\n<p>Tambi\u00e9n tiene derecho a solicitar que Dark Sky Alqueva corrija cualquier inexactitud en sus datos personales. Para ello, p\u00f3ngase en contacto con nosotros. <\/p>\n&nbsp;\n<h3 style=\"color: #fff;\">CONTACTOS<\/h3>\n<p>Para el ejercicio de cualquier derecho o para el esclarecimiento de cuestiones, puede enviar un correo electr\u00f3nico a <a class=\"blink\" href=\"mailto:info@darkskyalqueva.com\">info@darkskyalqueva.com<\/a> con el asunto \u201cRGPD\u201d, el cual ser\u00e1 analizado cuidadosamente y se le dar\u00e1 respuesta si fuera necesario.<\/p>\t\t\t\t\t\t\t\t<\/div>\n\t\t\t\t<\/div>\n\t\t\t\t\t<\/div>\n\t\t\t\t<\/div>\n\t\t\t\t<\/div>\n\t\t\t\t<\/div>\n\t\t","protected":false},"excerpt":{"rendered":"<p>Pol\u00edtica de privacidad T\u00c9RMINOS DE USO DEL SITIO WEB Todo el material contenido en este sitio web est\u00e1 protegido por ley y no puede ser reproducido, distribuido ni transmitido sin el consentimiento por escrito de su(s) autor(es). Cualquier violaci\u00f3n de [&hellip;]<\/p>\n","protected":false},"author":1,"featured_media":0,"parent":0,"menu_order":0,"comment_status":"closed","ping_status":"closed","template":"elementor_header_footer","meta":{"footnotes":""},"class_list":["post-27242","page","type-page","status-publish","hentry"],"_links":{"self":[{"href":"https:\/\/darkskyalqueva.com\/es\/wp-json\/wp\/v2\/pages\/27242","targetHints":{"allow":["GET"]}}],"collection":[{"href":"https:\/\/darkskyalqueva.com\/es\/wp-json\/wp\/v2\/pages"}],"about":[{"href":"https:\/\/darkskyalqueva.com\/es\/wp-json\/wp\/v2\/types\/page"}],"author":[{"embeddable":true,"href":"https:\/\/darkskyalqueva.com\/es\/wp-json\/wp\/v2\/users\/1"}],"replies":[{"embeddable":true,"href":"https:\/\/darkskyalqueva.com\/es\/wp-json\/wp\/v2\/comments?post=27242"}],"version-history":[{"count":1,"href":"https:\/\/darkskyalqueva.com\/es\/wp-json\/wp\/v2\/pages\/27242\/revisions"}],"predecessor-version":[{"id":27243,"href":"https:\/\/darkskyalqueva.com\/es\/wp-json\/wp\/v2\/pages\/27242\/revisions\/27243"}],"wp:attachment":[{"href":"https:\/\/darkskyalqueva.com\/es\/wp-json\/wp\/v2\/media?parent=27242"}],"curies":[{"name":"wp","href":"https:\/\/api.w.org\/{rel}","templated":true}]}}