{"id":27587,"date":"2025-04-03T16:19:54","date_gmt":"2025-04-03T16:19:54","guid":{"rendered":"https:\/\/darkskyalqueva.com\/premios\/"},"modified":"2026-03-23T17:44:28","modified_gmt":"2026-03-23T17:44:28","slug":"premios","status":"publish","type":"page","link":"https:\/\/darkskyalqueva.com\/es\/premios\/","title":{"rendered":"Premios"},"content":{"rendered":"\t\t<div data-elementor-type=\"wp-page\" data-elementor-id=\"27587\" class=\"elementor elementor-27587 elementor-22679\">\n\t\t\t\t<div class=\"elementor-element elementor-element-715cc38 e-con-full e-flex e-con e-parent\" data-id=\"715cc38\" data-element_type=\"container\" data-e-type=\"container\" data-settings=\"{&quot;background_background&quot;:&quot;classic&quot;,&quot;grandtour_ext_is_background_parallax&quot;:&quot;false&quot;,&quot;grandtour_ext_is_background_backdrop&quot;:&quot;false&quot;,&quot;grandtour_ext_is_background_on_scroll&quot;:&quot;false&quot;,&quot;grandtour_ext_link_sidemenu&quot;:&quot;false&quot;,&quot;grandtour_ext_link_fullmenu&quot;:&quot;false&quot;,&quot;grandtour_ext_link_closed_fullmenu&quot;:&quot;false&quot;,&quot;grandtour_ext_is_sticky&quot;:&quot;false&quot;,&quot;grandtour_ext_is_scrollme&quot;:&quot;false&quot;,&quot;grandtour_ext_is_smoove&quot;:&quot;false&quot;,&quot;grandtour_ext_is_parallax_mouse&quot;:&quot;false&quot;,&quot;grandtour_ext_is_infinite&quot;:&quot;false&quot;,&quot;grandtour_ext_is_fadeout_animation&quot;:&quot;false&quot;,&quot;grandtour_ext_mobile_static&quot;:&quot;false&quot;}\">\n\t\t<div class=\"elementor-element elementor-element-dd04c06 e-con-full e-flex e-con e-child\" data-id=\"dd04c06\" data-element_type=\"container\" data-e-type=\"container\" data-settings=\"{&quot;background_background&quot;:&quot;classic&quot;,&quot;grandtour_ext_is_background_parallax&quot;:&quot;false&quot;,&quot;grandtour_ext_is_background_backdrop&quot;:&quot;false&quot;,&quot;grandtour_ext_is_background_on_scroll&quot;:&quot;false&quot;,&quot;grandtour_ext_link_sidemenu&quot;:&quot;false&quot;,&quot;grandtour_ext_link_fullmenu&quot;:&quot;false&quot;,&quot;grandtour_ext_link_closed_fullmenu&quot;:&quot;false&quot;,&quot;grandtour_ext_is_sticky&quot;:&quot;false&quot;,&quot;grandtour_ext_is_scrollme&quot;:&quot;false&quot;,&quot;grandtour_ext_is_smoove&quot;:&quot;false&quot;,&quot;grandtour_ext_is_parallax_mouse&quot;:&quot;false&quot;,&quot;grandtour_ext_is_infinite&quot;:&quot;false&quot;,&quot;grandtour_ext_is_fadeout_animation&quot;:&quot;false&quot;,&quot;grandtour_ext_mobile_static&quot;:&quot;false&quot;}\">\n\t\t\t\t<div class=\"elementor-element elementor-element-cfcad42 elementor-widget elementor-widget-heading\" data-id=\"cfcad42\" data-element_type=\"widget\" data-e-type=\"widget\" data-settings=\"{&quot;grandtour_ext_link_sidemenu&quot;:&quot;false&quot;,&quot;grandtour_ext_link_fullmenu&quot;:&quot;false&quot;,&quot;grandtour_ext_link_closed_fullmenu&quot;:&quot;false&quot;,&quot;grandtour_ext_is_sticky&quot;:&quot;false&quot;,&quot;grandtour_ext_is_scrollme&quot;:&quot;false&quot;,&quot;grandtour_ext_is_smoove&quot;:&quot;false&quot;,&quot;grandtour_ext_is_parallax_mouse&quot;:&quot;false&quot;,&quot;grandtour_ext_is_infinite&quot;:&quot;false&quot;,&quot;grandtour_ext_is_fadeout_animation&quot;:&quot;false&quot;,&quot;grandtour_ext_mobile_static&quot;:&quot;false&quot;}\" data-widget_type=\"heading.default\">\n\t\t\t\t<div class=\"elementor-widget-container\">\n\t\t\t\t\t<h1 class=\"elementor-heading-title elementor-size-default\">Premios<\/h1>\t\t\t\t<\/div>\n\t\t\t\t<\/div>\n\t\t\t\t<\/div>\n\t\t<div class=\"elementor-element elementor-element-14eeb70 e-flex e-con-boxed e-con e-child\" data-id=\"14eeb70\" data-element_type=\"container\" data-e-type=\"container\" data-settings=\"{&quot;grandtour_ext_is_background_parallax&quot;:&quot;false&quot;,&quot;grandtour_ext_is_background_backdrop&quot;:&quot;false&quot;,&quot;grandtour_ext_is_background_on_scroll&quot;:&quot;false&quot;,&quot;grandtour_ext_link_sidemenu&quot;:&quot;false&quot;,&quot;grandtour_ext_link_fullmenu&quot;:&quot;false&quot;,&quot;grandtour_ext_link_closed_fullmenu&quot;:&quot;false&quot;,&quot;grandtour_ext_is_sticky&quot;:&quot;false&quot;,&quot;grandtour_ext_is_scrollme&quot;:&quot;false&quot;,&quot;grandtour_ext_is_smoove&quot;:&quot;false&quot;,&quot;grandtour_ext_is_parallax_mouse&quot;:&quot;false&quot;,&quot;grandtour_ext_is_infinite&quot;:&quot;false&quot;,&quot;grandtour_ext_is_fadeout_animation&quot;:&quot;false&quot;,&quot;grandtour_ext_mobile_static&quot;:&quot;false&quot;}\">\n\t\t\t\t\t<div class=\"e-con-inner\">\n\t\t\t\t<div class=\"elementor-element elementor-element-b97744e elementor-widget elementor-widget-heading\" data-id=\"b97744e\" data-element_type=\"widget\" data-e-type=\"widget\" data-settings=\"{&quot;grandtour_ext_link_sidemenu&quot;:&quot;false&quot;,&quot;grandtour_ext_link_fullmenu&quot;:&quot;false&quot;,&quot;grandtour_ext_link_closed_fullmenu&quot;:&quot;false&quot;,&quot;grandtour_ext_is_sticky&quot;:&quot;false&quot;,&quot;grandtour_ext_is_scrollme&quot;:&quot;false&quot;,&quot;grandtour_ext_is_smoove&quot;:&quot;false&quot;,&quot;grandtour_ext_is_parallax_mouse&quot;:&quot;false&quot;,&quot;grandtour_ext_is_infinite&quot;:&quot;false&quot;,&quot;grandtour_ext_is_fadeout_animation&quot;:&quot;false&quot;,&quot;grandtour_ext_mobile_static&quot;:&quot;false&quot;}\" data-widget_type=\"heading.default\">\n\t\t\t\t<div class=\"elementor-widget-container\">\n\t\t\t\t\t<h2 class=\"elementor-heading-title elementor-size-default\">Dark Sky\u00ae Alqueva, Un Cielo que se Ha Convertido en Referente Mundial<\/h2>\t\t\t\t<\/div>\n\t\t\t\t<\/div>\n\t\t\t\t<div class=\"elementor-element elementor-element-75c4271 elementor-widget elementor-widget-image\" data-id=\"75c4271\" data-element_type=\"widget\" data-e-type=\"widget\" data-settings=\"{&quot;grandtour_image_is_animation&quot;:&quot;false&quot;,&quot;grandtour_ext_link_sidemenu&quot;:&quot;false&quot;,&quot;grandtour_ext_link_fullmenu&quot;:&quot;false&quot;,&quot;grandtour_ext_link_closed_fullmenu&quot;:&quot;false&quot;,&quot;grandtour_ext_is_sticky&quot;:&quot;false&quot;,&quot;grandtour_ext_is_scrollme&quot;:&quot;false&quot;,&quot;grandtour_ext_is_smoove&quot;:&quot;false&quot;,&quot;grandtour_ext_is_parallax_mouse&quot;:&quot;false&quot;,&quot;grandtour_ext_is_infinite&quot;:&quot;false&quot;,&quot;grandtour_ext_is_fadeout_animation&quot;:&quot;false&quot;,&quot;grandtour_ext_mobile_static&quot;:&quot;false&quot;}\" data-widget_type=\"image.default\">\n\t\t\t\t<div class=\"elementor-widget-container\">\n\t\t\t\t\t\t\t\t\t\t\t\t\t\t\t<img fetchpriority=\"high\" decoding=\"async\" width=\"801\" height=\"227\" src=\"https:\/\/darkskyalqueva.com\/wp-content\/uploads\/2026\/03\/Logos_web.png\" class=\"attachment-large size-large wp-image-27659\" alt=\"\" \/>\t\t\t\t\t\t\t\t\t\t\t\t\t\t\t<\/div>\n\t\t\t\t<\/div>\n\t\t\t\t<div class=\"elementor-element elementor-element-e70b8b8 elementor-widget elementor-widget-text-editor\" data-id=\"e70b8b8\" data-element_type=\"widget\" data-e-type=\"widget\" data-settings=\"{&quot;grandtour_ext_link_sidemenu&quot;:&quot;false&quot;,&quot;grandtour_ext_link_fullmenu&quot;:&quot;false&quot;,&quot;grandtour_ext_link_closed_fullmenu&quot;:&quot;false&quot;,&quot;grandtour_ext_is_sticky&quot;:&quot;false&quot;,&quot;grandtour_ext_is_scrollme&quot;:&quot;false&quot;,&quot;grandtour_ext_is_smoove&quot;:&quot;false&quot;,&quot;grandtour_ext_is_parallax_mouse&quot;:&quot;false&quot;,&quot;grandtour_ext_is_infinite&quot;:&quot;false&quot;,&quot;grandtour_ext_is_fadeout_animation&quot;:&quot;false&quot;,&quot;grandtour_ext_mobile_static&quot;:&quot;false&quot;}\" data-widget_type=\"text-editor.default\">\n\t\t\t\t<div class=\"elementor-widget-container\">\n\t\t\t\t\t\t\t\t\t<p class=\"p2\">Hay territorios que destacan por su paisaje. Otros, por su historia.\nDark Sky\u00ae Alqueva se distingue por algo m\u00e1s raro: la capacidad de transformar el cielo nocturno en un activo tur\u00edstico de excelencia, reconocido a escala global. <\/p>\n<p class=\"p2\">El recorrido comienza con un hito estructurante, la distinci\u00f3n otorgada por UN Tourism en 2013, que posicion\u00f3 Alqueva como un ejemplo internacional de turismo sostenible en medio rural. Este reconocimiento no solo valid\u00f3 una visi\u00f3n pionera, sino que tambi\u00e9n abri\u00f3 el camino para la consolidaci\u00f3n de un destino donde la ciencia, la naturaleza y la autenticidad se cruzan de forma \u00fanica. <\/p>\n<p class=\"p2\">A partir de ese momento, el crecimiento ha sido sostenido y consistente. Dark Sky\u00ae Alqueva ha sido distinguido de forma continua en los escenarios internacionales m\u00e1s prestigiosos, con especial destaque para los World Travel Awards, ampliamente reconocidos como los \u201c\u00d3scar del Turismo\u201d. <\/p>\n<p class=\"p2\">Hasta diciembre de 2025, el destino ha acumulado m\u00e1s de 60 premios internacionales, de los cuales <strong><span style=\"text-decoration: underline;\"><a class=\"blink\" href=\"https:\/\/www.worldtravelawards.com\/profile-37357-dark-sky-alqueva\" target=\"_blank\" rel=\"noopener\">diecis\u00e9is<\/a><\/span><\/strong> han sido otorgados por los World Travel Awards, consolidando una posici\u00f3n de liderazgo global. En los \u00faltimos a\u00f1os, las distinciones de 2024 y 2025 han reforzado este estatus, reconociendo a Dark Sky\u00ae Alqueva en las categor\u00edas internacionales m\u00e1s relevantes vinculadas al turismo sostenible, al turismo responsable y a las experiencias innovadoras, en un contexto cada vez m\u00e1s competitivo a escala mundial. <\/p>\n<p class=\"p2\">Paralelamente, este recorrido se ha visto enriquecido por reconocimientos en el \u00e1mbito del turismo de lujo. Los Luxury Travel Awards han reforzado el posicionamiento del destino en el segmento premium, destacando la calidad, el detalle y la exclusividad de las experiencias ofrecidas bajo uno de los cielos m\u00e1s puros de Europa. <\/p>\n<p class=\"p2\">En el \u00e1mbito de la sostenibilidad, los Green Awards han reconocido el compromiso continuo con pr\u00e1cticas responsables y con la preservaci\u00f3n del territorio, subrayando el equilibrio entre el desarrollo tur\u00edstico y el respeto por el paisaje y las comunidades locales.<\/p>\n<p class=\"p2\">A nivel empresarial e institucional, el reconocimiento se ha extendido tambi\u00e9n a los premios otorgados por la World Confederation of Businesses (WORLDCOB), con distinciones como The Bizz y, m\u00e1s recientemente, Be a Legend 2025. Estos premios evidencian no solo la calidad de la oferta tur\u00edstica, sino tambi\u00e9n la solidez del proyecto como modelo de gesti\u00f3n, innovaci\u00f3n e impacto internacional. <\/p>\n<p class=\"p2\">Cabe subrayar adem\u00e1s que cada uno de estos premios y distinciones representa, para Dark Sky\u00ae Alqueva, no solo un honor, sino sobre todo una responsabilidad a\u00f1adida. Una responsabilidad asumida por la creadora de Dark Sky\u00ae Alqueva, por su Astrofot\u00f3grafo Oficial y por el Equipo del Observatorio, que garantizan diariamente la calidad, el rigor y la autenticidad de la experiencia. Esta responsabilidad se extiende igualmente a la Red Oficial de Socios, cuya excelencia en los \u00e1mbitos del alojamiento, la restauraci\u00f3n, el comercio y las actividades de turismo activo contribuye de forma decisiva a la consistencia y al reconocimiento internacional del destino.  <\/p>\n<p class=\"p2\">M\u00e1s que una sucesi\u00f3n de distinciones, este recorrido refleja la afirmaci\u00f3n de una visi\u00f3n clara, estrat\u00e9gica y sostenida en el largo plazo: la capacidad de interpretar el cielo nocturno como un recurso esencial y altamente diferenciador, anticipando su potencial tur\u00edstico, cient\u00edfico y territorial mucho antes de que fuera ampliamente reconocido. Fue esta visi\u00f3n, unida a una planificaci\u00f3n consistente, a la implementaci\u00f3n sobre el terreno y a la capacidad de ver m\u00e1s all\u00e1, la que permiti\u00f3 transformar el cielo en un activo estructurante, creando una oferta accesible, educativa y profundamente inspiradora, con impacto real y valor a\u00f1adido a m\u00faltiples niveles. <\/p>\n<p class=\"p2\">Hoy, Dark Sky\u00ae Alqueva se consolida como uno de los destinos de astroturismo m\u00e1s relevantes del mundo, un lugar donde la excelencia no es puntual, sino construida a lo largo del tiempo, premio tras premio, experiencia tras experiencia.<\/p>\n<p class=\"p2\">Y, bajo este cielo, cada estrella sigue contando la misma historia: la de un territorio que encontr\u00f3 en la oscuridad su mayor luz.<\/p>\t\t\t\t\t\t\t\t<\/div>\n\t\t\t\t<\/div>\n\t\t\t\t<div class=\"elementor-element elementor-element-4424463 elementor-widget elementor-widget-grandtour-blog-posts\" data-id=\"4424463\" data-element_type=\"widget\" data-e-type=\"widget\" data-settings=\"{&quot;grandtour_ext_link_sidemenu&quot;:&quot;false&quot;,&quot;grandtour_ext_link_fullmenu&quot;:&quot;false&quot;,&quot;grandtour_ext_link_closed_fullmenu&quot;:&quot;false&quot;,&quot;grandtour_ext_is_sticky&quot;:&quot;false&quot;,&quot;grandtour_ext_is_scrollme&quot;:&quot;false&quot;,&quot;grandtour_ext_is_smoove&quot;:&quot;false&quot;,&quot;grandtour_ext_is_parallax_mouse&quot;:&quot;false&quot;,&quot;grandtour_ext_is_infinite&quot;:&quot;false&quot;,&quot;grandtour_ext_is_fadeout_animation&quot;:&quot;false&quot;,&quot;grandtour_ext_mobile_static&quot;:&quot;false&quot;}\" data-widget_type=\"grandtour-blog-posts.default\">\n\t\t\t\t<div class=\"elementor-widget-container\">\n\t\t\t\t\t<div class=\"blog-post-content-wrapper layout-grid\">\n<\/div>\n<br class=\"clear\"\/>\t\t\t\t<\/div>\n\t\t\t\t<\/div>\n\t\t\t\t\t<\/div>\n\t\t\t\t<\/div>\n\t\t\t\t<\/div>\n\t\t\t\t<\/div>\n\t\t","protected":false},"excerpt":{"rendered":"<p>Premios Dark Sky\u00ae Alqueva, Un Cielo que se Ha Convertido en Referente Mundial Hay territorios que destacan por su paisaje. Otros, por su historia. Dark Sky\u00ae Alqueva se distingue por algo m\u00e1s raro: la capacidad de transformar el cielo nocturno [&hellip;]<\/p>\n","protected":false},"author":1,"featured_media":0,"parent":0,"menu_order":0,"comment_status":"closed","ping_status":"closed","template":"elementor_header_footer","meta":{"footnotes":""},"class_list":["post-27587","page","type-page","status-publish","hentry"],"_links":{"self":[{"href":"https:\/\/darkskyalqueva.com\/es\/wp-json\/wp\/v2\/pages\/27587","targetHints":{"allow":["GET"]}}],"collection":[{"href":"https:\/\/darkskyalqueva.com\/es\/wp-json\/wp\/v2\/pages"}],"about":[{"href":"https:\/\/darkskyalqueva.com\/es\/wp-json\/wp\/v2\/types\/page"}],"author":[{"embeddable":true,"href":"https:\/\/darkskyalqueva.com\/es\/wp-json\/wp\/v2\/users\/1"}],"replies":[{"embeddable":true,"href":"https:\/\/darkskyalqueva.com\/es\/wp-json\/wp\/v2\/comments?post=27587"}],"version-history":[{"count":6,"href":"https:\/\/darkskyalqueva.com\/es\/wp-json\/wp\/v2\/pages\/27587\/revisions"}],"predecessor-version":[{"id":27667,"href":"https:\/\/darkskyalqueva.com\/es\/wp-json\/wp\/v2\/pages\/27587\/revisions\/27667"}],"wp:attachment":[{"href":"https:\/\/darkskyalqueva.com\/es\/wp-json\/wp\/v2\/media?parent=27587"}],"curies":[{"name":"wp","href":"https:\/\/api.w.org\/{rel}","templated":true}]}}